{"id":14674,"date":"2024-03-14T14:06:51","date_gmt":"2024-03-14T13:06:51","guid":{"rendered":"http:\/\/delikatesy.wineport.pl\/?product=wino-bajka-b-w-075l"},"modified":"2026-05-10T19:17:21","modified_gmt":"2026-05-10T17:17:21","slug":"wino-bajka-b-w-075l","status":"publish","type":"product","link":"http:\/\/delikatesy.wineport.pl\/?product=wino-bajka-b-w-075l","title":{"rendered":"Wino Bajka b\/w 0,75L"},"content":{"rendered":"<p><span style=\"color: #ff0000;\">UWAGA!!! NIE WYSY\u0141AMY ALKOHOLU W PRZYPADKU ZAM\u00d3WIE\u0143 OD OS\u00d3B PRYWATNYCH, TYLKO ODBI\u00d3R OSOBISTY NA UL. \u015aW. STANIS\u0141AWA 12 W WARSZAWIE!!! W przypadku op\u0142acenia zam\u00f3wienia alkoholu z wysy\u0142k\u0105, przy zwrocie pieni\u0119dzy zostanie potr\u0105cona prowizja dotpay!<\/span><\/p>\n<p>Wino bia\u0142e \u201eBajka\u201d 2016 to kupa\u017c dw\u00f3ch bardzo aromatycznych odmian &#8211; Solaris oraz Johanniter. Zamys\u0142 stworzenia pe\u0142nego strukturalnie i aromatycznego wina, kt\u00f3re trafi w gusta naszych klient\u00f3w, powsta\u0142 w czasie zbierania owoc\u00f3w. Gruszkowo-brzoskwiniowe aromaty szczepu Solaris \u015bwietnie uzupe\u0142nia kwiatowy Johanniter. Delikatnie wyczuwalny cukier resztkowy nadaje winu kremowego i aksamitnego smaku. Doskona\u0142e do lekkich da\u0144 oraz owoc\u00f3w morza<\/p>\n","protected":false},"excerpt":{"rendered":"<p>Wino bia\u0142e \u201eBajka\u201d 2016 to kupa\u017c dw\u00f3ch bardzo aromatycznych odmian &#8211; Solaris oraz Johanniter. Zamys\u0142 stworzenia pe\u0142nego strukturalnie i aromatycznego wina, kt\u00f3re trafi w gusta naszych klient\u00f3w, powsta\u0142 w czasie zbierania owoc\u00f3w. Gruszkowo-brzoskwiniowe aromaty szczepu Solaris \u015bwietnie uzupe\u0142nia kwiatowy Johanniter. Delikatnie wyczuwalny cukier resztkowy nadaje winu kremowego i aksamitnego smaku. Doskona\u0142e do lekkich da\u0144 oraz owoc\u00f3w morza<\/p>\n","protected":false},"featured_media":14673,"comment_status":"open","ping_status":"closed","template":"","meta":[],"product_cat":[242,80],"product_tag":[],"class_list":{"0":"post-14674","1":"product","2":"type-product","3":"status-publish","4":"has-post-thumbnail","6":"product_cat-polska","7":"product_cat-wina-swiata","9":"first","10":"instock","11":"shipping-taxable","12":"purchasable","13":"product-type-simple"},"_links":{"self":[{"href":"http:\/\/delikatesy.wineport.pl\/index.php?rest_route=\/wp\/v2\/product\/14674","targetHints":{"allow":["GET"]}}],"collection":[{"href":"http:\/\/delikatesy.wineport.pl\/index.php?rest_route=\/wp\/v2\/product"}],"about":[{"href":"http:\/\/delikatesy.wineport.pl\/index.php?rest_route=\/wp\/v2\/types\/product"}],"replies":[{"embeddable":true,"href":"http:\/\/delikatesy.wineport.pl\/index.php?rest_route=%2Fwp%2Fv2%2Fcomments&post=14674"}],"wp:featuredmedia":[{"embeddable":true,"href":"http:\/\/delikatesy.wineport.pl\/index.php?rest_route=\/wp\/v2\/media\/14673"}],"wp:attachment":[{"href":"http:\/\/delikatesy.wineport.pl\/index.php?rest_route=%2Fwp%2Fv2%2Fmedia&parent=14674"}],"wp:term":[{"taxonomy":"product_cat","embeddable":true,"href":"http:\/\/delikatesy.wineport.pl\/index.php?rest_route=%2Fwp%2Fv2%2Fproduct_cat&post=14674"},{"taxonomy":"product_tag","embeddable":true,"href":"http:\/\/delikatesy.wineport.pl\/index.php?rest_route=%2Fwp%2Fv2%2Fproduct_tag&post=14674"}],"curies":[{"name":"wp","href":"https:\/\/api.w.org\/{rel}","templated":true}]}}