{"id":14676,"date":"2024-03-14T14:06:52","date_gmt":"2024-03-14T13:06:52","guid":{"rendered":"http:\/\/delikatesy.wineport.pl\/?product=wino-ballada-b-w-075l"},"modified":"2026-05-10T19:17:21","modified_gmt":"2026-05-10T17:17:21","slug":"wino-ballada-b-w-075l","status":"publish","type":"product","link":"http:\/\/delikatesy.wineport.pl\/?product=wino-ballada-b-w-075l","title":{"rendered":"Wino Ballada b\/w 0,75L"},"content":{"rendered":"<p><span style=\"color: #ff0000;\">UWAGA!!! NIE WYSY\u0141AMY ALKOHOLU W PRZYPADKU ZAM\u00d3WIE\u0143 OD OS\u00d3B PRYWATNYCH, TYLKO ODBI\u00d3R OSOBISTY NA UL. \u015aW. STANIS\u0141AWA 12 W WARSZAWIE!!! W przypadku op\u0142acenia zam\u00f3wienia alkoholu z wysy\u0142k\u0105, przy zwrocie pieni\u0119dzy zostanie potr\u0105cona prowizja dotpay!<\/span><\/p>\n<p>Wino bia\u0142e \u201eBallada\u201d 2016 to kupa\u017c trzech odmian &#8211; Seyval Blanc, Hibernal oraz Aurora. Po\u0142\u0105czenie tych trzech starszych szczep\u00f3w, kt\u00f3re uprawniamy na naszej winnicy od samego pocz\u0105tku jest efektem wieloletnich obserwacji. Zbli\u017cony potencja\u0142 odmian owoc\u00f3w oraz niepowtarzalne aromaty sk\u0142oni\u0142y nas do dokonania kupa\u017cu tu\u017c po zako\u0144czeniu fermentacji. Wytrawny, delikatny w swojej strukturze smak wina jest \u015bwietnym dope\u0142nianiem da\u0144 opartych na drobiu i rybach. Odpowiednik \u201eBajki\u201d o bardziej wyrazistym smaku.<\/p>\n<p>Szczepy: Seyval Blanc, Hibernal, Aurora Alkohol: 11,4% Kwasowo\u015b\u0107: 6,6 g\/l Cukier: 3,3 g\/l Podawa\u0107: 8-10\u00b0C<\/p>\n","protected":false},"excerpt":{"rendered":"<p>Wino bia\u0142e \u201eBallada\u201d 2016 to kupa\u017c trzech odmian &#8211; Seyval Blanc, Hibernal oraz Aurora. Po\u0142\u0105czenie tych trzech starszych szczep\u00f3w, kt\u00f3re uprawniamy na naszej winnicy od samego pocz\u0105tku jest efektem wieloletnich obserwacji. Zbli\u017cony potencja\u0142 odmian owoc\u00f3w oraz niepowtarzalne aromaty sk\u0142oni\u0142y nas do dokonania kupa\u017cu tu\u017c po zako\u0144czeniu fermentacji. Wytrawny, delikatny w swojej strukturze smak wina jest \u015bwietnym dope\u0142nianiem da\u0144 opartych na drobiu i rybach. Odpowiednik \u201eBajki\u201d o bardziej wyrazistym smaku.<\/p>\n<p>\u00a0<\/p>\n<p>Szczepy: Seyval Blanc, Hibernal, Aurora Alkohol: 11,4% Kwasowo\u015b\u0107: 6,6 g\/l Cukier: 3,3 g\/l Podawa\u0107: 8-10\u00b0C<\/p>\n","protected":false},"featured_media":14675,"comment_status":"open","ping_status":"closed","template":"","meta":[],"product_cat":[242,80],"product_tag":[],"class_list":{"0":"post-14676","1":"product","2":"type-product","3":"status-publish","4":"has-post-thumbnail","6":"product_cat-polska","7":"product_cat-wina-swiata","9":"first","10":"instock","11":"shipping-taxable","12":"purchasable","13":"product-type-simple"},"_links":{"self":[{"href":"http:\/\/delikatesy.wineport.pl\/index.php?rest_route=\/wp\/v2\/product\/14676","targetHints":{"allow":["GET"]}}],"collection":[{"href":"http:\/\/delikatesy.wineport.pl\/index.php?rest_route=\/wp\/v2\/product"}],"about":[{"href":"http:\/\/delikatesy.wineport.pl\/index.php?rest_route=\/wp\/v2\/types\/product"}],"replies":[{"embeddable":true,"href":"http:\/\/delikatesy.wineport.pl\/index.php?rest_route=%2Fwp%2Fv2%2Fcomments&post=14676"}],"wp:featuredmedia":[{"embeddable":true,"href":"http:\/\/delikatesy.wineport.pl\/index.php?rest_route=\/wp\/v2\/media\/14675"}],"wp:attachment":[{"href":"http:\/\/delikatesy.wineport.pl\/index.php?rest_route=%2Fwp%2Fv2%2Fmedia&parent=14676"}],"wp:term":[{"taxonomy":"product_cat","embeddable":true,"href":"http:\/\/delikatesy.wineport.pl\/index.php?rest_route=%2Fwp%2Fv2%2Fproduct_cat&post=14676"},{"taxonomy":"product_tag","embeddable":true,"href":"http:\/\/delikatesy.wineport.pl\/index.php?rest_route=%2Fwp%2Fv2%2Fproduct_tag&post=14676"}],"curies":[{"name":"wp","href":"https:\/\/api.w.org\/{rel}","templated":true}]}}