{"id":14678,"date":"2024-03-14T14:06:52","date_gmt":"2024-03-14T13:06:52","guid":{"rendered":"http:\/\/delikatesy.wineport.pl\/?product=wino-cuvee-b-w-075l"},"modified":"2026-05-10T19:17:21","modified_gmt":"2026-05-10T17:17:21","slug":"wino-cuvee-b-w-075l","status":"publish","type":"product","link":"http:\/\/delikatesy.wineport.pl\/?product=wino-cuvee-b-w-075l","title":{"rendered":"Wino Cuv\u00e9e b\/w 0,75L"},"content":{"rendered":"<p><span style=\"color: #ff0000;\">UWAGA!!! NIE WYSY\u0141AMY ALKOHOLU W PRZYPADKU ZAM\u00d3WIE\u0143 OD OS\u00d3B PRYWATNYCH, TYLKO ODBI\u00d3R OSOBISTY NA UL. \u015aW. STANIS\u0141AWA 12 W WARSZAWIE!!! W przypadku op\u0142acenia zam\u00f3wienia alkoholu z wysy\u0142k\u0105, przy zwrocie pieni\u0119dzy zostanie potr\u0105cona prowizja dotpay!<\/span><\/p>\n<p>Bia\u0142e Cuv\u00e9e 2015 to wino o \u017c\u00f3\u0142tym, s\u0142omkowym kolorze. Zawieraj\u0105ce aromaty \u015bwie\u017cych jab\u0142ek po\u0142\u0105czone z nutami bia\u0142ych kwiat\u00f3w jab\u0142oni i orzecha w\u0142oskiego to nasza propozycja na aperitif. Wino o wysokiej kwasowo\u015bci, umiej\u0119tnie zbalansowane cukrem resztkowym na poziomie 5 g\/l. Zalecamy sch\u0142odzenie wina do temperatury ok 8-10 stopni Celsjusza. Wino doskonale pasuje do letnich sezonowych da\u0144 kuchni polskiej, regionalnych ser\u00f3w i przek\u0105sek.<\/p>\n","protected":false},"excerpt":{"rendered":"<p>Bia\u0142e Cuv\u00e9e 2015 to wino o \u017c\u00f3\u0142tym, s\u0142omkowym kolorze. Zawieraj\u0105ce aromaty \u015bwie\u017cych jab\u0142ek po\u0142\u0105czone z nutami bia\u0142ych kwiat\u00f3w jab\u0142oni i orzecha w\u0142oskiego to nasza propozycja na aperitif. Wino o wysokiej kwasowo\u015bci, umiej\u0119tnie zbalansowane cukrem resztkowym na poziomie 5 g\/l. Zalecamy sch\u0142odzenie wina do temperatury ok 8-10 stopni Celsjusza. Wino doskonale pasuje do letnich sezonowych da\u0144 kuchni polskiej, regionalnych ser\u00f3w i przek\u0105sek.<\/p>\n","protected":false},"featured_media":14677,"comment_status":"open","ping_status":"closed","template":"","meta":[],"product_cat":[242,80],"product_tag":[],"class_list":{"0":"post-14678","1":"product","2":"type-product","3":"status-publish","4":"has-post-thumbnail","6":"product_cat-polska","7":"product_cat-wina-swiata","9":"first","10":"instock","11":"shipping-taxable","12":"purchasable","13":"product-type-simple"},"_links":{"self":[{"href":"http:\/\/delikatesy.wineport.pl\/index.php?rest_route=\/wp\/v2\/product\/14678","targetHints":{"allow":["GET"]}}],"collection":[{"href":"http:\/\/delikatesy.wineport.pl\/index.php?rest_route=\/wp\/v2\/product"}],"about":[{"href":"http:\/\/delikatesy.wineport.pl\/index.php?rest_route=\/wp\/v2\/types\/product"}],"replies":[{"embeddable":true,"href":"http:\/\/delikatesy.wineport.pl\/index.php?rest_route=%2Fwp%2Fv2%2Fcomments&post=14678"}],"wp:featuredmedia":[{"embeddable":true,"href":"http:\/\/delikatesy.wineport.pl\/index.php?rest_route=\/wp\/v2\/media\/14677"}],"wp:attachment":[{"href":"http:\/\/delikatesy.wineport.pl\/index.php?rest_route=%2Fwp%2Fv2%2Fmedia&parent=14678"}],"wp:term":[{"taxonomy":"product_cat","embeddable":true,"href":"http:\/\/delikatesy.wineport.pl\/index.php?rest_route=%2Fwp%2Fv2%2Fproduct_cat&post=14678"},{"taxonomy":"product_tag","embeddable":true,"href":"http:\/\/delikatesy.wineport.pl\/index.php?rest_route=%2Fwp%2Fv2%2Fproduct_tag&post=14678"}],"curies":[{"name":"wp","href":"https:\/\/api.w.org\/{rel}","templated":true}]}}