{"id":14682,"date":"2024-03-14T14:06:55","date_gmt":"2024-03-14T13:06:55","guid":{"rendered":"http:\/\/delikatesy.wineport.pl\/?product=wino-cz-ps-poemat-075l"},"modified":"2026-05-10T19:17:21","modified_gmt":"2026-05-10T17:17:21","slug":"wino-cz-ps-poemat-075l","status":"publish","type":"product","link":"http:\/\/delikatesy.wineport.pl\/?product=wino-cz-ps-poemat-075l","title":{"rendered":"Wino cz\/ps Poemat 0,75L"},"content":{"rendered":"<p style=\"font-size: 12px; font-family: &quot;;\"><span style=\"font-size: 12pt; font-family: arial, helvetica, sans-serif; color: #ff0000;\">UWAGA!!! NIE WYSY\u0141AMY ALKOHOLU W PRZYPADKU ZAM\u00d3WIE\u0143 OD OS\u00d3B PRYWATNYCH, TYLKO ODBI\u00d3R OSOBISTY NA UL. \u015aW. STANIS\u0141AWA 12 W WARSZAWIE!!! W przypadku op\u0142acenia zam\u00f3wienia alkoholu z wysy\u0142k\u0105, przy zwrocie pieni\u0119dzy zostanie potr\u0105cona prowizja dotpay!<\/span><\/p>\n<p style=\"font-size: 12px; font-family: &quot;;\">\u00a0<\/p>\n<p style=\"font-size: 12px; font-family: &quot;;\"><span style=\"font-size: 12pt;\">&#8220;Poemat&#8221; 2016 &#8211; wino czerwone p\u00f3\u0142s\u0142odkie<\/span><\/p>\n<p style=\"font-size: 12px; font-family: &quot;;\"><span style=\"font-size: 12pt;\">Intensywny smak tego mocno zbudowanego wina daje i\u015bcie podnios\u0142e doznania, kt\u00f3re na d\u0142ugo pozostaj\u0105 na podniebieniu.<\/span><\/p>\n<p style=\"font-size: 12px; font-family: &quot;;\"><span style=\"font-size: 12pt;\">Wino czerwone p\u00f3\u0142s\u0142odkie \u201ePoemat\u201d 2016 powsta\u0142o ze szczepu Frontenac. To niesamowicie z\u0142o\u017cone wino doskonale \u0142\u0105czy delikatn\u0105 s\u0142odycz z wyr\u00f3\u017cniaj\u0105c\u0105 si\u0119 \u015bwie\u017co\u015bci\u0105.\u00a0Aromaty je\u017cyn, jagody kamczackiej i karmelu dominuj\u0105 w kieliszku, aby nast\u0119pnie zostawi\u0107 wi\u015bniowo-landrynkowy posmak na podniebieniu. Smak balansuje palone siano.<\/span><\/p>\n<p style=\"font-size: 12px; font-family: &quot;;\"><span style=\"font-size: 12pt;\">Rewelacyjnie komponuje si\u0119 z serami, dojrzewaj\u0105cymi w\u0119dlinami oraz dziczyzn\u0105. Doskona\u0142a propozycja na zimowe wieczory.<\/span><\/p>\n","protected":false},"excerpt":{"rendered":"<p style=\"font-size: 12px; font-family: &quot;;\">&#8220;Poemat&#8221; 2016 &#8211; wino czerwone p\u00f3\u0142s\u0142odkie<\/p>\n<p style=\"font-size: 12px; font-family: &quot;;\">Intensywny smak tego mocno zbudowanego wina daje i\u015bcie podnios\u0142e doznania, kt\u00f3re na d\u0142ugo pozostaj\u0105 na podniebieniu.<\/p>\n<p style=\"font-size: 12px; font-family: &quot;;\">Wino czerwone p\u00f3\u0142s\u0142odkie \u201ePoemat\u201d 2016 powsta\u0142o ze szczepu Frontenac. To niesamowicie z\u0142o\u017cone wino doskonale \u0142\u0105czy delikatn\u0105 s\u0142odycz z wyr\u00f3\u017cniaj\u0105c\u0105 si\u0119 \u015bwie\u017co\u015bci\u0105.\u00a0Aromaty je\u017cyn, jagody kamczackiej i karmelu dominuj\u0105 w kieliszku, aby nast\u0119pnie zostawi\u0107 wi\u015bniowo-landrynkowy posmak na podniebieniu. Smak balansuje palone siano.<\/p>\n<p style=\"font-size: 12px; font-family: &quot;;\">Rewelacyjnie komponuje si\u0119 z serami, dojrzewaj\u0105cymi w\u0119dlinami oraz dziczyzn\u0105. Doskona\u0142a propozycja na zimowe wieczory.<\/p>\n","protected":false},"featured_media":14681,"comment_status":"open","ping_status":"closed","template":"","meta":[],"product_cat":[242,80],"product_tag":[],"class_list":{"0":"post-14682","1":"product","2":"type-product","3":"status-publish","4":"has-post-thumbnail","6":"product_cat-polska","7":"product_cat-wina-swiata","9":"first","10":"instock","11":"shipping-taxable","12":"purchasable","13":"product-type-simple"},"_links":{"self":[{"href":"http:\/\/delikatesy.wineport.pl\/index.php?rest_route=\/wp\/v2\/product\/14682","targetHints":{"allow":["GET"]}}],"collection":[{"href":"http:\/\/delikatesy.wineport.pl\/index.php?rest_route=\/wp\/v2\/product"}],"about":[{"href":"http:\/\/delikatesy.wineport.pl\/index.php?rest_route=\/wp\/v2\/types\/product"}],"replies":[{"embeddable":true,"href":"http:\/\/delikatesy.wineport.pl\/index.php?rest_route=%2Fwp%2Fv2%2Fcomments&post=14682"}],"wp:featuredmedia":[{"embeddable":true,"href":"http:\/\/delikatesy.wineport.pl\/index.php?rest_route=\/wp\/v2\/media\/14681"}],"wp:attachment":[{"href":"http:\/\/delikatesy.wineport.pl\/index.php?rest_route=%2Fwp%2Fv2%2Fmedia&parent=14682"}],"wp:term":[{"taxonomy":"product_cat","embeddable":true,"href":"http:\/\/delikatesy.wineport.pl\/index.php?rest_route=%2Fwp%2Fv2%2Fproduct_cat&post=14682"},{"taxonomy":"product_tag","embeddable":true,"href":"http:\/\/delikatesy.wineport.pl\/index.php?rest_route=%2Fwp%2Fv2%2Fproduct_tag&post=14682"}],"curies":[{"name":"wp","href":"https:\/\/api.w.org\/{rel}","templated":true}]}}