{"id":14684,"date":"2024-03-14T14:06:55","date_gmt":"2024-03-14T13:06:55","guid":{"rendered":"http:\/\/delikatesy.wineport.pl\/?product=wino-rozowe-dworzno-075-l"},"modified":"2026-05-10T19:17:21","modified_gmt":"2026-05-10T17:17:21","slug":"wino-rozowe-dworzno-075-l","status":"publish","type":"product","link":"http:\/\/delikatesy.wineport.pl\/?product=wino-rozowe-dworzno-075-l","title":{"rendered":"Wino r\u00f3\u017cowe Dw\u00f3rzno 0,75 L"},"content":{"rendered":"<p><span style=\"color: #ff0000; font-size: 16px; font-family: arial, helvetica, sans-serif;\">UWAGA!!! NIE WYSY\u0141AMY ALKOHOLU W PRZYPADKU ZAM\u00d3WIE\u0143 OD OS\u00d3B PRYWATNYCH, TYLKO ODBI\u00d3R OSOBISTY NA UL. \u015aW. STANIS\u0141AWA 12 W WARSZAWIE!!! W przypadku op\u0142acenia zam\u00f3wienia alkoholu z wysy\u0142k\u0105, przy zwrocie pieni\u0119dzy zostanie potr\u0105cona prowizja dotpay!<\/span><\/p>\n<p>Wino r\u00f3\u017cowe 2015 to trunek o intensywnym aromacie poziomek, truskawek i malin o mocno r\u00f3\u017cowej barwie i delikatnym w smaku. Lekkie w swojej strukturze, podbite niewielk\u0105 ilo\u015bci\u0105 cukru resztkowego na poziomie 6 g\/l oraz \u015bwietnie zbalansowan\u0105 kwasowo\u015bci\u0105. Sch\u0142odzone do 12 stopni Celsjusza to znakomita propozycja na letnie dni. Doskonale pasuje do wiosenno-letnich nowalijek, ser\u00f3w oraz przek\u0105sek.<\/p>\n<p>Szczepy: Rondo Alkohol: 11,5% Kwasowo\u015b\u0107: 6,5 g\/l Cukier: 6,0 g\/l Podawa\u0107: 8-10\u00b0C<\/p>\n","protected":false},"excerpt":{"rendered":"<p>Wino r\u00f3\u017cowe 2015 to trunek o intensywnym aromacie poziomek, truskawek i malin o mocno r\u00f3\u017cowej barwie i delikatnym w smaku. Lekkie w swojej strukturze, podbite niewielk\u0105 ilo\u015bci\u0105 cukru resztkowego na poziomie 6 g\/l oraz \u015bwietnie zbalansowan\u0105 kwasowo\u015bci\u0105. Sch\u0142odzone do 12 stopni Celsjusza to znakomita propozycja na letnie dni. Doskonale pasuje do wiosenno-letnich nowalijek, ser\u00f3w oraz przek\u0105sek.<\/p>\n<p>Szczepy: Rondo Alkohol: 11,5% Kwasowo\u015b\u0107: 6,5 g\/l Cukier: 6,0 g\/l Podawa\u0107: 8-10\u00b0C<\/p>\n","protected":false},"featured_media":14683,"comment_status":"open","ping_status":"closed","template":"","meta":[],"product_cat":[242,80],"product_tag":[],"class_list":{"0":"post-14684","1":"product","2":"type-product","3":"status-publish","4":"has-post-thumbnail","6":"product_cat-polska","7":"product_cat-wina-swiata","9":"first","10":"instock","11":"shipping-taxable","12":"purchasable","13":"product-type-simple"},"_links":{"self":[{"href":"http:\/\/delikatesy.wineport.pl\/index.php?rest_route=\/wp\/v2\/product\/14684","targetHints":{"allow":["GET"]}}],"collection":[{"href":"http:\/\/delikatesy.wineport.pl\/index.php?rest_route=\/wp\/v2\/product"}],"about":[{"href":"http:\/\/delikatesy.wineport.pl\/index.php?rest_route=\/wp\/v2\/types\/product"}],"replies":[{"embeddable":true,"href":"http:\/\/delikatesy.wineport.pl\/index.php?rest_route=%2Fwp%2Fv2%2Fcomments&post=14684"}],"wp:featuredmedia":[{"embeddable":true,"href":"http:\/\/delikatesy.wineport.pl\/index.php?rest_route=\/wp\/v2\/media\/14683"}],"wp:attachment":[{"href":"http:\/\/delikatesy.wineport.pl\/index.php?rest_route=%2Fwp%2Fv2%2Fmedia&parent=14684"}],"wp:term":[{"taxonomy":"product_cat","embeddable":true,"href":"http:\/\/delikatesy.wineport.pl\/index.php?rest_route=%2Fwp%2Fv2%2Fproduct_cat&post=14684"},{"taxonomy":"product_tag","embeddable":true,"href":"http:\/\/delikatesy.wineport.pl\/index.php?rest_route=%2Fwp%2Fv2%2Fproduct_tag&post=14684"}],"curies":[{"name":"wp","href":"https:\/\/api.w.org\/{rel}","templated":true}]}}