{"id":14732,"date":"2024-03-14T14:08:32","date_gmt":"2024-03-14T13:08:32","guid":{"rendered":"http:\/\/delikatesy.wineport.pl\/?product=gin-whitley-neill-handcrafted-07l"},"modified":"2026-05-10T19:18:08","modified_gmt":"2026-05-10T17:18:08","slug":"gin-whitley-neill-handcrafted-07l","status":"publish","type":"product","link":"http:\/\/delikatesy.wineport.pl\/?product=gin-whitley-neill-handcrafted-07l","title":{"rendered":"Gin Whitley Neill Handcrafted 0,7L"},"content":{"rendered":"<p><span style=\"color: #ff0000; font-size: 16px; font-family: arial, helvetica, sans-serif;\">UWAGA!!! NIE WYSY\u0141AMY ALKOHOLU W PRZYPADKU ZAM\u00d3WIE\u0143 OD OS\u00d3B PRYWATNYCH, TYLKO ODBI\u00d3R OSOBISTY NA UL. \u015aW. STANIS\u0141AWA 12 W WARSZAWIE!!! W przypadku op\u0142acenia zam\u00f3wienia alkoholu z wysy\u0142k\u0105, przy zwrocie pieni\u0119dzy zostanie potr\u0105cona prowizja\u00a0DOTPAY!<\/span><\/p>\n<p><span style=\"color: #ff0000; font-size: 16px; font-family: arial, helvetica, sans-serif;\">\u00a0<\/span><\/p>\n<p style=\"color: #555555; font-family: &quot;;\">Tw\u00f3rc\u0105 ginu Whitley Neill jest Johnny Naill, potomek Thomasa Greenail, s\u0142ynnego producenta ginu. Zainspirowany rodzinnymi korzeniami i sztuk\u0105 gorzelnicz\u0105, a tak\u017ce opowie\u015bciami swojej afryka\u0144skiej \u017cony, skierowa\u0142 uwag\u0119 w stron\u0119 Afryki. Szczeg\u00f3lnie zainteresowa\u0142o go drzewo baobab i jego owoce. W kr\u00f3tkim czasie uda\u0142o mu si\u0119 stworzy\u0107 wspania\u0142y gin.<\/p>\n<p style=\"color: #555555; font-family: &quot;;\">\u00a0<\/p>\n<p style=\"color: #555555; font-family: &quot;;\">Zapach: pikantny i bogaty, wyczuwalne li\u015bcie kolendry, sk\u00f3ra i owoce cytrusowe.<\/p>\n<p style=\"color: #555555; font-family: &quot;;\">Smak: wyczuwalny posmak kasztanowy, zio\u0142a, mi\u00f3d akacjowy, egzotyczne przyprawy i cytrusy.<\/p>\n<p style=\"color: #555555; font-family: &quot;;\">Finisz: d\u0142ugi, z intensywnym smakiem przypraw.<\/p>\n<p style=\"color: #555555; font-family: &quot;;\">\u00a0<\/p>\n<p style=\"color: #555555; font-family: &quot;;\">Whitley Neill butelkowany jest z moc\u0105 43% i znajduje si\u0119 w bardzo eleganckiej, nieprze\u017aroczystej butelce.<\/p>\n","protected":false},"excerpt":{"rendered":"<p style=\"color: #555555; font-family: &quot;;\">Tw\u00f3rc\u0105 ginu Whitley Neill jest Johnny Naill, potomek Thomasa Greenail, s\u0142ynnego producenta ginu. Zainspirowany rodzinnymi korzeniami i sztuk\u0105 gorzelnicz\u0105, a tak\u017ce opowie\u015bciami swojej afryka\u0144skiej \u017cony, skierowa\u0142 uwag\u0119 w stron\u0119 Afryki. Szczeg\u00f3lnie zainteresowa\u0142o go drzewo baobab i jego owoce. W kr\u00f3tkim czasie uda\u0142o mu si\u0119 stworzy\u0107 wspania\u0142y gin.<\/p>\n<p style=\"color: #555555; font-family: &quot;;\">\u00a0<\/p>\n<p style=\"color: #555555; font-family: &quot;;\">Zapach: pikantny i bogaty, wyczuwalne li\u015bcie kolendry, sk\u00f3ra i owoce cytrusowe.<\/p>\n<p style=\"color: #555555; font-family: &quot;;\">Smak: wyczuwalny posmak kasztanowy, zio\u0142a, mi\u00f3d akacjowy, egzotyczne przyprawy i cytrusy.<\/p>\n<p style=\"color: #555555; font-family: &quot;;\">Finisz: d\u0142ugi, z intensywnym smakiem przypraw.<\/p>\n<p style=\"color: #555555; font-family: &quot;;\">\u00a0<\/p>\n<p style=\"color: #555555; font-family: &quot;;\">Whitley Neill butelkowany jest z moc\u0105 43% i znajduje si\u0119 w bardzo eleganckiej, nieprze\u017aroczystej butelce.<\/p>\n","protected":false},"featured_media":14731,"comment_status":"open","ping_status":"closed","template":"","meta":[],"product_cat":[142,194],"product_tag":[],"class_list":{"0":"post-14732","1":"product","2":"type-product","3":"status-publish","4":"has-post-thumbnail","6":"product_cat-alkohole-mocne","7":"product_cat-gin","9":"first","10":"instock","11":"shipping-taxable","12":"purchasable","13":"product-type-simple"},"_links":{"self":[{"href":"http:\/\/delikatesy.wineport.pl\/index.php?rest_route=\/wp\/v2\/product\/14732","targetHints":{"allow":["GET"]}}],"collection":[{"href":"http:\/\/delikatesy.wineport.pl\/index.php?rest_route=\/wp\/v2\/product"}],"about":[{"href":"http:\/\/delikatesy.wineport.pl\/index.php?rest_route=\/wp\/v2\/types\/product"}],"replies":[{"embeddable":true,"href":"http:\/\/delikatesy.wineport.pl\/index.php?rest_route=%2Fwp%2Fv2%2Fcomments&post=14732"}],"wp:featuredmedia":[{"embeddable":true,"href":"http:\/\/delikatesy.wineport.pl\/index.php?rest_route=\/wp\/v2\/media\/14731"}],"wp:attachment":[{"href":"http:\/\/delikatesy.wineport.pl\/index.php?rest_route=%2Fwp%2Fv2%2Fmedia&parent=14732"}],"wp:term":[{"taxonomy":"product_cat","embeddable":true,"href":"http:\/\/delikatesy.wineport.pl\/index.php?rest_route=%2Fwp%2Fv2%2Fproduct_cat&post=14732"},{"taxonomy":"product_tag","embeddable":true,"href":"http:\/\/delikatesy.wineport.pl\/index.php?rest_route=%2Fwp%2Fv2%2Fproduct_tag&post=14732"}],"curies":[{"name":"wp","href":"https:\/\/api.w.org\/{rel}","templated":true}]}}