{"id":14734,"date":"2024-03-14T14:08:33","date_gmt":"2024-03-14T13:08:33","guid":{"rendered":"http:\/\/delikatesy.wineport.pl\/?product=the-pogues-irish-whisky-40-07-l"},"modified":"2026-05-10T19:18:09","modified_gmt":"2026-05-10T17:18:09","slug":"the-pogues-irish-whisky-40-07-l","status":"publish","type":"product","link":"http:\/\/delikatesy.wineport.pl\/?product=the-pogues-irish-whisky-40-07-l","title":{"rendered":"The Pogues Irish Whisky 40% 0,7 l"},"content":{"rendered":"<div style=\"color: #080808; font-family: &quot;;\">\n<p><span style=\"color: #ff0000; font-size: 16px; font-family: arial, helvetica, sans-serif;\">UWAGA!!! NIE WYSY\u0141AMY ALKOHOLU W PRZYPADKU ZAM\u00d3WIE\u0143 OD OS\u00d3B PRYWATNYCH, TYLKO ODBI\u00d3R OSOBISTY NA UL. \u015aW. STANIS\u0141AWA 12 W WARSZAWIE!!! W przypadku op\u0142acenia zam\u00f3wienia alkoholu z wysy\u0142k\u0105, przy zwrocie pieni\u0119dzy zostanie potr\u0105cona prowizja\u00a0DOTPAY!<\/span><\/p>\n<p><span style=\"color: #ff0000; font-size: 16px; font-family: arial, helvetica, sans-serif;\">\u00a0<\/span><\/p>\n<p>  <span style=\"font-size: 12pt; font-family: inherit;\">The Pogues to angielsko-irlandzki zesp\u00f3\u0142 graj\u0105cy muzyk\u0119 celtyck\u0105 z elementami punk rocka. Zesp\u00f3\u0142 za\u0142o\u017cony zosta\u0142 w 1982 w Londynie w dzielnicy Kings Cross przez Shane MacGowana. Pierwotnie zesp\u00f3\u0142 nazywa\u0142 si\u0119 z zangielszczonego irlandzkiego Pogue Mahone (irl.\u00a0<span style=\"font-family: inherit;\">P\u00f3g mo Th\u00f3in<\/span>) co dok\u0142adnie znaczy &#8220;poca\u0142uj mnie w du..&#8221;. W 1984 roku nazwa ta zosta\u0142a skr\u00f3cona do The Pogues. W 1991 roku Shane MacGowan opu\u015bci\u0142 zesp\u00f3\u0142 z powodu problem\u00f3w alkoholowych. Zesp\u00f3\u0142, wyst\u0119puj\u0105cy dalej w rozmaitych sk\u0142adach, zawiesi\u0142 swoj\u0105 dzia\u0142alno\u015b\u0107 w 1996. Od 2001 dzia\u0142a ponownie, chocia\u017c bez nowych nagra\u0144 studyjnych.<\/span><\/div>\n<div style=\"color: #080808; font-family: &quot;;\"><span style=\"font-size: 12pt; font-family: inherit;\">Zesp\u00f3\u0142 zleci\u0142 destylarni West Cork stworzenie dla nich whiskey.\u00a0<\/span><span id=\"result_box\" lang=\"pl\" style=\"font-family: inherit;\" xml:lang=\"pl\"><span style=\"font-size: 12pt; font-family: inherit;\">Gorzelnia, po\u0142o\u017cona w malowniczej wiosce Skibbereen w pobli\u017cu po\u0142udniowego wybrze\u017ca Irlandii, jest wyj\u0105tkowa poniewa\u017c jako jedyni produkuj\u0105 s\u0142odowany j\u0119czmie\u0144 w tamtej okolicy.<\/span><br \/><span lang=\"pl\" style=\"font-family: inherit;\" xml:lang=\"pl\"><span style=\"font-family: inherit;\"><span style=\"font-size: 12pt; font-family: inherit;\">Pogues Irish Whiskey to zestawienie w proporcjach 1:1 whiskey single malt (10-letniej\u00a0dojrzewaj\u0105cej\u00a0 w beczkach d\u0119bowych po sherry i\u00a07-letniej\u00a0z\u00a0beczek po bourbonie) z 4-letni\u0105 irlandzk\u0105 whiskey zbo\u017cow\u0105 (single grain) z beczek po bourbonie.<\/span><br \/><span lang=\"pl\" style=\"font-size: 12pt; font-family: inherit;\" xml:lang=\"pl\"><span style=\"font-family: inherit;\">Cudownie przyjemne, owocowe uczucie w ustach po\u0142\u0105czone z nutami orzech\u00f3w i s\u0142odu m\u00f3wi\u0105 same za siebie.<\/span><\/span><\/span><\/span><\/span><\/div>\n","protected":false},"excerpt":{"rendered":"<div style=\"color: #080808; font-family: &quot;;\"><span style=\"font-size: 12pt; font-family: inherit;\">The Pogues to angielsko-irlandzki zesp\u00f3\u0142 graj\u0105cy muzyk\u0119 celtyck\u0105 z elementami punk rocka. Zesp\u00f3\u0142 za\u0142o\u017cony zosta\u0142 w 1982 w Londynie w dzielnicy Kings Cross przez Shane MacGowana. Pierwotnie zesp\u00f3\u0142 nazywa\u0142 si\u0119 z zangielszczonego irlandzkiego Pogue Mahone (irl.\u00a0<span style=\"font-family: inherit;\">P\u00f3g mo Th\u00f3in<\/span>) co dok\u0142adnie znaczy &#8220;poca\u0142uj mnie w du..&#8221;. W 1984 roku nazwa ta zosta\u0142a skr\u00f3cona do The Pogues. W 1991 roku Shane MacGowan opu\u015bci\u0142 zesp\u00f3\u0142 z powodu problem\u00f3w alkoholowych. Zesp\u00f3\u0142, wyst\u0119puj\u0105cy dalej w rozmaitych sk\u0142adach, zawiesi\u0142 swoj\u0105 dzia\u0142alno\u015b\u0107 w 1996. Od 2001 dzia\u0142a ponownie, chocia\u017c bez nowych nagra\u0144 studyjnych.<\/span><\/div>\n<div style=\"color: #080808; font-family: &quot;;\"><span style=\"font-size: 12pt; font-family: inherit;\">Zesp\u00f3\u0142 zleci\u0142 destylarni West Cork stworzenie dla nich whiskey.\u00a0<\/span><span id=\"result_box\" lang=\"pl\" style=\"font-family: inherit;\" xml:lang=\"pl\"><span style=\"font-size: 12pt; font-family: inherit;\">Gorzelnia, po\u0142o\u017cona w malowniczej wiosce Skibbereen w pobli\u017cu po\u0142udniowego wybrze\u017ca Irlandii, jest wyj\u0105tkowa poniewa\u017c jako jedyni produkuj\u0105 s\u0142odowany j\u0119czmie\u0144 w tamtej okolicy.<\/span><br \/><span lang=\"pl\" style=\"font-family: inherit;\" xml:lang=\"pl\"><span style=\"font-family: inherit;\"><span style=\"font-size: 12pt; font-family: inherit;\">Pogues Irish Whiskey to zestawienie w proporcjach 1:1 whiskey single malt (10-letniej\u00a0dojrzewaj\u0105cej\u00a0 w beczkach d\u0119bowych po sherry i\u00a07-letniej\u00a0z\u00a0beczek po bourbonie) z 4-letni\u0105 irlandzk\u0105 whiskey zbo\u017cow\u0105 (single grain) z beczek po bourbonie.<\/span><br \/><span lang=\"pl\" style=\"font-size: 12pt; font-family: inherit;\" xml:lang=\"pl\"><span style=\"font-family: inherit;\">Cudownie przyjemne, owocowe uczucie w ustach po\u0142\u0105czone z nutami orzech\u00f3w i s\u0142odu m\u00f3wi\u0105 same za siebie.<\/span><\/span><\/span><\/span><\/span><\/div>\n","protected":false},"featured_media":14733,"comment_status":"open","ping_status":"closed","template":"","meta":[],"product_cat":[142,193,143],"product_tag":[],"class_list":{"0":"post-14734","1":"product","2":"type-product","3":"status-publish","4":"has-post-thumbnail","6":"product_cat-alkohole-mocne","7":"product_cat-irlandia","8":"product_cat-whisky","10":"first","11":"instock","12":"shipping-taxable","13":"purchasable","14":"product-type-simple"},"_links":{"self":[{"href":"http:\/\/delikatesy.wineport.pl\/index.php?rest_route=\/wp\/v2\/product\/14734","targetHints":{"allow":["GET"]}}],"collection":[{"href":"http:\/\/delikatesy.wineport.pl\/index.php?rest_route=\/wp\/v2\/product"}],"about":[{"href":"http:\/\/delikatesy.wineport.pl\/index.php?rest_route=\/wp\/v2\/types\/product"}],"replies":[{"embeddable":true,"href":"http:\/\/delikatesy.wineport.pl\/index.php?rest_route=%2Fwp%2Fv2%2Fcomments&post=14734"}],"wp:featuredmedia":[{"embeddable":true,"href":"http:\/\/delikatesy.wineport.pl\/index.php?rest_route=\/wp\/v2\/media\/14733"}],"wp:attachment":[{"href":"http:\/\/delikatesy.wineport.pl\/index.php?rest_route=%2Fwp%2Fv2%2Fmedia&parent=14734"}],"wp:term":[{"taxonomy":"product_cat","embeddable":true,"href":"http:\/\/delikatesy.wineport.pl\/index.php?rest_route=%2Fwp%2Fv2%2Fproduct_cat&post=14734"},{"taxonomy":"product_tag","embeddable":true,"href":"http:\/\/delikatesy.wineport.pl\/index.php?rest_route=%2Fwp%2Fv2%2Fproduct_tag&post=14734"}],"curies":[{"name":"wp","href":"https:\/\/api.w.org\/{rel}","templated":true}]}}