{"id":14738,"date":"2024-03-14T14:08:36","date_gmt":"2024-03-14T13:08:36","guid":{"rendered":"http:\/\/delikatesy.wineport.pl\/?product=clontarf-trinity-irish-whisky-40-3x200ml-zestaw"},"modified":"2026-05-10T19:18:09","modified_gmt":"2026-05-10T17:18:09","slug":"clontarf-trinity-irish-whisky-40-3x200ml-zestaw","status":"publish","type":"product","link":"http:\/\/delikatesy.wineport.pl\/?product=clontarf-trinity-irish-whisky-40-3x200ml-zestaw","title":{"rendered":"Clontarf Trinity Irish whisky 40% 3x200ml zestaw"},"content":{"rendered":"<p>\u00a0<\/p>\n<p><span style=\"color: #ff0000; font-size: 16px; font-family: arial, helvetica, sans-serif;\">UWAGA!!! NIE WYSY\u0141AMY ALKOHOLU W PRZYPADKU ZAM\u00d3WIE\u0143 OD OS\u00d3B PRYWATNYCH, TYLKO ODBI\u00d3R OSOBISTY NA UL. \u015aW. STANIS\u0141AWA 12 W WARSZAWIE!!! W przypadku op\u0142acenia zam\u00f3wienia alkoholu z wysy\u0142k\u0105, przy zwrocie pieni\u0119dzy zostanie potr\u0105cona prowizja\u00a0DOTPAY!<\/span><\/p>\n<p>\u00a0<\/p>\n<p><span style=\"color: #ff0000; font-size: 16px; font-family: arial, helvetica, sans-serif;\">\u00a0<\/span><\/p>\n<p><span style=\"color: #080808; font-family: &quot;;\">Zestaw trzech irlandzkich whiskey:<\/span><br style=\"color: #080808; font-family: &quot;;\" \/><span style=\"color: #080808; font-family: &quot;;\">&#8211; Clontarf\u00a0Single Malt,<\/span><br style=\"color: #080808; font-family: &quot;;\" \/><span style=\"color: #080808; font-family: &quot;;\">&#8211; Clontarf\u00a0Reserve,<\/span><br style=\"color: #080808; font-family: &quot;;\" \/><span style=\"color: #080808; font-family: &quot;;\">&#8211;\u00a0Clontarf Classic.<\/span><\/p>\n","protected":false},"excerpt":{"rendered":"<p><span style=\"color: #080808; font-family: &quot;;\">Zestaw trzech irlandzkich whiskey:<\/span><br style=\"color: #080808; font-family: &quot;;\" \/><span style=\"color: #080808; font-family: &quot;;\">&#8211; Clontarf\u00a0Single Malt,<\/span><br style=\"color: #080808; font-family: &quot;;\" \/><span style=\"color: #080808; font-family: &quot;;\">&#8211; Clontarf\u00a0Reserve,<\/span><br style=\"color: #080808; font-family: &quot;;\" \/><span style=\"color: #080808; font-family: &quot;;\">&#8211;\u00a0Clontarf Classic.<\/span><\/p>\n","protected":false},"featured_media":14737,"comment_status":"open","ping_status":"closed","template":"","meta":[],"product_cat":[142,193,143],"product_tag":[],"class_list":{"0":"post-14738","1":"product","2":"type-product","3":"status-publish","4":"has-post-thumbnail","6":"product_cat-alkohole-mocne","7":"product_cat-irlandia","8":"product_cat-whisky","10":"first","11":"instock","12":"shipping-taxable","13":"purchasable","14":"product-type-simple"},"_links":{"self":[{"href":"http:\/\/delikatesy.wineport.pl\/index.php?rest_route=\/wp\/v2\/product\/14738","targetHints":{"allow":["GET"]}}],"collection":[{"href":"http:\/\/delikatesy.wineport.pl\/index.php?rest_route=\/wp\/v2\/product"}],"about":[{"href":"http:\/\/delikatesy.wineport.pl\/index.php?rest_route=\/wp\/v2\/types\/product"}],"replies":[{"embeddable":true,"href":"http:\/\/delikatesy.wineport.pl\/index.php?rest_route=%2Fwp%2Fv2%2Fcomments&post=14738"}],"wp:featuredmedia":[{"embeddable":true,"href":"http:\/\/delikatesy.wineport.pl\/index.php?rest_route=\/wp\/v2\/media\/14737"}],"wp:attachment":[{"href":"http:\/\/delikatesy.wineport.pl\/index.php?rest_route=%2Fwp%2Fv2%2Fmedia&parent=14738"}],"wp:term":[{"taxonomy":"product_cat","embeddable":true,"href":"http:\/\/delikatesy.wineport.pl\/index.php?rest_route=%2Fwp%2Fv2%2Fproduct_cat&post=14738"},{"taxonomy":"product_tag","embeddable":true,"href":"http:\/\/delikatesy.wineport.pl\/index.php?rest_route=%2Fwp%2Fv2%2Fproduct_tag&post=14738"}],"curies":[{"name":"wp","href":"https:\/\/api.w.org\/{rel}","templated":true}]}}