{"id":14740,"date":"2024-03-14T14:08:38","date_gmt":"2024-03-14T13:08:38","guid":{"rendered":"http:\/\/delikatesy.wineport.pl\/?product=yaguara-cachaca-organic-0-7l"},"modified":"2026-05-10T19:18:10","modified_gmt":"2026-05-10T17:18:10","slug":"yaguara-cachaca-organic-0-7l","status":"publish","type":"product","link":"http:\/\/delikatesy.wineport.pl\/?product=yaguara-cachaca-organic-0-7l","title":{"rendered":"Yaguara Cachaca Organic 0.7L"},"content":{"rendered":"<p><span style=\"font-size: 19.36px; font-family: latoM;\">Produkowany w Brazylii Yaguara jest pierwsz\u0105 bia\u0142\u0105 mieszan\u0105 organiczn\u0105 cacha\u00e7\u0105 na \u015bwiecie. To ukoronowanie tradycji rodziny pi\u0105tego pokolenia i wynik ambicji stworzenia najlepszej na \u015bwiecie bia\u0142ej cacha\u00e7a. Produkt ko\u0144cowy jest r\u0119cznie robiony, destylowany w ma\u0142ych partiach i mieszany pod czujnym okiem mistrza kuchni brazylijskiej Yaguara: Erwina Weimanna.<\/span><\/p>\n","protected":false},"excerpt":{"rendered":"<p><span style=\"font-size: 19.36px; font-family: latoM;\">Produkowany w Brazylii Yaguara jest pierwsz\u0105 bia\u0142\u0105 mieszan\u0105 organiczn\u0105 cacha\u00e7\u0105 na \u015bwiecie. To ukoronowanie tradycji rodziny pi\u0105tego pokolenia i wynik ambicji stworzenia najlepszej na \u015bwiecie bia\u0142ej cacha\u00e7a. Produkt ko\u0144cowy jest r\u0119cznie robiony, destylowany w ma\u0142ych partiach i mieszany pod czujnym okiem mistrza kuchni brazylijskiej Yaguara: Erwina Weimanna.<\/span><\/p>\n","protected":false},"featured_media":14739,"comment_status":"open","ping_status":"closed","template":"","meta":[],"product_cat":[190,142],"product_tag":[],"class_list":{"0":"post-14740","1":"product","2":"type-product","3":"status-publish","4":"has-post-thumbnail","6":"product_cat-wodka","7":"product_cat-alkohole-mocne","9":"first","10":"instock","11":"shipping-taxable","12":"purchasable","13":"product-type-simple"},"_links":{"self":[{"href":"http:\/\/delikatesy.wineport.pl\/index.php?rest_route=\/wp\/v2\/product\/14740","targetHints":{"allow":["GET"]}}],"collection":[{"href":"http:\/\/delikatesy.wineport.pl\/index.php?rest_route=\/wp\/v2\/product"}],"about":[{"href":"http:\/\/delikatesy.wineport.pl\/index.php?rest_route=\/wp\/v2\/types\/product"}],"replies":[{"embeddable":true,"href":"http:\/\/delikatesy.wineport.pl\/index.php?rest_route=%2Fwp%2Fv2%2Fcomments&post=14740"}],"wp:featuredmedia":[{"embeddable":true,"href":"http:\/\/delikatesy.wineport.pl\/index.php?rest_route=\/wp\/v2\/media\/14739"}],"wp:attachment":[{"href":"http:\/\/delikatesy.wineport.pl\/index.php?rest_route=%2Fwp%2Fv2%2Fmedia&parent=14740"}],"wp:term":[{"taxonomy":"product_cat","embeddable":true,"href":"http:\/\/delikatesy.wineport.pl\/index.php?rest_route=%2Fwp%2Fv2%2Fproduct_cat&post=14740"},{"taxonomy":"product_tag","embeddable":true,"href":"http:\/\/delikatesy.wineport.pl\/index.php?rest_route=%2Fwp%2Fv2%2Fproduct_tag&post=14740"}],"curies":[{"name":"wp","href":"https:\/\/api.w.org\/{rel}","templated":true}]}}