{"id":14750,"date":"2024-03-14T14:08:42","date_gmt":"2024-03-14T13:08:42","guid":{"rendered":"http:\/\/delikatesy.wineport.pl\/?product=timorous-beastie-18yo-468-07l"},"modified":"2026-05-17T21:27:03","modified_gmt":"2026-05-17T19:27:03","slug":"timorous-beastie-18yo-468-07l","status":"publish","type":"product","link":"http:\/\/delikatesy.wineport.pl\/?product=timorous-beastie-18yo-468-07l","title":{"rendered":"Timorous Beastie 18YO 46,8% 0,7L"},"content":{"rendered":"<p>\u00a0<\/p>\n<p><span style=\"color: #ff0000; font-size: 16px; font-family: arial, helvetica, sans-serif;\">UWAGA!!! NIE WYSY\u0141AMY ALKOHOLU W PRZYPADKU ZAM\u00d3WIE\u0143 OD OS\u00d3B PRYWATNYCH, TYLKO ODBI\u00d3R OSOBISTY NA UL. \u015aW. STANIS\u0141AWA 12 W WARSZAWIE!!! W przypadku op\u0142acenia zam\u00f3wienia alkoholu z wysy\u0142k\u0105, przy zwrocie pieni\u0119dzy zostanie potr\u0105cona prowizja\u00a0DOTPAY!<\/span><\/p>\n<p>\u00a0<\/p>\n<p><span style=\"color: #ff0000; font-size: 16px; font-family: arial, helvetica, sans-serif;\">\u00a0<\/span><\/p>\n<p><span style=\"color: #323232; font-family: Tahoma;\">Szkocka Blended malt tworzona na bazie destylat\u00f3w , pochodz\u0105cych z destylarni po\u0142o\u017conych w regionie Highland ( Blair Athol, Dalmore, Glengoyne i Glen Garioch). Ka\u017cdy z nich sp\u0119dzi\u0142 min 18 lat w d\u0119bowych beczkach, \u0142\u0105czna edycja to 7258 butelek. Charakteryzuje j\u0105 aromat miodu, wanilii, j\u0119czmienia, lod\u00f3w czekoladowych, brzoskwi\u0144, moreli, cynamonu i czarnego pieprzu. Butelkowany z moc\u0105 46,8%, z naturalnym kolorem, bez filtracji.<\/span><\/p>\n","protected":false},"excerpt":{"rendered":"<p><span style=\"color: #323232; font-family: Tahoma;\">Szkocka Blended malt tworzona na bazie destylat\u00f3w , pochodz\u0105cych z destylarni po\u0142o\u017conych w regionie Highland ( Blair Athol, Dalmore, Glengoyne i Glen Garioch). Ka\u017cdy z nich sp\u0119dzi\u0142 min 18 lat w d\u0119bowych beczkach, \u0142\u0105czna edycja to 7258 butelek. Charakteryzuje j\u0105 aromat miodu, wanilii, j\u0119czmienia, lod\u00f3w czekoladowych, brzoskwi\u0144, moreli, cynamonu i czarnego pieprzu. Butelkowany z moc\u0105 46,8%, z naturalnym kolorem, bez filtracji.<\/span><\/p>\n","protected":false},"featured_media":14749,"comment_status":"open","ping_status":"closed","template":"","meta":[],"product_cat":[142,154,143],"product_tag":[],"class_list":{"0":"post-14750","1":"product","2":"type-product","3":"status-publish","4":"has-post-thumbnail","6":"product_cat-alkohole-mocne","7":"product_cat-szkocja","8":"product_cat-whisky","10":"first","11":"instock","12":"shipping-taxable","13":"purchasable","14":"product-type-simple"},"_links":{"self":[{"href":"http:\/\/delikatesy.wineport.pl\/index.php?rest_route=\/wp\/v2\/product\/14750","targetHints":{"allow":["GET"]}}],"collection":[{"href":"http:\/\/delikatesy.wineport.pl\/index.php?rest_route=\/wp\/v2\/product"}],"about":[{"href":"http:\/\/delikatesy.wineport.pl\/index.php?rest_route=\/wp\/v2\/types\/product"}],"replies":[{"embeddable":true,"href":"http:\/\/delikatesy.wineport.pl\/index.php?rest_route=%2Fwp%2Fv2%2Fcomments&post=14750"}],"wp:featuredmedia":[{"embeddable":true,"href":"http:\/\/delikatesy.wineport.pl\/index.php?rest_route=\/wp\/v2\/media\/14749"}],"wp:attachment":[{"href":"http:\/\/delikatesy.wineport.pl\/index.php?rest_route=%2Fwp%2Fv2%2Fmedia&parent=14750"}],"wp:term":[{"taxonomy":"product_cat","embeddable":true,"href":"http:\/\/delikatesy.wineport.pl\/index.php?rest_route=%2Fwp%2Fv2%2Fproduct_cat&post=14750"},{"taxonomy":"product_tag","embeddable":true,"href":"http:\/\/delikatesy.wineport.pl\/index.php?rest_route=%2Fwp%2Fv2%2Fproduct_tag&post=14750"}],"curies":[{"name":"wp","href":"https:\/\/api.w.org\/{rel}","templated":true}]}}