{"id":14752,"date":"2024-03-14T14:08:42","date_gmt":"2024-03-14T13:08:42","guid":{"rendered":"http:\/\/delikatesy.wineport.pl\/?product=timorous-beastie-468-45l"},"modified":"2026-05-17T21:27:03","modified_gmt":"2026-05-17T19:27:03","slug":"timorous-beastie-468-45l","status":"publish","type":"product","link":"http:\/\/delikatesy.wineport.pl\/?product=timorous-beastie-468-45l","title":{"rendered":"Timorous Beastie 46,8% 4,5L"},"content":{"rendered":"<p>\u00a0<\/p>\n<p><span style=\"color: #ff0000; font-size: 16px; font-family: arial, helvetica, sans-serif;\">UWAGA!!! NIE WYSY\u0141AMY ALKOHOLU W PRZYPADKU ZAM\u00d3WIE\u0143 OD OS\u00d3B PRYWATNYCH, TYLKO ODBI\u00d3R OSOBISTY NA UL. \u015aW. STANIS\u0141AWA 12 W WARSZAWIE!!! W przypadku op\u0142acenia zam\u00f3wienia alkoholu z wysy\u0142k\u0105, przy zwrocie pieni\u0119dzy zostanie potr\u0105cona prowizja\u00a0DOTPAY!<\/span><\/p>\n<p>\u00a0<\/p>\n<p><span style=\"color: #ff0000; font-size: 16px; font-family: arial, helvetica, sans-serif;\">\u00a0<\/span><\/p>\n<p><span style=\"color: #323232; font-family: Tahoma;\">Whisky zestawiana ca\u0142kowicie z destylat\u00f3w z Highland z gorzelni takich jak Dalmore, Glen Garioch, Glengoyne. Whisky ma bardzo s\u0142odki aromat miodu akacjowego, suszonych moreli, bia\u0142ych winogron oraz delikatn\u0105 nut\u0119 truskawek. Zaskakuje r\u00f3wnie\u017c powiewem morza i wrzosu tak charakterystycznego dla Highlandu. W ustach wyczuwalne suszone owoce, zielone jab\u0142ko i any\u017c. Finisz d\u0142ugi z dodatkiem cynamonu i \u015bwie\u017cego chleba.<\/span><br style=\"color: #323232; font-family: Tahoma;\" \/><br style=\"color: #323232; font-family: Tahoma;\" \/><span style=\"color: #323232; font-family: Tahoma;\">Butelka umieszczona jest na hu\u015btawce u\u0142atwiaj\u0105cej nalewanie.<\/span><\/p>\n","protected":false},"excerpt":{"rendered":"<p><span style=\"color: #323232; font-family: Tahoma;\">Whisky zestawiana ca\u0142kowicie z destylat\u00f3w z Highland z gorzelni takich jak Dalmore, Glen Garioch, Glengoyne. Whisky ma bardzo s\u0142odki aromat miodu akacjowego, suszonych moreli, bia\u0142ych winogron oraz delikatn\u0105 nut\u0119 truskawek. Zaskakuje r\u00f3wnie\u017c powiewem morza i wrzosu tak charakterystycznego dla Highlandu. W ustach wyczuwalne suszone owoce, zielone jab\u0142ko i any\u017c. Finisz d\u0142ugi z dodatkiem cynamonu i \u015bwie\u017cego chleba.<\/span><br style=\"color: #323232; font-family: Tahoma;\" \/><br style=\"color: #323232; font-family: Tahoma;\" \/><span style=\"color: #323232; font-family: Tahoma;\">Butelka umieszczona jest na hu\u015btawce u\u0142atwiaj\u0105cej nalewanie.<\/span><\/p>\n","protected":false},"featured_media":14751,"comment_status":"open","ping_status":"closed","template":"","meta":[],"product_cat":[142,154,143],"product_tag":[],"class_list":{"0":"post-14752","1":"product","2":"type-product","3":"status-publish","4":"has-post-thumbnail","6":"product_cat-alkohole-mocne","7":"product_cat-szkocja","8":"product_cat-whisky","10":"first","11":"instock","12":"shipping-taxable","13":"purchasable","14":"product-type-simple"},"_links":{"self":[{"href":"http:\/\/delikatesy.wineport.pl\/index.php?rest_route=\/wp\/v2\/product\/14752","targetHints":{"allow":["GET"]}}],"collection":[{"href":"http:\/\/delikatesy.wineport.pl\/index.php?rest_route=\/wp\/v2\/product"}],"about":[{"href":"http:\/\/delikatesy.wineport.pl\/index.php?rest_route=\/wp\/v2\/types\/product"}],"replies":[{"embeddable":true,"href":"http:\/\/delikatesy.wineport.pl\/index.php?rest_route=%2Fwp%2Fv2%2Fcomments&post=14752"}],"wp:featuredmedia":[{"embeddable":true,"href":"http:\/\/delikatesy.wineport.pl\/index.php?rest_route=\/wp\/v2\/media\/14751"}],"wp:attachment":[{"href":"http:\/\/delikatesy.wineport.pl\/index.php?rest_route=%2Fwp%2Fv2%2Fmedia&parent=14752"}],"wp:term":[{"taxonomy":"product_cat","embeddable":true,"href":"http:\/\/delikatesy.wineport.pl\/index.php?rest_route=%2Fwp%2Fv2%2Fproduct_cat&post=14752"},{"taxonomy":"product_tag","embeddable":true,"href":"http:\/\/delikatesy.wineport.pl\/index.php?rest_route=%2Fwp%2Fv2%2Fproduct_tag&post=14752"}],"curies":[{"name":"wp","href":"https:\/\/api.w.org\/{rel}","templated":true}]}}