{"id":14762,"date":"2024-03-14T14:08:49","date_gmt":"2024-03-14T13:08:49","guid":{"rendered":"http:\/\/delikatesy.wineport.pl\/?product=krem-z-karczochow-z-trufla-75g"},"modified":"2026-05-10T19:18:57","modified_gmt":"2026-05-10T17:18:57","slug":"krem-z-karczochow-z-trufla-75g","status":"publish","type":"product","link":"http:\/\/delikatesy.wineport.pl\/?product=krem-z-karczochow-z-trufla-75g","title":{"rendered":"Krem z karczoch\u00f3w z trufl\u0105 75g"},"content":{"rendered":"<p><span style=\"color: #323232; font-family: Tahoma;\">Ekskluzywny krem z karczocha z letni\u0105 czarn\u0105 trufl\u0105 (Tuber Aestivum Vitt.) O intryguj\u0105cym smaku i przyjemnym aromacie. Doskona\u0142y do \u200b\u200bka\u017cdego rodzaju makaronu, ale tak\u017ce do ozdabiania czerwonego lub bia\u0142ego mi\u0119sa.<\/span><\/p>\n","protected":false},"excerpt":{"rendered":"<p><span style=\"color: #323232; font-family: Tahoma;\">Ekskluzywny krem z karczocha z letni\u0105 czarn\u0105 trufl\u0105 (Tuber Aestivum Vitt.) O intryguj\u0105cym smaku i przyjemnym aromacie. Doskona\u0142y do \u200b\u200bka\u017cdego rodzaju makaronu, ale tak\u017ce do ozdabiania czerwonego lub bia\u0142ego mi\u0119sa.<\/span><\/p>\n","protected":false},"featured_media":14761,"comment_status":"open","ping_status":"closed","template":"","meta":[],"product_cat":[173,238],"product_tag":[],"class_list":{"0":"post-14762","1":"product","2":"type-product","3":"status-publish","4":"has-post-thumbnail","6":"product_cat-artykuly-delikatesowe","7":"product_cat-produkty-z-trufli","9":"first","10":"instock","11":"shipping-taxable","12":"purchasable","13":"product-type-simple"},"_links":{"self":[{"href":"http:\/\/delikatesy.wineport.pl\/index.php?rest_route=\/wp\/v2\/product\/14762","targetHints":{"allow":["GET"]}}],"collection":[{"href":"http:\/\/delikatesy.wineport.pl\/index.php?rest_route=\/wp\/v2\/product"}],"about":[{"href":"http:\/\/delikatesy.wineport.pl\/index.php?rest_route=\/wp\/v2\/types\/product"}],"replies":[{"embeddable":true,"href":"http:\/\/delikatesy.wineport.pl\/index.php?rest_route=%2Fwp%2Fv2%2Fcomments&post=14762"}],"wp:featuredmedia":[{"embeddable":true,"href":"http:\/\/delikatesy.wineport.pl\/index.php?rest_route=\/wp\/v2\/media\/14761"}],"wp:attachment":[{"href":"http:\/\/delikatesy.wineport.pl\/index.php?rest_route=%2Fwp%2Fv2%2Fmedia&parent=14762"}],"wp:term":[{"taxonomy":"product_cat","embeddable":true,"href":"http:\/\/delikatesy.wineport.pl\/index.php?rest_route=%2Fwp%2Fv2%2Fproduct_cat&post=14762"},{"taxonomy":"product_tag","embeddable":true,"href":"http:\/\/delikatesy.wineport.pl\/index.php?rest_route=%2Fwp%2Fv2%2Fproduct_tag&post=14762"}],"curies":[{"name":"wp","href":"https:\/\/api.w.org\/{rel}","templated":true}]}}