{"id":14766,"date":"2024-03-14T14:08:52","date_gmt":"2024-03-14T13:08:52","guid":{"rendered":"http:\/\/delikatesy.wineport.pl\/?product=krem-z-zielonych-oliwek-130g"},"modified":"2026-05-10T19:18:57","modified_gmt":"2026-05-10T17:18:57","slug":"krem-z-zielonych-oliwek-130g","status":"publish","type":"product","link":"http:\/\/delikatesy.wineport.pl\/?product=krem-z-zielonych-oliwek-130g","title":{"rendered":"Krem z zielonych oliwek 130g"},"content":{"rendered":"<p><span style=\"color: #323232; font-family: Tahoma;\">To krem \u200b\u200botrzymany z mielenia \u015br\u00f3dziemnomorskich zielonych oliwek. Przydatny, aby przygotowa\u0107 pyszne przek\u0105ski.<\/span><\/p>\n","protected":false},"excerpt":{"rendered":"<p><span style=\"color: #323232; font-family: Tahoma;\">To krem \u200b\u200botrzymany z mielenia \u015br\u00f3dziemnomorskich zielonych oliwek. Przydatny, aby przygotowa\u0107 pyszne przek\u0105ski.<\/span><\/p>\n","protected":false},"featured_media":14765,"comment_status":"open","ping_status":"closed","template":"","meta":[],"product_cat":[173,238],"product_tag":[],"class_list":{"0":"post-14766","1":"product","2":"type-product","3":"status-publish","4":"has-post-thumbnail","6":"product_cat-artykuly-delikatesowe","7":"product_cat-produkty-z-trufli","9":"first","10":"instock","11":"shipping-taxable","12":"purchasable","13":"product-type-simple"},"_links":{"self":[{"href":"http:\/\/delikatesy.wineport.pl\/index.php?rest_route=\/wp\/v2\/product\/14766","targetHints":{"allow":["GET"]}}],"collection":[{"href":"http:\/\/delikatesy.wineport.pl\/index.php?rest_route=\/wp\/v2\/product"}],"about":[{"href":"http:\/\/delikatesy.wineport.pl\/index.php?rest_route=\/wp\/v2\/types\/product"}],"replies":[{"embeddable":true,"href":"http:\/\/delikatesy.wineport.pl\/index.php?rest_route=%2Fwp%2Fv2%2Fcomments&post=14766"}],"wp:featuredmedia":[{"embeddable":true,"href":"http:\/\/delikatesy.wineport.pl\/index.php?rest_route=\/wp\/v2\/media\/14765"}],"wp:attachment":[{"href":"http:\/\/delikatesy.wineport.pl\/index.php?rest_route=%2Fwp%2Fv2%2Fmedia&parent=14766"}],"wp:term":[{"taxonomy":"product_cat","embeddable":true,"href":"http:\/\/delikatesy.wineport.pl\/index.php?rest_route=%2Fwp%2Fv2%2Fproduct_cat&post=14766"},{"taxonomy":"product_tag","embeddable":true,"href":"http:\/\/delikatesy.wineport.pl\/index.php?rest_route=%2Fwp%2Fv2%2Fproduct_tag&post=14766"}],"curies":[{"name":"wp","href":"https:\/\/api.w.org\/{rel}","templated":true}]}}