{"id":14770,"date":"2024-03-14T14:08:56","date_gmt":"2024-03-14T13:08:56","guid":{"rendered":"http:\/\/delikatesy.wineport.pl\/?product=karczochy-w-oleju-180g"},"modified":"2026-05-10T19:18:57","modified_gmt":"2026-05-10T17:18:57","slug":"karczochy-w-oleju-180g","status":"publish","type":"product","link":"http:\/\/delikatesy.wineport.pl\/?product=karczochy-w-oleju-180g","title":{"rendered":"Karczochy w oleju 180g"},"content":{"rendered":"<p><span style=\"color: #212121; font-size: 16px; font-family: arial, sans-serif;\">Karczochy toska\u0144skie, w 100% ekologiczne, przygotowane wed\u0142ug toska\u0144skiej\u00a0<\/span><span style=\"color: #212121; font-size: 16px; font-family: arial, sans-serif;\">receptury<\/span><span style=\"color: #212121; font-size: 16px; font-family: arial, sans-serif;\">\u00a0i wywodz\u0105ce si\u0119 ze \u015bwie\u017cego lokalnego surowca.\u00a0<\/span><span style=\"color: #212121; font-size: 16px; font-family: arial, sans-serif;\">idealny<\/span><span style=\"color: #212121; font-size: 16px; font-family: arial, sans-serif;\">\u00a0jako przystawki lub z kie\u0142baskami, gotowanym i grillowanym mi\u0119sem<\/span><\/p>\n","protected":false},"excerpt":{"rendered":"<p><span style=\"color: #212121; font-size: 16px; font-family: arial, sans-serif;\">Karczochy toska\u0144skie, w 100% ekologiczne, przygotowane wed\u0142ug toska\u0144skiej\u00a0receptury i wywodz\u0105ce si\u0119 ze \u015bwie\u017cego lokalnego surowca.\u00a0idealny jako przystawki lub z kie\u0142baskami, gotowanym i grillowanym mi\u0119sem<\/span><\/p>\n","protected":false},"featured_media":14769,"comment_status":"open","ping_status":"closed","template":"","meta":[],"product_cat":[173,238],"product_tag":[],"class_list":{"0":"post-14770","1":"product","2":"type-product","3":"status-publish","4":"has-post-thumbnail","6":"product_cat-artykuly-delikatesowe","7":"product_cat-produkty-z-trufli","9":"first","10":"instock","11":"shipping-taxable","12":"purchasable","13":"product-type-simple"},"_links":{"self":[{"href":"http:\/\/delikatesy.wineport.pl\/index.php?rest_route=\/wp\/v2\/product\/14770","targetHints":{"allow":["GET"]}}],"collection":[{"href":"http:\/\/delikatesy.wineport.pl\/index.php?rest_route=\/wp\/v2\/product"}],"about":[{"href":"http:\/\/delikatesy.wineport.pl\/index.php?rest_route=\/wp\/v2\/types\/product"}],"replies":[{"embeddable":true,"href":"http:\/\/delikatesy.wineport.pl\/index.php?rest_route=%2Fwp%2Fv2%2Fcomments&post=14770"}],"wp:featuredmedia":[{"embeddable":true,"href":"http:\/\/delikatesy.wineport.pl\/index.php?rest_route=\/wp\/v2\/media\/14769"}],"wp:attachment":[{"href":"http:\/\/delikatesy.wineport.pl\/index.php?rest_route=%2Fwp%2Fv2%2Fmedia&parent=14770"}],"wp:term":[{"taxonomy":"product_cat","embeddable":true,"href":"http:\/\/delikatesy.wineport.pl\/index.php?rest_route=%2Fwp%2Fv2%2Fproduct_cat&post=14770"},{"taxonomy":"product_tag","embeddable":true,"href":"http:\/\/delikatesy.wineport.pl\/index.php?rest_route=%2Fwp%2Fv2%2Fproduct_tag&post=14770"}],"curies":[{"name":"wp","href":"https:\/\/api.w.org\/{rel}","templated":true}]}}