{"id":14772,"date":"2024-03-14T14:08:58","date_gmt":"2024-03-14T13:08:58","guid":{"rendered":"http:\/\/delikatesy.wineport.pl\/?product=pesto-z-bazylii-130g"},"modified":"2026-04-01T14:24:53","modified_gmt":"2026-04-01T12:24:53","slug":"pesto-z-bazylii-130g","status":"publish","type":"product","link":"http:\/\/delikatesy.wineport.pl\/?product=pesto-z-bazylii-130g","title":{"rendered":"Pesto z bazylii 130g"},"content":{"rendered":"<p><span style=\"color: #323232; font-family: Tahoma;\">\u015awietne pesto z bazyli\u0105, parmezanem, orzeszkami piniowymi i oliw\u0105 z oliwek z pierwszego t\u0142oczenia idealne na sezonowe dania z makaronu lub jako dodatek do mi\u0119sa, ryby i pizzy.<\/span><\/p>\n","protected":false},"excerpt":{"rendered":"<p><span style=\"color: #323232; font-family: Tahoma;\">\u015awietne pesto z bazyli\u0105, parmezanem, orzeszkami piniowymi i oliw\u0105 z oliwek z pierwszego t\u0142oczenia idealne na sezonowe dania z makaronu lub jako dodatek do mi\u0119sa, ryby i pizzy.<\/span><\/p>\n","protected":false},"featured_media":14771,"comment_status":"open","ping_status":"closed","template":"","meta":[],"product_cat":[173,238],"product_tag":[],"class_list":{"0":"post-14772","1":"product","2":"type-product","3":"status-publish","4":"has-post-thumbnail","6":"product_cat-artykuly-delikatesowe","7":"product_cat-produkty-z-trufli","9":"first","10":"instock","11":"shipping-taxable","12":"purchasable","13":"product-type-simple"},"_links":{"self":[{"href":"http:\/\/delikatesy.wineport.pl\/index.php?rest_route=\/wp\/v2\/product\/14772","targetHints":{"allow":["GET"]}}],"collection":[{"href":"http:\/\/delikatesy.wineport.pl\/index.php?rest_route=\/wp\/v2\/product"}],"about":[{"href":"http:\/\/delikatesy.wineport.pl\/index.php?rest_route=\/wp\/v2\/types\/product"}],"replies":[{"embeddable":true,"href":"http:\/\/delikatesy.wineport.pl\/index.php?rest_route=%2Fwp%2Fv2%2Fcomments&post=14772"}],"wp:featuredmedia":[{"embeddable":true,"href":"http:\/\/delikatesy.wineport.pl\/index.php?rest_route=\/wp\/v2\/media\/14771"}],"wp:attachment":[{"href":"http:\/\/delikatesy.wineport.pl\/index.php?rest_route=%2Fwp%2Fv2%2Fmedia&parent=14772"}],"wp:term":[{"taxonomy":"product_cat","embeddable":true,"href":"http:\/\/delikatesy.wineport.pl\/index.php?rest_route=%2Fwp%2Fv2%2Fproduct_cat&post=14772"},{"taxonomy":"product_tag","embeddable":true,"href":"http:\/\/delikatesy.wineport.pl\/index.php?rest_route=%2Fwp%2Fv2%2Fproduct_tag&post=14772"}],"curies":[{"name":"wp","href":"https:\/\/api.w.org\/{rel}","templated":true}]}}