{"id":14788,"date":"2024-03-14T14:09:03","date_gmt":"2024-03-14T13:09:03","guid":{"rendered":"http:\/\/delikatesy.wineport.pl\/?product=baron-gaston-legrand-1949-armagnac-1949"},"modified":"2026-05-17T21:28:37","modified_gmt":"2026-05-17T19:28:37","slug":"baron-gaston-legrand-1949-armagnac-1949","status":"publish","type":"product","link":"http:\/\/delikatesy.wineport.pl\/?product=baron-gaston-legrand-1949-armagnac-1949","title":{"rendered":"Baron Gaston Legrand 1949 Armagnac 1949"},"content":{"rendered":"<div class=\"c-product__details c-text\" style=\"font-size: 1.4rem; font-family: Helvetica, Tahoma, sans-serif;\">\n<p><span class=\"h-nowrap\"><span style=\"color: #ff0000;\">UWAGA!!! NIE WYSY\u0141AMY ALKOHOLU KURIEREM W PRZYPADKU ZAM\u00d3WIE\u0143 OD OS\u00d3B PRYWATNYCH, TYLKO ODBI\u00d3R OSOBISTY NA UL. \u015aW. STANIS\u0141AWA 12 W WARSZAWIE!!! W przypadku op\u0142acenia zam\u00f3wienia alkoholu z wysy\u0142k\u0105, przy zwrocie pieni\u0119dzy zostanie potr\u0105cona prowizja\u00a0<\/span><strong style=\"color: #ff0000;\">DOTPAY<\/strong><span style=\"color: #ff0000;\">!<\/span><\/span><\/p>\n<p><span class=\"h-nowrap\">Apelacja: AOC Armagnac<\/span>\u00a0<span class=\"h-nowrap\">Kraj: Francja<\/span>\u00a0<span class=\"h-nowrap\">Region: Gascogne<\/span>\u00a0<span class=\"h-nowrap\">Producent:\u00a0GUY LHERAUD COGNAC\u00a0<\/span>\u00a0<span class=\"h-nowrap\">Poj.: 0.7<\/span><span class=\"h-nowrap\">Zaw. Alk. %: 40.0<\/span>\u00a0<span class=\"h-nowrap\">Rocznik: 1949<\/span><\/p>\n<\/p><\/div>\n<div class=\"c-product__desc c-text c-text--lh\" style=\"font-size: 1.4rem; font-family: Helvetica, Tahoma, sans-serif;\">\n<p>Ka\u017cdy rocznik ma sw\u00f3j w\u0142asny, unikatowy charakter. Ka\u017cdy jest inny, a o z\u0142o\u017cono\u015bci bukietu \u015bwiadcz\u0105 najsubtelniejsze nuty aromat\u00f3w. Trudno jest opisa\u0107 ka\u017cdy z osobna &#8211; polecamy spr\u00f3bowa\u0107! Na \u017cyczenie sprowadzamy rocznikowe trunki z ostatnich 100 lat.<\/p>\n<p>\u00a0<\/p>\n<\/p><\/div>\n","protected":false},"excerpt":{"rendered":"<div class=\"c-product__details c-text\" style=\"font-size: 1.4rem; font-family: Helvetica, Tahoma, sans-serif;\">\n<p><span class=\"h-nowrap\">Apelacja: AOC Armagnac<\/span>\u00a0<span class=\"h-nowrap\">Kraj: Francja<\/span>\u00a0<span class=\"h-nowrap\">Region: Gascogne<\/span>\u00a0<span class=\"h-nowrap\">Producent:\u00a0GUY LHERAUD COGNAC\u00a0<\/span>\u00a0<span class=\"h-nowrap\">Poj.: 0.7<\/span><span class=\"h-nowrap\">Zaw. Alk. %: 40.0<\/span>\u00a0<span class=\"h-nowrap\">Rocznik: 1949<\/span><\/p>\n<\/p><\/div>\n<div class=\"c-product__desc c-text c-text--lh\" style=\"font-size: 1.4rem; font-family: Helvetica, Tahoma, sans-serif;\">\n<p>Ka\u017cdy rocznik ma sw\u00f3j w\u0142asny, unikatowy charakter. Ka\u017cdy jest inny, a o z\u0142o\u017cono\u015bci bukietu \u015bwiadcz\u0105 najsubtelniejsze nuty aromat\u00f3w. Trudno jest opisa\u0107 ka\u017cdy z osobna &#8211; polecamy spr\u00f3bowa\u0107! Na \u017cyczenie sprowadzamy rocznikowe trunki z ostatnich 100 lat.<\/p>\n<\/p><\/div>\n","protected":false},"featured_media":14787,"comment_status":"open","ping_status":"closed","template":"","meta":[],"product_cat":[142,146,145],"product_tag":[],"class_list":{"0":"post-14788","1":"product","2":"type-product","3":"status-publish","4":"has-post-thumbnail","6":"product_cat-alkohole-mocne","7":"product_cat-armagnac-i-brandy","8":"product_cat-cognac","10":"first","11":"instock","12":"shipping-taxable","13":"purchasable","14":"product-type-simple"},"_links":{"self":[{"href":"http:\/\/delikatesy.wineport.pl\/index.php?rest_route=\/wp\/v2\/product\/14788","targetHints":{"allow":["GET"]}}],"collection":[{"href":"http:\/\/delikatesy.wineport.pl\/index.php?rest_route=\/wp\/v2\/product"}],"about":[{"href":"http:\/\/delikatesy.wineport.pl\/index.php?rest_route=\/wp\/v2\/types\/product"}],"replies":[{"embeddable":true,"href":"http:\/\/delikatesy.wineport.pl\/index.php?rest_route=%2Fwp%2Fv2%2Fcomments&post=14788"}],"wp:featuredmedia":[{"embeddable":true,"href":"http:\/\/delikatesy.wineport.pl\/index.php?rest_route=\/wp\/v2\/media\/14787"}],"wp:attachment":[{"href":"http:\/\/delikatesy.wineport.pl\/index.php?rest_route=%2Fwp%2Fv2%2Fmedia&parent=14788"}],"wp:term":[{"taxonomy":"product_cat","embeddable":true,"href":"http:\/\/delikatesy.wineport.pl\/index.php?rest_route=%2Fwp%2Fv2%2Fproduct_cat&post=14788"},{"taxonomy":"product_tag","embeddable":true,"href":"http:\/\/delikatesy.wineport.pl\/index.php?rest_route=%2Fwp%2Fv2%2Fproduct_tag&post=14788"}],"curies":[{"name":"wp","href":"https:\/\/api.w.org\/{rel}","templated":true}]}}