{"id":14916,"date":"2024-03-14T14:09:58","date_gmt":"2024-03-14T13:09:58","guid":{"rendered":"http:\/\/delikatesy.wineport.pl\/?product=armagnac-baron-de-castelneau-1968-skrzynka"},"modified":"2026-05-10T19:21:04","modified_gmt":"2026-05-10T17:21:04","slug":"armagnac-baron-de-castelneau-1968-skrzynka","status":"publish","type":"product","link":"http:\/\/delikatesy.wineport.pl\/?product=armagnac-baron-de-castelneau-1968-skrzynka","title":{"rendered":"Armagnac Baron de Castelneau 1968 skrzynka"},"content":{"rendered":"<p><span style=\"color: #ff0000;\">UWAGA!!! NIE WYSY\u0141AMY ALKOHOLU KURIEREM W PRZYPADKU ZAM\u00d3WIE\u0143 OD OS\u00d3B PRYWATNYCH, TYLKO ODBI\u00d3R OSOBISTY NA UL. \u015aW. STANIS\u0141AWA 12 W WARSZAWIE!!! W przypadku op\u0142acenia zam\u00f3wienia alkoholu z wysy\u0142k\u0105, przy zwrocie pieni\u0119dzy zostanie potr\u0105cona prowizja\u00a0<\/span><strong style=\"color: #ff0000;\">DOTPAY<\/strong><span style=\"color: #ff0000;\">!<\/span><\/p>\n<p>Luksusowy armagnac Baron de Castelneau, to seria wyj\u0105ktowych trunk\u00f3w o w\u0142asnym unikatowym charakterze. Ka\u017cdy rocznik jest inny, dzi\u0119ki bukietom z\u0142o\u017conym z najsubtelniejszych nut aromat\u00f3w.<\/p>\n<p>Armaniak jest produkowany przez destylacj\u0119 bia\u0142ego wina w specjalnym destylatorze i wieloletnie le\u017cakowanie w d\u0119bowych beczkach. Natychmiast po destylacji armagnac jest umieszczany d\u0119bowych beczkach. Beczki s\u0105 sk\u0142adowane w winnicach o sta\u0142ej temperaturze i wilgotno\u015bci. Od tego momentu w winiaku zaczynaj\u0105 zachodzi\u0107 procesy \u201edojrzewania\u201d. Podczas tego procesu winiak nabiera pi\u0119knego bursztynowego koloru, kt\u00f3ry p\u00f3\u017aniej przechodzi w mahoniowy. Pojemno\u015b\u0107: 0,7l zawarto\u015b\u0107 alkoholu: 40%<\/p>\n","protected":false},"excerpt":{"rendered":"<p>Luksusowy armagnac Baron de Castelneau, to seria wyj\u0105ktowych trunk\u00f3w o w\u0142asnym unikatowym charakterze. Ka\u017cdy rocznik jest inny, dzi\u0119ki bukietom z\u0142o\u017conym z najsubtelniejszych nut aromat\u00f3w.<\/p>\n<p>Armaniak jest produkowany przez destylacj\u0119 bia\u0142ego wina w specjalnym destylatorze i wieloletnie le\u017cakowanie w d\u0119bowych beczkach. Natychmiast po destylacji armagnac jest umieszczany d\u0119bowych beczkach. Beczki s\u0105 sk\u0142adowane w winnicach o sta\u0142ej temperaturze i wilgotno\u015bci. Od tego momentu w winiaku zaczynaj\u0105 zachodzi\u0107 procesy \u201edojrzewania\u201d. Podczas tego procesu winiak nabiera pi\u0119knego bursztynowego koloru, kt\u00f3ry p\u00f3\u017aniej przechodzi w mahoniowy. Pojemno\u015b\u0107: 0,7l zawarto\u015b\u0107 alkoholu: 40%<\/p>\n","protected":false},"featured_media":14915,"comment_status":"open","ping_status":"closed","template":"","meta":[],"product_cat":[142,146,145],"product_tag":[],"class_list":{"0":"post-14916","1":"product","2":"type-product","3":"status-publish","4":"has-post-thumbnail","6":"product_cat-alkohole-mocne","7":"product_cat-armagnac-i-brandy","8":"product_cat-cognac","10":"first","11":"instock","12":"shipping-taxable","13":"purchasable","14":"product-type-simple"},"_links":{"self":[{"href":"http:\/\/delikatesy.wineport.pl\/index.php?rest_route=\/wp\/v2\/product\/14916","targetHints":{"allow":["GET"]}}],"collection":[{"href":"http:\/\/delikatesy.wineport.pl\/index.php?rest_route=\/wp\/v2\/product"}],"about":[{"href":"http:\/\/delikatesy.wineport.pl\/index.php?rest_route=\/wp\/v2\/types\/product"}],"replies":[{"embeddable":true,"href":"http:\/\/delikatesy.wineport.pl\/index.php?rest_route=%2Fwp%2Fv2%2Fcomments&post=14916"}],"wp:featuredmedia":[{"embeddable":true,"href":"http:\/\/delikatesy.wineport.pl\/index.php?rest_route=\/wp\/v2\/media\/14915"}],"wp:attachment":[{"href":"http:\/\/delikatesy.wineport.pl\/index.php?rest_route=%2Fwp%2Fv2%2Fmedia&parent=14916"}],"wp:term":[{"taxonomy":"product_cat","embeddable":true,"href":"http:\/\/delikatesy.wineport.pl\/index.php?rest_route=%2Fwp%2Fv2%2Fproduct_cat&post=14916"},{"taxonomy":"product_tag","embeddable":true,"href":"http:\/\/delikatesy.wineport.pl\/index.php?rest_route=%2Fwp%2Fv2%2Fproduct_tag&post=14916"}],"curies":[{"name":"wp","href":"https:\/\/api.w.org\/{rel}","templated":true}]}}