{"id":14954,"date":"2024-03-14T14:10:43","date_gmt":"2024-03-14T13:10:43","guid":{"rendered":"http:\/\/delikatesy.wineport.pl\/?product=the-irishman-12yo-single-malt-43"},"modified":"2026-05-10T19:22:09","modified_gmt":"2026-05-10T17:22:09","slug":"the-irishman-12yo-single-malt-43","status":"publish","type":"product","link":"http:\/\/delikatesy.wineport.pl\/?product=the-irishman-12yo-single-malt-43","title":{"rendered":"The Irishman 12YO Single Malt 43%"},"content":{"rendered":"<p>\u00a0<\/p>\n<p><span style=\"color: #ff0000; font-size: 16px; font-family: arial, helvetica, sans-serif;\">UWAGA!!! NIE WYSY\u0141AMY ALKOHOLU W PRZYPADKU ZAM\u00d3WIE\u0143 OD OS\u00d3B PRYWATNYCH, TYLKO ODBI\u00d3R OSOBISTY NA UL. \u015aW. STANIS\u0141AWA 12 W WARSZAWIE!!! W przypadku op\u0142acenia zam\u00f3wienia alkoholu z wysy\u0142k\u0105, przy zwrocie pieni\u0119dzy zostanie potr\u0105cona prowizja\u00a0DOTPAY!<\/span><\/p>\n<p>\u00a0<\/p>\n<p><span style=\"color: #ff0000; font-size: 16px; font-family: arial, helvetica, sans-serif;\">\u00a0<\/span><\/p>\n<p><span style=\"font-family: Helvetica, Tahoma, sans-serif;\">12-letni potr\u00f3jnie destylowany single malt, kt\u00f3ry dojrzewa\u0142 w \u015bwie\u017cych beczkach po Bourbonie (1st-fill) Pierwsza edycja tej whiskey powsta\u0142a we wrze\u015bniu 2013 roku. Od tego czasu co roku wybierane s\u0105 tylko najlepsze beczki, kt\u00f3rych zawarto\u015b\u0107 trafia do maksymalnie 6000 butelek rocznie. Whiskey nie jest filtrowana na zimno. W nosie bardzo bogata, s\u0142odkie nuty wanilii, przypraw, cynamonu, nalewki z go\u017adzik\u00f3w zr\u00f3wnowa\u017cone aromatami jab\u0142ek, gruszek, zw\u0119glonego drewna i \u015bwie\u017co \u015bci\u0119tego siana. W ustach oleista i bogata, pe\u0142na s\u0142odyczy wanilii, delikatnie wzmocnionej przez akcenty czarnego pieprzu, przechodz\u0105ca nast\u0119pnie w smaki soczystych owoc\u00f3w, nuty trawiaste i zbo\u017cowe. Finisz z d\u0142ugo utrzymuj\u0105cym si\u0119 soczystym smakiem j\u0119czmienia, d\u0119biny, \u015bmietankowych kr\u00f3wek i ciemnej czekolady.<\/span><\/p>\n","protected":false},"excerpt":{"rendered":"<p><span style=\"font-family: Helvetica, Tahoma, sans-serif;\">12-letni potr\u00f3jnie destylowany single malt, kt\u00f3ry dojrzewa\u0142 w \u015bwie\u017cych beczkach po Bourbonie (1st-fill) Pierwsza edycja tej whiskey powsta\u0142a we wrze\u015bniu 2013 roku. Od tego czasu co roku wybierane s\u0105 tylko najlepsze beczki, kt\u00f3rych zawarto\u015b\u0107 trafia do maksymalnie 6000 butelek rocznie. Whiskey nie jest filtrowana na zimno. W nosie bardzo bogata, s\u0142odkie nuty wanilii, przypraw, cynamonu, nalewki z go\u017adzik\u00f3w zr\u00f3wnowa\u017cone aromatami jab\u0142ek, gruszek, zw\u0119glonego drewna i \u015bwie\u017co \u015bci\u0119tego siana. W ustach oleista i bogata, pe\u0142na s\u0142odyczy wanilii, delikatnie wzmocnionej przez akcenty czarnego pieprzu, przechodz\u0105ca nast\u0119pnie w smaki soczystych owoc\u00f3w, nuty trawiaste i zbo\u017cowe. Finisz z d\u0142ugo utrzymuj\u0105cym si\u0119 soczystym smakiem j\u0119czmienia, d\u0119biny, \u015bmietankowych kr\u00f3wek i ciemnej czekolady.<\/span><\/p>\n","protected":false},"featured_media":14953,"comment_status":"open","ping_status":"closed","template":"","meta":[],"product_cat":[142,193,143],"product_tag":[],"class_list":{"0":"post-14954","1":"product","2":"type-product","3":"status-publish","4":"has-post-thumbnail","6":"product_cat-alkohole-mocne","7":"product_cat-irlandia","8":"product_cat-whisky","10":"first","11":"instock","12":"shipping-taxable","13":"purchasable","14":"product-type-simple"},"_links":{"self":[{"href":"http:\/\/delikatesy.wineport.pl\/index.php?rest_route=\/wp\/v2\/product\/14954","targetHints":{"allow":["GET"]}}],"collection":[{"href":"http:\/\/delikatesy.wineport.pl\/index.php?rest_route=\/wp\/v2\/product"}],"about":[{"href":"http:\/\/delikatesy.wineport.pl\/index.php?rest_route=\/wp\/v2\/types\/product"}],"replies":[{"embeddable":true,"href":"http:\/\/delikatesy.wineport.pl\/index.php?rest_route=%2Fwp%2Fv2%2Fcomments&post=14954"}],"wp:featuredmedia":[{"embeddable":true,"href":"http:\/\/delikatesy.wineport.pl\/index.php?rest_route=\/wp\/v2\/media\/14953"}],"wp:attachment":[{"href":"http:\/\/delikatesy.wineport.pl\/index.php?rest_route=%2Fwp%2Fv2%2Fmedia&parent=14954"}],"wp:term":[{"taxonomy":"product_cat","embeddable":true,"href":"http:\/\/delikatesy.wineport.pl\/index.php?rest_route=%2Fwp%2Fv2%2Fproduct_cat&post=14954"},{"taxonomy":"product_tag","embeddable":true,"href":"http:\/\/delikatesy.wineport.pl\/index.php?rest_route=%2Fwp%2Fv2%2Fproduct_tag&post=14954"}],"curies":[{"name":"wp","href":"https:\/\/api.w.org\/{rel}","templated":true}]}}