{"id":14956,"date":"2024-03-14T14:10:43","date_gmt":"2024-03-14T13:10:43","guid":{"rendered":"http:\/\/delikatesy.wineport.pl\/?product=the-irishman-cask-strength-54"},"modified":"2026-05-10T19:22:09","modified_gmt":"2026-05-10T17:22:09","slug":"the-irishman-cask-strength-54","status":"publish","type":"product","link":"http:\/\/delikatesy.wineport.pl\/?product=the-irishman-cask-strength-54","title":{"rendered":"The Irishman Cask Strength 54%"},"content":{"rendered":"<div class=\"c-product__details c-text\" style=\"font-size: 1.4rem; font-family: Helvetica, Tahoma, sans-serif;\">\n<p><span style=\"color: #ff0000; font-size: 16px; font-family: arial, helvetica, sans-serif;\">UWAGA!!! NIE WYSY\u0141AMY ALKOHOLU W PRZYPADKU ZAM\u00d3WIE\u0143 OD OS\u00d3B PRYWATNYCH, TYLKO ODBI\u00d3R OSOBISTY NA UL. \u015aW. STANIS\u0141AWA 12 W WARSZAWIE!!! W przypadku op\u0142acenia zam\u00f3wienia alkoholu z wysy\u0142k\u0105, przy zwrocie pieni\u0119dzy zostanie potr\u0105cona prowizja\u00a0DOTPAY!<\/span><\/p>\n<p><span style=\"color: #ff0000; font-size: 16px; font-family: arial, helvetica, sans-serif;\">\u00a0<\/span><\/p>\n<p><span class=\"h-nowrap\">Kraj: Irlandia<\/span>\u00a0<span class=\"h-nowrap\">Producent:\u00a0<a href=\"https:\/\/wina-mp.pl\/producent\/the-irishman\">The Irishman<\/a>\u00a0<\/span>\u00a0<span class=\"h-nowrap\">Poj.: 0.7<\/span>\u00a0<span class=\"h-nowrap\">Zaw. Alk. %: 54.0<\/span><\/p>\n<\/p><\/div>\n<div class=\"c-product__desc c-text c-text--lh\" style=\"font-size: 1.4rem; font-family: Helvetica, Tahoma, sans-serif;\">\n<p>Najwy\u017cszej jako\u015bci irlandzka whiskey, b\u0119d\u0105ca kompozycj\u0105 whiskey single malt i tradycyjnej Irlandzkiej Pot Still Whiskey produkowanej ze s\u0142odowanego i nies\u0142odowanego j\u0119czmienia. Wyprodukowana w 100% z j\u0119czmienia, trzykrotnie destylowana w tradycyjnych miedzianych alembikach, dojrzewa\u0142a w \u015bwie\u017cych beczkach po bourbonie (1st fill) i zosta\u0142a zabutelkowana bez rozcie\u0144czania wod\u0105 w tzw. wersji cask strength. Edycja limitowana do ok. 2500 butelek rocznie. Ka\u017cda butelka jest numerowana,podpisana i sprzedawana w eleganckiej drewnianej skrzyneczce. Aromat tej whiskey to cudowna, mi\u0119kka i delikatna kombinacja nut s\u0142odowych i owocowych, z wyra\u017anie wyczuwalnym imbirem. W ustach znakomita. Delikatnie oleista, s\u0142odowa, z akcentami wytrawnej d\u0119biny. Finisz d\u0142ugi, bogaty i wykwintnie czekoladowo-przyprawowy.<\/p>\n<\/p><\/div>\n","protected":false},"excerpt":{"rendered":"<div class=\"c-product__details c-text\" style=\"font-size: 1.4rem; font-family: Helvetica, Tahoma, sans-serif;\">\n<p><span class=\"h-nowrap\">Kraj: Irlandia<\/span>\u00a0<span class=\"h-nowrap\">Producent:\u00a0<a href=\"https:\/\/wina-mp.pl\/producent\/the-irishman\">The Irishman<\/a>\u00a0<\/span>\u00a0<span class=\"h-nowrap\">Poj.: 0.7<\/span>\u00a0<span class=\"h-nowrap\">Zaw. Alk. %: 54.0<\/span><\/p>\n<\/p><\/div>\n<div class=\"c-product__desc c-text c-text--lh\" style=\"font-size: 1.4rem; font-family: Helvetica, Tahoma, sans-serif;\">\n<p>Najwy\u017cszej jako\u015bci irlandzka whiskey, b\u0119d\u0105ca kompozycj\u0105 whiskey single malt i tradycyjnej Irlandzkiej Pot Still Whiskey produkowanej ze s\u0142odowanego i nies\u0142odowanego j\u0119czmienia. Wyprodukowana w 100% z j\u0119czmienia, trzykrotnie destylowana w tradycyjnych miedzianych alembikach, dojrzewa\u0142a w \u015bwie\u017cych beczkach po bourbonie (1st fill) i zosta\u0142a zabutelkowana bez rozcie\u0144czania wod\u0105 w tzw. wersji cask strength. Edycja limitowana do ok. 2500 butelek rocznie. Ka\u017cda butelka jest numerowana,podpisana i sprzedawana w eleganckiej drewnianej skrzyneczce. Aromat tej whiskey to cudowna, mi\u0119kka i delikatna kombinacja nut s\u0142odowych i owocowych, z wyra\u017anie wyczuwalnym imbirem. W ustach znakomita. Delikatnie oleista, s\u0142odowa, z akcentami wytrawnej d\u0119biny. Finisz d\u0142ugi, bogaty i wykwintnie czekoladowo-przyprawowy.<\/p>\n<\/p><\/div>\n","protected":false},"featured_media":14955,"comment_status":"open","ping_status":"closed","template":"","meta":[],"product_cat":[142,193,143],"product_tag":[],"class_list":{"0":"post-14956","1":"product","2":"type-product","3":"status-publish","4":"has-post-thumbnail","6":"product_cat-alkohole-mocne","7":"product_cat-irlandia","8":"product_cat-whisky","10":"first","11":"instock","12":"shipping-taxable","13":"purchasable","14":"product-type-simple"},"_links":{"self":[{"href":"http:\/\/delikatesy.wineport.pl\/index.php?rest_route=\/wp\/v2\/product\/14956","targetHints":{"allow":["GET"]}}],"collection":[{"href":"http:\/\/delikatesy.wineport.pl\/index.php?rest_route=\/wp\/v2\/product"}],"about":[{"href":"http:\/\/delikatesy.wineport.pl\/index.php?rest_route=\/wp\/v2\/types\/product"}],"replies":[{"embeddable":true,"href":"http:\/\/delikatesy.wineport.pl\/index.php?rest_route=%2Fwp%2Fv2%2Fcomments&post=14956"}],"wp:featuredmedia":[{"embeddable":true,"href":"http:\/\/delikatesy.wineport.pl\/index.php?rest_route=\/wp\/v2\/media\/14955"}],"wp:attachment":[{"href":"http:\/\/delikatesy.wineport.pl\/index.php?rest_route=%2Fwp%2Fv2%2Fmedia&parent=14956"}],"wp:term":[{"taxonomy":"product_cat","embeddable":true,"href":"http:\/\/delikatesy.wineport.pl\/index.php?rest_route=%2Fwp%2Fv2%2Fproduct_cat&post=14956"},{"taxonomy":"product_tag","embeddable":true,"href":"http:\/\/delikatesy.wineport.pl\/index.php?rest_route=%2Fwp%2Fv2%2Fproduct_tag&post=14956"}],"curies":[{"name":"wp","href":"https:\/\/api.w.org\/{rel}","templated":true}]}}