{"id":14962,"date":"2024-03-14T14:10:44","date_gmt":"2024-03-14T13:10:44","guid":{"rendered":"http:\/\/delikatesy.wineport.pl\/?product=writers-tears-copper-pot-2-kieliszki"},"modified":"2026-05-10T19:22:11","modified_gmt":"2026-05-10T17:22:11","slug":"writers-tears-copper-pot-2-kieliszki","status":"publish","type":"product","link":"http:\/\/delikatesy.wineport.pl\/?product=writers-tears-copper-pot-2-kieliszki","title":{"rendered":"Writers Tears Copper Pot + 2 kieliszki"},"content":{"rendered":"<div class=\"c-product__details c-text\" style=\"font-size: 1.4rem; font-family: Helvetica, Tahoma, sans-serif;\">\n<p><span style=\"color: #ff0000; font-size: 16px; font-family: arial, helvetica, sans-serif;\">UWAGA!!! NIE WYSY\u0141AMY ALKOHOLU W PRZYPADKU ZAM\u00d3WIE\u0143 OD OS\u00d3B PRYWATNYCH, TYLKO ODBI\u00d3R OSOBISTY NA UL. \u015aW. STANIS\u0141AWA 12 W WARSZAWIE!!! W przypadku op\u0142acenia zam\u00f3wienia alkoholu z wysy\u0142k\u0105, przy zwrocie pieni\u0119dzy zostanie potr\u0105cona prowizja\u00a0DOTPAY!<\/span><\/p>\n<p><span style=\"color: #ff0000; font-size: 16px; font-family: arial, helvetica, sans-serif;\">\u00a0<\/span><\/p>\n<p><span class=\"h-nowrap\">Kraj: Irlandia<\/span>\u00a0<span class=\"h-nowrap\">Producent:\u00a0The Irishman\u00a0<\/span>\u00a0<span class=\"h-nowrap\">Poj.: 0.7<\/span>\u00a0<span class=\"h-nowrap\">Zaw. Alk. %: 40.0<\/span><\/p>\n<\/p><\/div>\n<div class=\"c-product__desc c-text c-text--lh\" style=\"font-size: 1.4rem; font-family: Helvetica, Tahoma, sans-serif;\">\n<p>Writers Tears to delikatna, unikalna kompozycja whiskey single malt i tradycyjnej Irlandzkiej Pot Still Whiskey produkowanej ze s\u0142odowanego i nies\u0142odowanego j\u0119czmienia. Trzykrotnie destylowana w alembikach, dojrzewa\u0142a w beczkach po bourbonie. W nosie \u0142agodna i s\u0142odka, pe\u0142na aromat\u00f3w jab\u0142ek, miodu i wanilii. W ustach mi\u00f3d, wanilia, s\u0142\u00f3d w po\u0142\u0105czeniu z nutami toffi, imbiru, d\u0119biny i delikatnych przypraw. Finisz jest ca\u0142kiem d\u0142ugi, mi\u0119kki i s\u0142odkawy. Cudownie \u0142atwa do picia &#8211; \u015bwietna dla wszystkich, kt\u00f3rzy dopiero zaczynaj\u0105 swoj\u0105 przygod\u0119 z whisky.<\/p>\n<\/p><\/div>\n","protected":false},"excerpt":{"rendered":"<div class=\"c-product__details c-text\" style=\"font-size: 1.4rem; font-family: Helvetica, Tahoma, sans-serif;\">\n<p><span class=\"h-nowrap\">Kraj: Irlandia<\/span>\u00a0<span class=\"h-nowrap\">Producent:\u00a0The Irishman\u00a0<\/span>\u00a0<span class=\"h-nowrap\">Poj.: 0.7<\/span>\u00a0<span class=\"h-nowrap\">Zaw. Alk. %: 40.0<\/span><\/p>\n<\/p><\/div>\n<div class=\"c-product__desc c-text c-text--lh\" style=\"font-size: 1.4rem; font-family: Helvetica, Tahoma, sans-serif;\">\n<p>Writers Tears to delikatna, unikalna kompozycja whiskey single malt i tradycyjnej Irlandzkiej Pot Still Whiskey produkowanej ze s\u0142odowanego i nies\u0142odowanego j\u0119czmienia. Trzykrotnie destylowana w alembikach, dojrzewa\u0142a w beczkach po bourbonie. W nosie \u0142agodna i s\u0142odka, pe\u0142na aromat\u00f3w jab\u0142ek, miodu i wanilii. W ustach mi\u00f3d, wanilia, s\u0142\u00f3d w po\u0142\u0105czeniu z nutami toffi, imbiru, d\u0119biny i delikatnych przypraw. Finisz jest ca\u0142kiem d\u0142ugi, mi\u0119kki i s\u0142odkawy. Cudownie \u0142atwa do picia &#8211; \u015bwietna dla wszystkich, kt\u00f3rzy dopiero zaczynaj\u0105 swoj\u0105 przygod\u0119 z whisky.<\/p>\n<\/p><\/div>\n","protected":false},"featured_media":14961,"comment_status":"open","ping_status":"closed","template":"","meta":[],"product_cat":[142,193,143],"product_tag":[],"class_list":{"0":"post-14962","1":"product","2":"type-product","3":"status-publish","4":"has-post-thumbnail","6":"product_cat-alkohole-mocne","7":"product_cat-irlandia","8":"product_cat-whisky","10":"first","11":"instock","12":"shipping-taxable","13":"purchasable","14":"product-type-simple"},"_links":{"self":[{"href":"http:\/\/delikatesy.wineport.pl\/index.php?rest_route=\/wp\/v2\/product\/14962","targetHints":{"allow":["GET"]}}],"collection":[{"href":"http:\/\/delikatesy.wineport.pl\/index.php?rest_route=\/wp\/v2\/product"}],"about":[{"href":"http:\/\/delikatesy.wineport.pl\/index.php?rest_route=\/wp\/v2\/types\/product"}],"replies":[{"embeddable":true,"href":"http:\/\/delikatesy.wineport.pl\/index.php?rest_route=%2Fwp%2Fv2%2Fcomments&post=14962"}],"wp:featuredmedia":[{"embeddable":true,"href":"http:\/\/delikatesy.wineport.pl\/index.php?rest_route=\/wp\/v2\/media\/14961"}],"wp:attachment":[{"href":"http:\/\/delikatesy.wineport.pl\/index.php?rest_route=%2Fwp%2Fv2%2Fmedia&parent=14962"}],"wp:term":[{"taxonomy":"product_cat","embeddable":true,"href":"http:\/\/delikatesy.wineport.pl\/index.php?rest_route=%2Fwp%2Fv2%2Fproduct_cat&post=14962"},{"taxonomy":"product_tag","embeddable":true,"href":"http:\/\/delikatesy.wineport.pl\/index.php?rest_route=%2Fwp%2Fv2%2Fproduct_tag&post=14962"}],"curies":[{"name":"wp","href":"https:\/\/api.w.org\/{rel}","templated":true}]}}