{"id":14966,"date":"2024-03-14T14:10:45","date_gmt":"2024-03-14T13:10:45","guid":{"rendered":"http:\/\/delikatesy.wineport.pl\/?product=writers-tears-rare-cask-strength"},"modified":"2026-05-10T19:22:12","modified_gmt":"2026-05-10T17:22:12","slug":"writers-tears-rare-cask-strength","status":"publish","type":"product","link":"http:\/\/delikatesy.wineport.pl\/?product=writers-tears-rare-cask-strength","title":{"rendered":"Writers Tears Rare Cask Strength"},"content":{"rendered":"<div class=\"c-product__details c-text\" style=\"font-size: 1.4rem; font-family: Helvetica, Tahoma, sans-serif;\">\n<p><span style=\"color: #ff0000; font-size: 16px; font-family: arial, helvetica, sans-serif;\">UWAGA!!! NIE WYSY\u0141AMY ALKOHOLU W PRZYPADKU ZAM\u00d3WIE\u0143 OD OS\u00d3B PRYWATNYCH, TYLKO ODBI\u00d3R OSOBISTY NA UL. \u015aW. STANIS\u0141AWA 12 W WARSZAWIE!!! W przypadku op\u0142acenia zam\u00f3wienia alkoholu z wysy\u0142k\u0105, przy zwrocie pieni\u0119dzy zostanie potr\u0105cona prowizja\u00a0DOTPAY!<\/span><\/p>\n<p><span style=\"color: #ff0000; font-size: 16px; font-family: arial, helvetica, sans-serif;\">\u00a0<\/span><\/p>\n<p><span class=\"h-nowrap\">Kraj: Irlandia<\/span>\u00a0<span class=\"h-nowrap\">Producent:\u00a0The Irishman\u00a0<\/span>\u00a0<span class=\"h-nowrap\">Poj.: 0.7<\/span>\u00a0<span class=\"h-nowrap\">Zaw. Alk. %: 40.0<\/span><\/p>\n<\/p><\/div>\n<div class=\"c-product__desc c-text c-text--lh\" style=\"font-size: 1.4rem; font-family: Helvetica, Tahoma, sans-serif;\">\n<p>Writers Tears Cask Strength to unikalna kompozycja potr\u00f3jnie destylowanej whiskey single malt i tradycyjnej Single Pot Still, produkowanej ze s\u0142odowanego i nies\u0142odowanego j\u0119czmienia. Dojrzewa\u0142a w beczkach z d\u0119bu ameryka\u0144skiego i zosta\u0142a zabutelkowana bez rozcie\u0144czania wod\u0105 w tzw. wersji cask strength. Ka\u017cda edycja tej whiskey jest \u015bci\u015ble limitowana i obejmuje ok. 2500 butelek. Elegancka i soczysta, pe\u0142na aromat\u00f3w gruszki, moreli, sk\u00f3rki pomara\u0144czowej s\u0142odkiego j\u0119czmienia, siana, wanilii i cynamonu. W ustach s\u0142odka i intensywna, suszone owoce, czekolada, s\u0142\u00f3d j\u0119czmienny, mi\u00f3d, go\u017adziki, owoce cytrusowe i narastaj\u0105ca fala przypraw i tostowanej d\u0119biny. Finisz d\u0142ugi i bogaty.<\/p>\n<\/p><\/div>\n<div id=\"js-product\" style=\"font-size: 10px; font-family: Helvetica, Tahoma, sans-serif;\">\u00a0<\/div>\n","protected":false},"excerpt":{"rendered":"<div class=\"c-product__details c-text\" style=\"font-size: 1.4rem; font-family: Helvetica, Tahoma, sans-serif;\">\n<p><span class=\"h-nowrap\">Kraj: Irlandia<\/span>\u00a0<span class=\"h-nowrap\">Producent:\u00a0The Irishman\u00a0<\/span>\u00a0<span class=\"h-nowrap\">Poj.: 0.7<\/span>\u00a0<span class=\"h-nowrap\">Zaw. Alk. %: 40.0<\/span><\/p>\n<\/p><\/div>\n<div class=\"c-product__desc c-text c-text--lh\" style=\"font-size: 1.4rem; font-family: Helvetica, Tahoma, sans-serif;\">\n<p>Writers Tears Cask Strength to unikalna kompozycja potr\u00f3jnie destylowanej whiskey single malt i tradycyjnej Single Pot Still, produkowanej ze s\u0142odowanego i nies\u0142odowanego j\u0119czmienia. Dojrzewa\u0142a w beczkach z d\u0119bu ameryka\u0144skiego i zosta\u0142a zabutelkowana bez rozcie\u0144czania wod\u0105 w tzw. wersji cask strength. Ka\u017cda edycja tej whiskey jest \u015bci\u015ble limitowana i obejmuje ok. 2500 butelek. Elegancka i soczysta, pe\u0142na aromat\u00f3w gruszki, moreli, sk\u00f3rki pomara\u0144czowej s\u0142odkiego j\u0119czmienia, siana, wanilii i cynamonu. W ustach s\u0142odka i intensywna, suszone owoce, czekolada, s\u0142\u00f3d j\u0119czmienny, mi\u00f3d, go\u017adziki, owoce cytrusowe i narastaj\u0105ca fala przypraw i tostowanej d\u0119biny. Finisz d\u0142ugi i bogaty.<\/p>\n<\/p><\/div>\n<div id=\"js-product\" style=\"font-size: 10px; font-family: Helvetica, Tahoma, sans-serif;\">\u00a0<\/div>\n","protected":false},"featured_media":14965,"comment_status":"open","ping_status":"closed","template":"","meta":[],"product_cat":[142,193,143],"product_tag":[],"class_list":{"0":"post-14966","1":"product","2":"type-product","3":"status-publish","4":"has-post-thumbnail","6":"product_cat-alkohole-mocne","7":"product_cat-irlandia","8":"product_cat-whisky","10":"first","11":"instock","12":"shipping-taxable","13":"purchasable","14":"product-type-simple"},"_links":{"self":[{"href":"http:\/\/delikatesy.wineport.pl\/index.php?rest_route=\/wp\/v2\/product\/14966","targetHints":{"allow":["GET"]}}],"collection":[{"href":"http:\/\/delikatesy.wineport.pl\/index.php?rest_route=\/wp\/v2\/product"}],"about":[{"href":"http:\/\/delikatesy.wineport.pl\/index.php?rest_route=\/wp\/v2\/types\/product"}],"replies":[{"embeddable":true,"href":"http:\/\/delikatesy.wineport.pl\/index.php?rest_route=%2Fwp%2Fv2%2Fcomments&post=14966"}],"wp:featuredmedia":[{"embeddable":true,"href":"http:\/\/delikatesy.wineport.pl\/index.php?rest_route=\/wp\/v2\/media\/14965"}],"wp:attachment":[{"href":"http:\/\/delikatesy.wineport.pl\/index.php?rest_route=%2Fwp%2Fv2%2Fmedia&parent=14966"}],"wp:term":[{"taxonomy":"product_cat","embeddable":true,"href":"http:\/\/delikatesy.wineport.pl\/index.php?rest_route=%2Fwp%2Fv2%2Fproduct_cat&post=14966"},{"taxonomy":"product_tag","embeddable":true,"href":"http:\/\/delikatesy.wineport.pl\/index.php?rest_route=%2Fwp%2Fv2%2Fproduct_tag&post=14966"}],"curies":[{"name":"wp","href":"https:\/\/api.w.org\/{rel}","templated":true}]}}