{"id":14988,"date":"2024-03-14T14:10:49","date_gmt":"2024-03-14T13:10:49","guid":{"rendered":"http:\/\/delikatesy.wineport.pl\/?product=benriach-10-yo"},"modified":"2026-05-10T19:22:56","modified_gmt":"2026-05-10T17:22:56","slug":"benriach-10-yo","status":"publish","type":"product","link":"http:\/\/delikatesy.wineport.pl\/?product=benriach-10-yo","title":{"rendered":"Benriach 10 YO"},"content":{"rendered":"<div class=\"c-product__details c-text\" style=\"font-size: 1.4rem; font-family: Helvetica, Tahoma, sans-serif;\">\n<p><span style=\"color: #ff0000; font-size: 16px; font-family: arial, helvetica, sans-serif;\">UWAGA!!! NIE WYSY\u0141AMY ALKOHOLU W PRZYPADKU ZAM\u00d3WIE\u0143 OD OS\u00d3B PRYWATNYCH, TYLKO ODBI\u00d3R OSOBISTY NA UL. \u015aW. STANIS\u0141AWA 12 W WARSZAWIE!!! W przypadku op\u0142acenia zam\u00f3wienia alkoholu z wysy\u0142k\u0105, przy zwrocie pieni\u0119dzy zostanie potr\u0105cona prowizja\u00a0DOTPAY!<\/span><\/p>\n<p><span style=\"color: #ff0000; font-size: 16px; font-family: arial, helvetica, sans-serif;\">\u00a0<\/span><\/p>\n<p><span class=\"h-nowrap\">Kraj: Szkocja<\/span>\u00a0<span class=\"h-nowrap\">Region: Speyside<\/span>\u00a0<span class=\"h-nowrap\">Producent: Brown Forman\u00a0<\/span>\u00a0<span class=\"h-nowrap\">Poj.: 0.7<\/span>\u00a0<span class=\"h-nowrap\">Zaw. Alk. %: 43.0<\/span><\/p>\n<\/p><\/div>\n<div class=\"c-product__desc c-text c-text--lh\" style=\"font-size: 1.4rem; font-family: Helvetica, Tahoma, sans-serif;\">\n<p>\u0141agodny, owocowy single malt, kt\u00f3ry oddaje typowy charakter whisky z regionu Speyside. Dojrzewany w beczkach po bourbonie i po sherry Oloroso jest \u015bwie\u017cy i owocowy z wyczuwalnymi aromatami zielonych jab\u0142ek, mandarynek, brzoskwi\u0144, suszonych moreli z subtelnym dotkni\u0119ciem sk\u00f3rki cytrynowej i any\u017cu. Bukiet uzupe\u0142nia kremowa wanilia, nuty imbiru i mi\u0119ty. W ustach tostowana d\u0119bina, zielone jab\u0142ko, dojrza\u0142a brzoskwinia i banan. Dodatkowo delikatny posmak any\u017cu i sk\u00f3rki cytrynowej. W finiszu mocno wyczuwalne akcenty s\u0142odowe.<\/p>\n<\/p><\/div>\n","protected":false},"excerpt":{"rendered":"<div class=\"c-product__details c-text\" style=\"font-size: 1.4rem; font-family: Helvetica, Tahoma, sans-serif;\">\n<p><span class=\"h-nowrap\">Kraj: Szkocja<\/span>\u00a0<span class=\"h-nowrap\">Region: Speyside<\/span>\u00a0<span class=\"h-nowrap\">Producent: Brown Forman\u00a0<\/span>\u00a0<span class=\"h-nowrap\">Poj.: 0.7<\/span>\u00a0<span class=\"h-nowrap\">Zaw. Alk. %: 43.0<\/span><\/p>\n<\/p><\/div>\n<div class=\"c-product__desc c-text c-text--lh\" style=\"font-size: 1.4rem; font-family: Helvetica, Tahoma, sans-serif;\">\n<p>\u0141agodny, owocowy single malt, kt\u00f3ry oddaje typowy charakter whisky z regionu Speyside. Dojrzewany w beczkach po bourbonie i po sherry Oloroso jest \u015bwie\u017cy i owocowy z wyczuwalnymi aromatami zielonych jab\u0142ek, mandarynek, brzoskwi\u0144, suszonych moreli z subtelnym dotkni\u0119ciem sk\u00f3rki cytrynowej i any\u017cu. Bukiet uzupe\u0142nia kremowa wanilia, nuty imbiru i mi\u0119ty. W ustach tostowana d\u0119bina, zielone jab\u0142ko, dojrza\u0142a brzoskwinia i banan. Dodatkowo delikatny posmak any\u017cu i sk\u00f3rki cytrynowej. W finiszu mocno wyczuwalne akcenty s\u0142odowe.<\/p>\n<\/p><\/div>\n","protected":false},"featured_media":14987,"comment_status":"open","ping_status":"closed","template":"","meta":[],"product_cat":[142,154,143],"product_tag":[],"class_list":{"0":"post-14988","1":"product","2":"type-product","3":"status-publish","4":"has-post-thumbnail","6":"product_cat-alkohole-mocne","7":"product_cat-szkocja","8":"product_cat-whisky","10":"first","11":"instock","12":"shipping-taxable","13":"purchasable","14":"product-type-simple"},"_links":{"self":[{"href":"http:\/\/delikatesy.wineport.pl\/index.php?rest_route=\/wp\/v2\/product\/14988","targetHints":{"allow":["GET"]}}],"collection":[{"href":"http:\/\/delikatesy.wineport.pl\/index.php?rest_route=\/wp\/v2\/product"}],"about":[{"href":"http:\/\/delikatesy.wineport.pl\/index.php?rest_route=\/wp\/v2\/types\/product"}],"replies":[{"embeddable":true,"href":"http:\/\/delikatesy.wineport.pl\/index.php?rest_route=%2Fwp%2Fv2%2Fcomments&post=14988"}],"wp:featuredmedia":[{"embeddable":true,"href":"http:\/\/delikatesy.wineport.pl\/index.php?rest_route=\/wp\/v2\/media\/14987"}],"wp:attachment":[{"href":"http:\/\/delikatesy.wineport.pl\/index.php?rest_route=%2Fwp%2Fv2%2Fmedia&parent=14988"}],"wp:term":[{"taxonomy":"product_cat","embeddable":true,"href":"http:\/\/delikatesy.wineport.pl\/index.php?rest_route=%2Fwp%2Fv2%2Fproduct_cat&post=14988"},{"taxonomy":"product_tag","embeddable":true,"href":"http:\/\/delikatesy.wineport.pl\/index.php?rest_route=%2Fwp%2Fv2%2Fproduct_tag&post=14988"}],"curies":[{"name":"wp","href":"https:\/\/api.w.org\/{rel}","templated":true}]}}