{"id":14994,"date":"2024-03-14T14:10:50","date_gmt":"2024-03-14T13:10:50","guid":{"rendered":"http:\/\/delikatesy.wineport.pl\/?product=benriach-21-yo-tawny-port"},"modified":"2026-05-10T19:22:57","modified_gmt":"2026-05-10T17:22:57","slug":"benriach-21-yo-tawny-port","status":"publish","type":"product","link":"http:\/\/delikatesy.wineport.pl\/?product=benriach-21-yo-tawny-port","title":{"rendered":"Benriach 21 YO Tawny Port"},"content":{"rendered":"<div class=\"c-product__details c-text\" style=\"font-size: 1.4rem; font-family: Helvetica, Tahoma, sans-serif;\">\n<p><span style=\"color: #ff0000; font-size: 16px; font-family: arial, helvetica, sans-serif;\">UWAGA!!! NIE WYSY\u0141AMY ALKOHOLU W PRZYPADKU ZAM\u00d3WIE\u0143 OD OS\u00d3B PRYWATNYCH, TYLKO ODBI\u00d3R OSOBISTY NA UL. \u015aW. STANIS\u0141AWA 12 W WARSZAWIE!!! W przypadku op\u0142acenia zam\u00f3wienia alkoholu z wysy\u0142k\u0105, przy zwrocie pieni\u0119dzy zostanie potr\u0105cona prowizja\u00a0DOTPAY!<\/span><\/p>\n<p><span style=\"color: #ff0000; font-size: 16px; font-family: arial, helvetica, sans-serif;\">\u00a0<\/span><\/p>\n<p><span class=\"h-nowrap\">Kraj: Szkocja<\/span>\u00a0<span class=\"h-nowrap\">Region: Speyside<\/span>\u00a0<span class=\"h-nowrap\">Producent:\u00a0Benriach\u00a0<\/span>\u00a0<span class=\"h-nowrap\">Poj.: 0.7<\/span>\u00a0<span class=\"h-nowrap\">Zaw. Alk. %: 46.0<\/span><\/p>\n<\/p><\/div>\n<div class=\"c-product__desc c-text c-text--lh\" style=\"font-size: 1.4rem; font-family: Helvetica, Tahoma, sans-serif;\">\n<p>Znakomity, limitowany 21-letni single malt, kt\u00f3ry pocz\u0105tkowo dojrzewa\u0142 w beczkach po bourbonie a nast\u0119pnie by\u0142 finiszowany w beczkach po wzmacnianym portugalskim winie porto. W aromacie wyczuwamy czerwone owoce, maliny, je\u017cyny, \u017curawina, wanilia, toffi i akcenty bia\u0142ego pieprzu. W ustach owocowa, lekko pikantna z akcentami d\u017cemu z owoc\u00f3w jagodowych, kwa\u015bnych wi\u015bni, sk\u00f3rki pomara\u0144czowej, mlecznej czekolady i duszonego j\u0119czmienia. Finisz d\u0142ugi s\u0142odkopikantny z nut\u0105 debiny i kakao.<\/p>\n<\/p><\/div>\n","protected":false},"excerpt":{"rendered":"<div class=\"c-product__details c-text\" style=\"font-size: 1.4rem; font-family: Helvetica, Tahoma, sans-serif;\">\n<p><span class=\"h-nowrap\">Kraj: Szkocja<\/span>\u00a0<span class=\"h-nowrap\">Region: Speyside<\/span>\u00a0<span class=\"h-nowrap\">Producent:\u00a0Benriach\u00a0<\/span>\u00a0<span class=\"h-nowrap\">Poj.: 0.7<\/span>\u00a0<span class=\"h-nowrap\">Zaw. Alk. %: 46.0<\/span><\/p>\n<\/p><\/div>\n<div class=\"c-product__desc c-text c-text--lh\" style=\"font-size: 1.4rem; font-family: Helvetica, Tahoma, sans-serif;\">\n<p>Znakomity, limitowany 21-letni single malt, kt\u00f3ry pocz\u0105tkowo dojrzewa\u0142 w beczkach po bourbonie a nast\u0119pnie by\u0142 finiszowany w beczkach po wzmacnianym portugalskim winie porto. W aromacie wyczuwamy czerwone owoce, maliny, je\u017cyny, \u017curawina, wanilia, toffi i akcenty bia\u0142ego pieprzu. W ustach owocowa, lekko pikantna z akcentami d\u017cemu z owoc\u00f3w jagodowych, kwa\u015bnych wi\u015bni, sk\u00f3rki pomara\u0144czowej, mlecznej czekolady i duszonego j\u0119czmienia. Finisz d\u0142ugi s\u0142odkopikantny z nut\u0105 debiny i kakao.<\/p>\n<\/p><\/div>\n","protected":false},"featured_media":14993,"comment_status":"open","ping_status":"closed","template":"","meta":[],"product_cat":[142,154,143],"product_tag":[],"class_list":{"0":"post-14994","1":"product","2":"type-product","3":"status-publish","4":"has-post-thumbnail","6":"product_cat-alkohole-mocne","7":"product_cat-szkocja","8":"product_cat-whisky","10":"first","11":"instock","12":"shipping-taxable","13":"purchasable","14":"product-type-simple"},"_links":{"self":[{"href":"http:\/\/delikatesy.wineport.pl\/index.php?rest_route=\/wp\/v2\/product\/14994","targetHints":{"allow":["GET"]}}],"collection":[{"href":"http:\/\/delikatesy.wineport.pl\/index.php?rest_route=\/wp\/v2\/product"}],"about":[{"href":"http:\/\/delikatesy.wineport.pl\/index.php?rest_route=\/wp\/v2\/types\/product"}],"replies":[{"embeddable":true,"href":"http:\/\/delikatesy.wineport.pl\/index.php?rest_route=%2Fwp%2Fv2%2Fcomments&post=14994"}],"wp:featuredmedia":[{"embeddable":true,"href":"http:\/\/delikatesy.wineport.pl\/index.php?rest_route=\/wp\/v2\/media\/14993"}],"wp:attachment":[{"href":"http:\/\/delikatesy.wineport.pl\/index.php?rest_route=%2Fwp%2Fv2%2Fmedia&parent=14994"}],"wp:term":[{"taxonomy":"product_cat","embeddable":true,"href":"http:\/\/delikatesy.wineport.pl\/index.php?rest_route=%2Fwp%2Fv2%2Fproduct_cat&post=14994"},{"taxonomy":"product_tag","embeddable":true,"href":"http:\/\/delikatesy.wineport.pl\/index.php?rest_route=%2Fwp%2Fv2%2Fproduct_tag&post=14994"}],"curies":[{"name":"wp","href":"https:\/\/api.w.org\/{rel}","templated":true}]}}