{"id":14996,"date":"2024-03-14T14:10:50","date_gmt":"2024-03-14T13:10:50","guid":{"rendered":"http:\/\/delikatesy.wineport.pl\/?product=benriach-22-yo-moscatel"},"modified":"2026-05-10T19:22:58","modified_gmt":"2026-05-10T17:22:58","slug":"benriach-22-yo-moscatel","status":"publish","type":"product","link":"http:\/\/delikatesy.wineport.pl\/?product=benriach-22-yo-moscatel","title":{"rendered":"Benriach 22 YO Moscatel"},"content":{"rendered":"<div class=\"c-product__details c-text\" style=\"font-size: 1.4rem; font-family: Helvetica, Tahoma, sans-serif;\">\n<p><span style=\"color: #ff0000; font-size: 16px; font-family: arial, helvetica, sans-serif;\">UWAGA!!! NIE WYSY\u0141AMY ALKOHOLU W PRZYPADKU ZAM\u00d3WIE\u0143 OD OS\u00d3B PRYWATNYCH, TYLKO ODBI\u00d3R OSOBISTY NA UL. \u015aW. STANIS\u0141AWA 12 W WARSZAWIE!!! W przypadku op\u0142acenia zam\u00f3wienia alkoholu z wysy\u0142k\u0105, przy zwrocie pieni\u0119dzy zostanie potr\u0105cona prowizja\u00a0DOTPAY!<\/span><\/p>\n<p><span style=\"color: #ff0000; font-size: 16px; font-family: arial, helvetica, sans-serif;\">\u00a0<\/span><\/p>\n<p><span class=\"h-nowrap\">Kraj: Szkocja<\/span>\u00a0<span class=\"h-nowrap\">Region: Speyside<\/span>\u00a0<span class=\"h-nowrap\">Producent:\u00a0Benriach\u00a0<\/span>\u00a0<span class=\"h-nowrap\">Poj.: 0.7<\/span>\u00a0<span class=\"h-nowrap\">Zaw. Alk. %: 46.0<\/span><\/p>\n<\/p><\/div>\n<div class=\"c-product__desc c-text c-text--lh\" style=\"font-size: 1.4rem; font-family: Helvetica, Tahoma, sans-serif;\">\n<p>Wyj\u0105tkowy 22-letni Single Malt, kt\u00f3ry dojrzewa\u0142 w beczkach po bourbonie, a nast\u0119pnie by\u0142 finiszowany w beczkach po s\u0142odkim, portugalskim winie Moscatel. Barwa ciemnego z\u0142ota. Aromat pe\u0142ny z wyczuwaln\u0105 marmolad\u0105 pomara\u0144czow\u0105, s\u0142odkimi daktylami, kakao, cynamonem i akcentem mi\u0119ty. W smaku bogaty, intensywnie czekoladowy, wzbogacony nutami wi\u015bni, \u015bliwek i miodu. Finisz kr\u0105g\u0142y z delikatn\u0105 ga\u0142k\u0105 muszkato\u0142ow\u0105, nutami s\u0142odu i starej sk\u00f3ry, zr\u00f3wnowa\u017cony przyprawami, d\u0119bin\u0105 i owocami.<\/p>\n<\/p><\/div>\n","protected":false},"excerpt":{"rendered":"<div class=\"c-product__details c-text\" style=\"font-size: 1.4rem; font-family: Helvetica, Tahoma, sans-serif;\">\n<p><span class=\"h-nowrap\">Kraj: Szkocja<\/span>\u00a0<span class=\"h-nowrap\">Region: Speyside<\/span>\u00a0<span class=\"h-nowrap\">Producent:\u00a0Benriach\u00a0<\/span>\u00a0<span class=\"h-nowrap\">Poj.: 0.7<\/span>\u00a0<span class=\"h-nowrap\">Zaw. Alk. %: 46.0<\/span><\/p>\n<\/p><\/div>\n<div class=\"c-product__desc c-text c-text--lh\" style=\"font-size: 1.4rem; font-family: Helvetica, Tahoma, sans-serif;\">\n<p>Wyj\u0105tkowy 22-letni Single Malt, kt\u00f3ry dojrzewa\u0142 w beczkach po bourbonie, a nast\u0119pnie by\u0142 finiszowany w beczkach po s\u0142odkim, portugalskim winie Moscatel. Barwa ciemnego z\u0142ota. Aromat pe\u0142ny z wyczuwaln\u0105 marmolad\u0105 pomara\u0144czow\u0105, s\u0142odkimi daktylami, kakao, cynamonem i akcentem mi\u0119ty. W smaku bogaty, intensywnie czekoladowy, wzbogacony nutami wi\u015bni, \u015bliwek i miodu. Finisz kr\u0105g\u0142y z delikatn\u0105 ga\u0142k\u0105 muszkato\u0142ow\u0105, nutami s\u0142odu i starej sk\u00f3ry, zr\u00f3wnowa\u017cony przyprawami, d\u0119bin\u0105 i owocami.<\/p>\n<\/p><\/div>\n","protected":false},"featured_media":14995,"comment_status":"open","ping_status":"closed","template":"","meta":[],"product_cat":[142,154,143],"product_tag":[],"class_list":{"0":"post-14996","1":"product","2":"type-product","3":"status-publish","4":"has-post-thumbnail","6":"product_cat-alkohole-mocne","7":"product_cat-szkocja","8":"product_cat-whisky","10":"first","11":"instock","12":"shipping-taxable","13":"purchasable","14":"product-type-simple"},"_links":{"self":[{"href":"http:\/\/delikatesy.wineport.pl\/index.php?rest_route=\/wp\/v2\/product\/14996","targetHints":{"allow":["GET"]}}],"collection":[{"href":"http:\/\/delikatesy.wineport.pl\/index.php?rest_route=\/wp\/v2\/product"}],"about":[{"href":"http:\/\/delikatesy.wineport.pl\/index.php?rest_route=\/wp\/v2\/types\/product"}],"replies":[{"embeddable":true,"href":"http:\/\/delikatesy.wineport.pl\/index.php?rest_route=%2Fwp%2Fv2%2Fcomments&post=14996"}],"wp:featuredmedia":[{"embeddable":true,"href":"http:\/\/delikatesy.wineport.pl\/index.php?rest_route=\/wp\/v2\/media\/14995"}],"wp:attachment":[{"href":"http:\/\/delikatesy.wineport.pl\/index.php?rest_route=%2Fwp%2Fv2%2Fmedia&parent=14996"}],"wp:term":[{"taxonomy":"product_cat","embeddable":true,"href":"http:\/\/delikatesy.wineport.pl\/index.php?rest_route=%2Fwp%2Fv2%2Fproduct_cat&post=14996"},{"taxonomy":"product_tag","embeddable":true,"href":"http:\/\/delikatesy.wineport.pl\/index.php?rest_route=%2Fwp%2Fv2%2Fproduct_tag&post=14996"}],"curies":[{"name":"wp","href":"https:\/\/api.w.org\/{rel}","templated":true}]}}