{"id":15000,"date":"2024-03-14T14:10:51","date_gmt":"2024-03-14T13:10:51","guid":{"rendered":"http:\/\/delikatesy.wineport.pl\/?product=benriach-35-yo"},"modified":"2026-05-10T19:22:58","modified_gmt":"2026-05-10T17:22:58","slug":"benriach-35-yo","status":"publish","type":"product","link":"http:\/\/delikatesy.wineport.pl\/?product=benriach-35-yo","title":{"rendered":"Benriach 35 YO"},"content":{"rendered":"<div class=\"c-product__details c-text\" style=\"font-size: 1.4rem; font-family: Helvetica, Tahoma, sans-serif;\">\n<p><span style=\"color: #ff0000; font-size: 16px; font-family: arial, helvetica, sans-serif;\">UWAGA!!! NIE WYSY\u0141AMY ALKOHOLU W PRZYPADKU ZAM\u00d3WIE\u0143 OD OS\u00d3B PRYWATNYCH, TYLKO ODBI\u00d3R OSOBISTY NA UL. \u015aW. STANIS\u0141AWA 12 W WARSZAWIE!!! W przypadku op\u0142acenia zam\u00f3wienia alkoholu z wysy\u0142k\u0105, przy zwrocie pieni\u0119dzy zostanie potr\u0105cona prowizja\u00a0DOTPAY!<\/span><\/p>\n<p><span style=\"color: #ff0000; font-size: 16px; font-family: arial, helvetica, sans-serif;\">\u00a0<\/span><\/p>\n<p><span class=\"h-nowrap\">Kraj: Szkocja<\/span>\u00a0<span class=\"h-nowrap\">Region: Speyside<\/span>\u00a0<span class=\"h-nowrap\">Producent:\u00a0<a href=\"https:\/\/wina-mp.pl\/producent\/benriach\">Benriach<\/a>\u00a0<\/span>\u00a0<span class=\"h-nowrap\">Poj.: 0.7<\/span>\u00a0<span class=\"h-nowrap\">Zaw. Alk. %: 42.5<\/span><\/p>\n<\/p><\/div>\n<div class=\"c-product__desc c-text c-text--lh\" style=\"font-size: 1.4rem; font-family: Helvetica, Tahoma, sans-serif;\">\n<p>Niepowtarzalny i limitowany single malt wprowadzony na rynek w 2014 roku w zamian za edycj\u0119 30-letni\u0105. Zawiera whisky z beczek nape\u0142nionych w 1970 roku kiedy w\u0142a\u015bcicielem destylarni by\u0142 Glenlivet. Jest \u015bwietnym przyk\u0142adem tradycyjnego stylu starszych whisky z regionu Speyside. Naturalny, z\u0142oto-bursztynowy kolor. W nosie wyczuwalne aromaty owoc\u00f3w egzotycznych z odrobin\u0105 \u015bwie\u017cej mi\u0119ty i gorzkiej czekolady w tle. \u0141adnie wyko\u0144czone ciep\u0142ymi nutami palonej d\u0119biny. W ustach odnajdziemy posmak papai, suszonych moreli i przypraw korzennych, nast\u0119pnie syrop klonowy i mleczn\u0105 czekolad\u0119. Finisz bardzo elegancki i niezwykle d\u0142ugi.<\/p>\n<\/p><\/div>\n","protected":false},"excerpt":{"rendered":"<div class=\"c-product__details c-text\" style=\"font-size: 1.4rem; font-family: Helvetica, Tahoma, sans-serif;\">\n<p><span class=\"h-nowrap\">Kraj: Szkocja<\/span>\u00a0<span class=\"h-nowrap\">Region: Speyside<\/span>\u00a0<span class=\"h-nowrap\">Producent:\u00a0<a href=\"https:\/\/wina-mp.pl\/producent\/benriach\">Benriach<\/a>\u00a0<\/span>\u00a0<span class=\"h-nowrap\">Poj.: 0.7<\/span>\u00a0<span class=\"h-nowrap\">Zaw. Alk. %: 42.5<\/span><\/p>\n<\/p><\/div>\n<div class=\"c-product__desc c-text c-text--lh\" style=\"font-size: 1.4rem; font-family: Helvetica, Tahoma, sans-serif;\">\n<p>Niepowtarzalny i limitowany single malt wprowadzony na rynek w 2014 roku w zamian za edycj\u0119 30-letni\u0105. Zawiera whisky z beczek nape\u0142nionych w 1970 roku kiedy w\u0142a\u015bcicielem destylarni by\u0142 Glenlivet. Jest \u015bwietnym przyk\u0142adem tradycyjnego stylu starszych whisky z regionu Speyside. Naturalny, z\u0142oto-bursztynowy kolor. W nosie wyczuwalne aromaty owoc\u00f3w egzotycznych z odrobin\u0105 \u015bwie\u017cej mi\u0119ty i gorzkiej czekolady w tle. \u0141adnie wyko\u0144czone ciep\u0142ymi nutami palonej d\u0119biny. W ustach odnajdziemy posmak papai, suszonych moreli i przypraw korzennych, nast\u0119pnie syrop klonowy i mleczn\u0105 czekolad\u0119. Finisz bardzo elegancki i niezwykle d\u0142ugi.<\/p>\n<\/p><\/div>\n","protected":false},"featured_media":14999,"comment_status":"open","ping_status":"closed","template":"","meta":[],"product_cat":[142,154,143],"product_tag":[],"class_list":{"0":"post-15000","1":"product","2":"type-product","3":"status-publish","4":"has-post-thumbnail","6":"product_cat-alkohole-mocne","7":"product_cat-szkocja","8":"product_cat-whisky","10":"first","11":"instock","12":"shipping-taxable","13":"purchasable","14":"product-type-simple"},"_links":{"self":[{"href":"http:\/\/delikatesy.wineport.pl\/index.php?rest_route=\/wp\/v2\/product\/15000","targetHints":{"allow":["GET"]}}],"collection":[{"href":"http:\/\/delikatesy.wineport.pl\/index.php?rest_route=\/wp\/v2\/product"}],"about":[{"href":"http:\/\/delikatesy.wineport.pl\/index.php?rest_route=\/wp\/v2\/types\/product"}],"replies":[{"embeddable":true,"href":"http:\/\/delikatesy.wineport.pl\/index.php?rest_route=%2Fwp%2Fv2%2Fcomments&post=15000"}],"wp:featuredmedia":[{"embeddable":true,"href":"http:\/\/delikatesy.wineport.pl\/index.php?rest_route=\/wp\/v2\/media\/14999"}],"wp:attachment":[{"href":"http:\/\/delikatesy.wineport.pl\/index.php?rest_route=%2Fwp%2Fv2%2Fmedia&parent=15000"}],"wp:term":[{"taxonomy":"product_cat","embeddable":true,"href":"http:\/\/delikatesy.wineport.pl\/index.php?rest_route=%2Fwp%2Fv2%2Fproduct_cat&post=15000"},{"taxonomy":"product_tag","embeddable":true,"href":"http:\/\/delikatesy.wineport.pl\/index.php?rest_route=%2Fwp%2Fv2%2Fproduct_tag&post=15000"}],"curies":[{"name":"wp","href":"https:\/\/api.w.org\/{rel}","templated":true}]}}