{"id":15002,"date":"2024-03-14T14:10:52","date_gmt":"2024-03-14T13:10:52","guid":{"rendered":"http:\/\/delikatesy.wineport.pl\/?product=benriach-birnie-moss-single-malt"},"modified":"2026-05-10T19:22:59","modified_gmt":"2026-05-10T17:22:59","slug":"benriach-birnie-moss-single-malt","status":"publish","type":"product","link":"http:\/\/delikatesy.wineport.pl\/?product=benriach-birnie-moss-single-malt","title":{"rendered":"Benriach Birnie Moss Single Malt"},"content":{"rendered":"<div class=\"c-product__details c-text\" style=\"font-size: 1.4rem; font-family: Helvetica, Tahoma, sans-serif;\">\n<p><span style=\"color: #ff0000; font-size: 16px; font-family: arial, helvetica, sans-serif;\">UWAGA!!! NIE WYSY\u0141AMY ALKOHOLU W PRZYPADKU ZAM\u00d3WIE\u0143 OD OS\u00d3B PRYWATNYCH, TYLKO ODBI\u00d3R OSOBISTY NA UL. \u015aW. STANIS\u0141AWA 12 W WARSZAWIE!!! W przypadku op\u0142acenia zam\u00f3wienia alkoholu z wysy\u0142k\u0105, przy zwrocie pieni\u0119dzy zostanie potr\u0105cona prowizja\u00a0DOTPAY!<\/span><\/p>\n<p><span style=\"color: #ff0000; font-size: 16px; font-family: arial, helvetica, sans-serif;\">\u00a0<\/span><\/p>\n<p><span class=\"h-nowrap\">Kraj: Szkocja<\/span>\u00a0<span class=\"h-nowrap\">Region: Speyside<\/span>\u00a0<span class=\"h-nowrap\">Producent: Brown Forman\u00a0<\/span>\u00a0<span class=\"h-nowrap\">Poj.: 0.7<\/span>\u00a0<span class=\"h-nowrap\">Zaw. Alk. %: 48.0<\/span><\/p>\n<\/p><\/div>\n<div class=\"c-product__desc c-text c-text--lh\" style=\"font-size: 1.4rem; font-family: Helvetica, Tahoma, sans-serif;\">\n<p>Birnie Moss to obszar dzikich smaganych wiatrem wrzosowisk, znajduj\u0105cych si\u0119 w pobli\u017cu destylarni BenRiach. Taka jest te\u017c whisky: m\u0142oda, pe\u0142na wigoru, kt\u00f3ra na pierwszym planie objawia sw\u00f3j torfowy i dymny charakter. W nosie opr\u00f3cz torfu wyczuwalne aromaty wanilii i d\u0119biny. Usta zalewa bogactwo i s\u0142odycz szkockiego torfu w po\u0142\u0105czeniu z posmakiem wanilii i owoc\u00f3w tropikalnych. Kolor jasno &#8211; z\u0142oty, ca\u0142kowicie naturalny.<\/p>\n<\/p><\/div>\n","protected":false},"excerpt":{"rendered":"<div class=\"c-product__details c-text\" style=\"font-size: 1.4rem; font-family: Helvetica, Tahoma, sans-serif;\">\n<p><span class=\"h-nowrap\">Kraj: Szkocja<\/span>\u00a0<span class=\"h-nowrap\">Region: Speyside<\/span>\u00a0<span class=\"h-nowrap\">Producent: Brown Forman\u00a0<\/span>\u00a0<span class=\"h-nowrap\">Poj.: 0.7<\/span>\u00a0<span class=\"h-nowrap\">Zaw. Alk. %: 48.0<\/span><\/p>\n<\/p><\/div>\n<div class=\"c-product__desc c-text c-text--lh\" style=\"font-size: 1.4rem; font-family: Helvetica, Tahoma, sans-serif;\">\n<p>Birnie Moss to obszar dzikich smaganych wiatrem wrzosowisk, znajduj\u0105cych si\u0119 w pobli\u017cu destylarni BenRiach. Taka jest te\u017c whisky: m\u0142oda, pe\u0142na wigoru, kt\u00f3ra na pierwszym planie objawia sw\u00f3j torfowy i dymny charakter. W nosie opr\u00f3cz torfu wyczuwalne aromaty wanilii i d\u0119biny. Usta zalewa bogactwo i s\u0142odycz szkockiego torfu w po\u0142\u0105czeniu z posmakiem wanilii i owoc\u00f3w tropikalnych. Kolor jasno &#8211; z\u0142oty, ca\u0142kowicie naturalny.<\/p>\n<\/p><\/div>\n","protected":false},"featured_media":15001,"comment_status":"open","ping_status":"closed","template":"","meta":[],"product_cat":[142,154,143],"product_tag":[],"class_list":{"0":"post-15002","1":"product","2":"type-product","3":"status-publish","4":"has-post-thumbnail","6":"product_cat-alkohole-mocne","7":"product_cat-szkocja","8":"product_cat-whisky","10":"first","11":"instock","12":"shipping-taxable","13":"purchasable","14":"product-type-simple"},"_links":{"self":[{"href":"http:\/\/delikatesy.wineport.pl\/index.php?rest_route=\/wp\/v2\/product\/15002","targetHints":{"allow":["GET"]}}],"collection":[{"href":"http:\/\/delikatesy.wineport.pl\/index.php?rest_route=\/wp\/v2\/product"}],"about":[{"href":"http:\/\/delikatesy.wineport.pl\/index.php?rest_route=\/wp\/v2\/types\/product"}],"replies":[{"embeddable":true,"href":"http:\/\/delikatesy.wineport.pl\/index.php?rest_route=%2Fwp%2Fv2%2Fcomments&post=15002"}],"wp:featuredmedia":[{"embeddable":true,"href":"http:\/\/delikatesy.wineport.pl\/index.php?rest_route=\/wp\/v2\/media\/15001"}],"wp:attachment":[{"href":"http:\/\/delikatesy.wineport.pl\/index.php?rest_route=%2Fwp%2Fv2%2Fmedia&parent=15002"}],"wp:term":[{"taxonomy":"product_cat","embeddable":true,"href":"http:\/\/delikatesy.wineport.pl\/index.php?rest_route=%2Fwp%2Fv2%2Fproduct_cat&post=15002"},{"taxonomy":"product_tag","embeddable":true,"href":"http:\/\/delikatesy.wineport.pl\/index.php?rest_route=%2Fwp%2Fv2%2Fproduct_tag&post=15002"}],"curies":[{"name":"wp","href":"https:\/\/api.w.org\/{rel}","templated":true}]}}