{"id":15004,"date":"2024-03-14T14:10:53","date_gmt":"2024-03-14T13:10:53","guid":{"rendered":"http:\/\/delikatesy.wineport.pl\/?product=benriach-cask-strenght-572-batch-1"},"modified":"2026-05-10T19:22:59","modified_gmt":"2026-05-10T17:22:59","slug":"benriach-cask-strenght-572-batch-1","status":"publish","type":"product","link":"http:\/\/delikatesy.wineport.pl\/?product=benriach-cask-strenght-572-batch-1","title":{"rendered":"Benriach Cask Strenght 57,2% Batch 1"},"content":{"rendered":"<div class=\"c-product__details c-text\" style=\"font-size: 1.4rem; font-family: Helvetica, Tahoma, sans-serif;\">\n<p><span style=\"color: #ff0000; font-size: 16px; font-family: arial, helvetica, sans-serif;\">UWAGA!!! NIE WYSY\u0141AMY ALKOHOLU W PRZYPADKU ZAM\u00d3WIE\u0143 OD OS\u00d3B PRYWATNYCH, TYLKO ODBI\u00d3R OSOBISTY NA UL. \u015aW. STANIS\u0141AWA 12 W WARSZAWIE!!! W przypadku op\u0142acenia zam\u00f3wienia alkoholu z wysy\u0142k\u0105, przy zwrocie pieni\u0119dzy zostanie potr\u0105cona prowizja\u00a0DOTPAY!<\/span><\/p>\n<p><span style=\"color: #ff0000; font-size: 16px; font-family: arial, helvetica, sans-serif;\">\u00a0<\/span><\/p>\n<p><span class=\"h-nowrap\">Kraj: Szkocja<\/span>\u00a0<span class=\"h-nowrap\">Region: Speyside<\/span>\u00a0<span class=\"h-nowrap\">Producent:\u00a0<a href=\"https:\/\/wina-mp.pl\/producent\/benriach\">Benriach<\/a>\u00a0<\/span>\u00a0<span class=\"h-nowrap\">Poj.: 0.7<\/span>\u00a0<span class=\"h-nowrap\">Zaw. Alk. %: 57.2<\/span><\/p>\n<\/p><\/div>\n<div class=\"c-product__desc c-text c-text--lh\" style=\"font-size: 1.4rem; font-family: Helvetica, Tahoma, sans-serif;\">\n<p>Inauguracyjny wypust nowej serii Benriacha \u2013 Cask Strength, zabutelkowany z moc\u0105 57,2 %. Aromat pe\u0142en owoc\u00f3w sadu, j\u0119czmienia i przypraw (wanilia, go\u017adziki), uzupe\u0142nione nutami kokosa i kwiat\u00f3w. W smaku jest \u015bwietnym przyk\u0142adem cudownego charakteru whisky z tej destylarni. Odnajdujemy tu kremowy mi\u00f3d wrzosowy, jab\u0142ka, gruszki i morele. Do tego subtelne nuty kandyzowanych sk\u00f3rek cytrus\u00f3w i \u015bwie\u017cego imbiru \u0142\u0105cz\u0105cych si\u0119 klasycznie w finiszu z wanili\u0105, pieczonym kokosem i nutami s\u0142odu j\u0119czmiennego<\/p>\n<\/p><\/div>\n","protected":false},"excerpt":{"rendered":"<div class=\"c-product__details c-text\" style=\"font-size: 1.4rem; font-family: Helvetica, Tahoma, sans-serif;\">\n<p><span class=\"h-nowrap\">Kraj: Szkocja<\/span>\u00a0<span class=\"h-nowrap\">Region: Speyside<\/span>\u00a0<span class=\"h-nowrap\">Producent:\u00a0<a href=\"https:\/\/wina-mp.pl\/producent\/benriach\">Benriach<\/a>\u00a0<\/span>\u00a0<span class=\"h-nowrap\">Poj.: 0.7<\/span>\u00a0<span class=\"h-nowrap\">Zaw. Alk. %: 57.2<\/span><\/p>\n<\/p><\/div>\n<div class=\"c-product__desc c-text c-text--lh\" style=\"font-size: 1.4rem; font-family: Helvetica, Tahoma, sans-serif;\">\n<p>Inauguracyjny wypust nowej serii Benriacha \u2013 Cask Strength, zabutelkowany z moc\u0105 57,2 %. Aromat pe\u0142en owoc\u00f3w sadu, j\u0119czmienia i przypraw (wanilia, go\u017adziki), uzupe\u0142nione nutami kokosa i kwiat\u00f3w. W smaku jest \u015bwietnym przyk\u0142adem cudownego charakteru whisky z tej destylarni. Odnajdujemy tu kremowy mi\u00f3d wrzosowy, jab\u0142ka, gruszki i morele. Do tego subtelne nuty kandyzowanych sk\u00f3rek cytrus\u00f3w i \u015bwie\u017cego imbiru \u0142\u0105cz\u0105cych si\u0119 klasycznie w finiszu z wanili\u0105, pieczonym kokosem i nutami s\u0142odu j\u0119czmiennego<\/p>\n<\/p><\/div>\n","protected":false},"featured_media":15003,"comment_status":"open","ping_status":"closed","template":"","meta":[],"product_cat":[142,154,143],"product_tag":[],"class_list":{"0":"post-15004","1":"product","2":"type-product","3":"status-publish","4":"has-post-thumbnail","6":"product_cat-alkohole-mocne","7":"product_cat-szkocja","8":"product_cat-whisky","10":"first","11":"instock","12":"shipping-taxable","13":"purchasable","14":"product-type-simple"},"_links":{"self":[{"href":"http:\/\/delikatesy.wineport.pl\/index.php?rest_route=\/wp\/v2\/product\/15004","targetHints":{"allow":["GET"]}}],"collection":[{"href":"http:\/\/delikatesy.wineport.pl\/index.php?rest_route=\/wp\/v2\/product"}],"about":[{"href":"http:\/\/delikatesy.wineport.pl\/index.php?rest_route=\/wp\/v2\/types\/product"}],"replies":[{"embeddable":true,"href":"http:\/\/delikatesy.wineport.pl\/index.php?rest_route=%2Fwp%2Fv2%2Fcomments&post=15004"}],"wp:featuredmedia":[{"embeddable":true,"href":"http:\/\/delikatesy.wineport.pl\/index.php?rest_route=\/wp\/v2\/media\/15003"}],"wp:attachment":[{"href":"http:\/\/delikatesy.wineport.pl\/index.php?rest_route=%2Fwp%2Fv2%2Fmedia&parent=15004"}],"wp:term":[{"taxonomy":"product_cat","embeddable":true,"href":"http:\/\/delikatesy.wineport.pl\/index.php?rest_route=%2Fwp%2Fv2%2Fproduct_cat&post=15004"},{"taxonomy":"product_tag","embeddable":true,"href":"http:\/\/delikatesy.wineport.pl\/index.php?rest_route=%2Fwp%2Fv2%2Fproduct_tag&post=15004"}],"curies":[{"name":"wp","href":"https:\/\/api.w.org\/{rel}","templated":true}]}}