{"id":15014,"date":"2024-03-14T14:10:55","date_gmt":"2024-03-14T13:10:55","guid":{"rendered":"http:\/\/delikatesy.wineport.pl\/?product=glendronach-21-yo-parliament"},"modified":"2026-05-10T19:23:01","modified_gmt":"2026-05-10T17:23:01","slug":"glendronach-21-yo-parliament","status":"publish","type":"product","link":"http:\/\/delikatesy.wineport.pl\/?product=glendronach-21-yo-parliament","title":{"rendered":"Glendronach 21 YO Parliament"},"content":{"rendered":"<div class=\"c-product__details c-text\" style=\"font-size: 1.4rem; font-family: Helvetica, Tahoma, sans-serif;\">\n<p><span style=\"color: #ff0000; font-size: 16px; font-family: arial, helvetica, sans-serif;\">UWAGA!!! NIE WYSY\u0141AMY ALKOHOLU W PRZYPADKU ZAM\u00d3WIE\u0143 OD OS\u00d3B PRYWATNYCH, TYLKO ODBI\u00d3R OSOBISTY NA UL. \u015aW. STANIS\u0141AWA 12 W WARSZAWIE!!! W przypadku op\u0142acenia zam\u00f3wienia alkoholu z wysy\u0142k\u0105, przy zwrocie pieni\u0119dzy zostanie potr\u0105cona prowizja\u00a0DOTPAY!<\/span><\/p>\n<p><span style=\"color: #ff0000; font-size: 16px; font-family: arial, helvetica, sans-serif;\">\u00a0<\/span><\/p>\n<p>\u00a0<\/p>\n<p><span class=\"h-nowrap\">Kraj: Szkocja<\/span>\u00a0<span class=\"h-nowrap\">Region: Highland<\/span>\u00a0<span class=\"h-nowrap\">Producent: Brown Forman\u00a0<\/span>\u00a0<span class=\"h-nowrap\">Poj.: 0.7<\/span>\u00a0<span class=\"h-nowrap\">Zaw. Alk. %: 48.0<\/span><\/p>\n<\/p><\/div>\n<div class=\"c-product__desc c-text c-text--lh\" style=\"font-size: 1.4rem; font-family: Helvetica, Tahoma, sans-serif;\">\n<p>Parliament to znakomia whisky dojrzewaj\u0105ca przez minimum 21 lat w najlepszych beczkach po sherry Oloroso i Pedro Ximenez. Po raz pierwszy pojawi\u0142a si\u0119 na rynku w 2011 roku. Swoj\u0105 nazw\u0119 wzi\u0119\u0142a od zgrupowa\u0144 gawron\u00f3w, kt\u00f3re od stuleci zamieszkuj\u0105 okolic\u0119 destylarni i kt\u00f3re w przesz\u0142o\u015bci swoim ha\u0142asem informowa\u0142y o zbli\u017caj\u0105cych si\u0119 poborcach akcyzy. Jak wszystkie whisky single malt GlenDronach nie jest filtrowana na zimno ani barwiona karmelem. Pi\u0119kna szata o ciemnej, g\u0142\u0119boko bursztynowej barwie z po\u0142yskiem drewna wi\u015bni. W nosie delikatny mix dojrza\u0142ych owoc\u00f3w: g\u0142\u00f3wnie je\u017cyn i \u015bliwek, nuty charakterystyczne dla sherry, kandyzowane pomara\u0144cze, ciasteczka owsiane, w\u0119dzone \u015blwki i palone drewno. W ustach urzekaj\u0105ca i bogata, dominuje zdecydowany posmak sherry, gorzkiej czekolady, \u015bliwkowej marmolady i cukru trzcinowego. Wszystko to otulone jest aromatycznymi przyprawami \u2013 cynamonem, zielem angielskim i ga\u0142k\u0105 muszkato\u0142ow\u0105. Finisz d\u0142ugi i rozwijaj\u0105cy si\u0119 z nutami suszonych owoc\u00f3w, rodzynek i gorzkiej czekolady.<\/p>\n<\/p><\/div>\n","protected":false},"excerpt":{"rendered":"<div class=\"c-product__details c-text\" style=\"font-size: 1.4rem; font-family: Helvetica, Tahoma, sans-serif;\">\n<p><span class=\"h-nowrap\">Kraj: Szkocja<\/span>\u00a0<span class=\"h-nowrap\">Region: Highland<\/span>\u00a0<span class=\"h-nowrap\">Producent: Brown Forman\u00a0<\/span>\u00a0<span class=\"h-nowrap\">Poj.: 0.7<\/span>\u00a0<span class=\"h-nowrap\">Zaw. Alk. %: 48.0<\/span><\/p>\n<\/p><\/div>\n<div class=\"c-product__desc c-text c-text--lh\" style=\"font-size: 1.4rem; font-family: Helvetica, Tahoma, sans-serif;\">\n<p>Parliament to znakomia whisky dojrzewaj\u0105ca przez minimum 21 lat w najlepszych beczkach po sherry Oloroso i Pedro Ximenez. Po raz pierwszy pojawi\u0142a si\u0119 na rynku w 2011 roku. Swoj\u0105 nazw\u0119 wzi\u0119\u0142a od zgrupowa\u0144 gawron\u00f3w, kt\u00f3re od stuleci zamieszkuj\u0105 okolic\u0119 destylarni i kt\u00f3re w przesz\u0142o\u015bci swoim ha\u0142asem informowa\u0142y o zbli\u017caj\u0105cych si\u0119 poborcach akcyzy. Jak wszystkie whisky single malt GlenDronach nie jest filtrowana na zimno ani barwiona karmelem. Pi\u0119kna szata o ciemnej, g\u0142\u0119boko bursztynowej barwie z po\u0142yskiem drewna wi\u015bni. W nosie delikatny mix dojrza\u0142ych owoc\u00f3w: g\u0142\u00f3wnie je\u017cyn i \u015bliwek, nuty charakterystyczne dla sherry, kandyzowane pomara\u0144cze, ciasteczka owsiane, w\u0119dzone \u015blwki i palone drewno. W ustach urzekaj\u0105ca i bogata, dominuje zdecydowany posmak sherry, gorzkiej czekolady, \u015bliwkowej marmolady i cukru trzcinowego. Wszystko to otulone jest aromatycznymi przyprawami \u2013 cynamonem, zielem angielskim i ga\u0142k\u0105 muszkato\u0142ow\u0105. Finisz d\u0142ugi i rozwijaj\u0105cy si\u0119 z nutami suszonych owoc\u00f3w, rodzynek i gorzkiej czekolady.<\/p>\n<\/p><\/div>\n","protected":false},"featured_media":15013,"comment_status":"open","ping_status":"closed","template":"","meta":[],"product_cat":[142,154,143],"product_tag":[],"class_list":{"0":"post-15014","1":"product","2":"type-product","3":"status-publish","4":"has-post-thumbnail","6":"product_cat-alkohole-mocne","7":"product_cat-szkocja","8":"product_cat-whisky","10":"first","11":"instock","12":"shipping-taxable","13":"purchasable","14":"product-type-simple"},"_links":{"self":[{"href":"http:\/\/delikatesy.wineport.pl\/index.php?rest_route=\/wp\/v2\/product\/15014","targetHints":{"allow":["GET"]}}],"collection":[{"href":"http:\/\/delikatesy.wineport.pl\/index.php?rest_route=\/wp\/v2\/product"}],"about":[{"href":"http:\/\/delikatesy.wineport.pl\/index.php?rest_route=\/wp\/v2\/types\/product"}],"replies":[{"embeddable":true,"href":"http:\/\/delikatesy.wineport.pl\/index.php?rest_route=%2Fwp%2Fv2%2Fcomments&post=15014"}],"wp:featuredmedia":[{"embeddable":true,"href":"http:\/\/delikatesy.wineport.pl\/index.php?rest_route=\/wp\/v2\/media\/15013"}],"wp:attachment":[{"href":"http:\/\/delikatesy.wineport.pl\/index.php?rest_route=%2Fwp%2Fv2%2Fmedia&parent=15014"}],"wp:term":[{"taxonomy":"product_cat","embeddable":true,"href":"http:\/\/delikatesy.wineport.pl\/index.php?rest_route=%2Fwp%2Fv2%2Fproduct_cat&post=15014"},{"taxonomy":"product_tag","embeddable":true,"href":"http:\/\/delikatesy.wineport.pl\/index.php?rest_route=%2Fwp%2Fv2%2Fproduct_tag&post=15014"}],"curies":[{"name":"wp","href":"https:\/\/api.w.org\/{rel}","templated":true}]}}