{"id":15016,"date":"2024-03-14T14:10:55","date_gmt":"2024-03-14T13:10:55","guid":{"rendered":"http:\/\/delikatesy.wineport.pl\/?product=glendronach-peated"},"modified":"2026-05-10T19:23:01","modified_gmt":"2026-05-10T17:23:01","slug":"glendronach-peated","status":"publish","type":"product","link":"http:\/\/delikatesy.wineport.pl\/?product=glendronach-peated","title":{"rendered":"Glendronach Peated"},"content":{"rendered":"<div class=\"c-product__details c-text\" style=\"font-size: 1.4rem; font-family: Helvetica, Tahoma, sans-serif;\">\n<p><span style=\"color: #ff0000; font-size: 16px; font-family: arial, helvetica, sans-serif;\">UWAGA!!! NIE WYSY\u0141AMY ALKOHOLU W PRZYPADKU ZAM\u00d3WIE\u0143 OD OS\u00d3B PRYWATNYCH, TYLKO ODBI\u00d3R OSOBISTY NA UL. \u015aW. STANIS\u0141AWA 12 W WARSZAWIE!!! W przypadku op\u0142acenia zam\u00f3wienia alkoholu z wysy\u0142k\u0105, przy zwrocie pieni\u0119dzy zostanie potr\u0105cona prowizja\u00a0DOTPAY!<\/span><\/p>\n<p><span style=\"color: #ff0000; font-size: 16px; font-family: arial, helvetica, sans-serif;\">\u00a0<\/span><\/p>\n<p>\u00a0<\/p>\n<p><span class=\"h-nowrap\">Kraj: Szkocja<\/span>\u00a0<span class=\"h-nowrap\">Region: Highland<\/span>\u00a0<span class=\"h-nowrap\">Producent: Brown Forman\u00a0<\/span>\u00a0<span class=\"h-nowrap\">Poj.: 0.7<\/span>\u00a0<span class=\"h-nowrap\">Zaw. Alk. %: 46.0<\/span><\/p>\n<\/p><\/div>\n<div class=\"c-product__desc c-text c-text--lh\" style=\"font-size: 1.4rem; font-family: Helvetica, Tahoma, sans-serif;\">\n<p>Torfowy single malt bez oznaczenia wieku, wyprodukowany ze s\u0142odu w\u0119dzonego torfowym dymem do poziomu ok 25 ppm. Pocz\u0105tkowo whisky dojrzewa\u0142a w beczkach po bourbonie, a nast\u0119pnie trafi\u0142a do beczek po sherry (Pedro Ximenez i Oloroso). B\u0142yszcz\u0105ca, z\u0142ota barwa. Aromat \u015bwie\u017cy, lekki i \u0142agodny z nutami dojrza\u0142ego agrestu, cukru cynamonowego, miodu i mlecznej czekolady. Delikatny wp\u0142yw torfu nadaje aromat\u00f3w palonego drewna skomponowanego ze \u015bwie\u017co mielonym j\u0119czmieniem i akcentami wanilii i toffi. W ustach wyczuwalna d\u0119bina, przyprawy i mi\u00f3d wrzosowy, przechodz\u0105ce w owoce dzikiej r\u00f3\u017cy, s\u0142odycz j\u0119czmienia i akcenty bia\u0142ego pieprzu. W tle pojawiaj\u0105 si\u0119 subtelne nuty torfu uzupe\u0142nione \u017carem z ogniska.<\/p>\n<\/p><\/div>\n","protected":false},"excerpt":{"rendered":"<div class=\"c-product__details c-text\" style=\"font-size: 1.4rem; font-family: Helvetica, Tahoma, sans-serif;\">\n<p><span class=\"h-nowrap\">Kraj: Szkocja<\/span>\u00a0<span class=\"h-nowrap\">Region: Highland<\/span>\u00a0<span class=\"h-nowrap\">Producent: Brown Forman\u00a0<\/span>\u00a0<span class=\"h-nowrap\">Poj.: 0.7<\/span>\u00a0<span class=\"h-nowrap\">Zaw. Alk. %: 46.0<\/span><\/p>\n<\/p><\/div>\n<div class=\"c-product__desc c-text c-text--lh\" style=\"font-size: 1.4rem; font-family: Helvetica, Tahoma, sans-serif;\">\n<p>Torfowy single malt bez oznaczenia wieku, wyprodukowany ze s\u0142odu w\u0119dzonego torfowym dymem do poziomu ok 25 ppm. Pocz\u0105tkowo whisky dojrzewa\u0142a w beczkach po bourbonie, a nast\u0119pnie trafi\u0142a do beczek po sherry (Pedro Ximenez i Oloroso). B\u0142yszcz\u0105ca, z\u0142ota barwa. Aromat \u015bwie\u017cy, lekki i \u0142agodny z nutami dojrza\u0142ego agrestu, cukru cynamonowego, miodu i mlecznej czekolady. Delikatny wp\u0142yw torfu nadaje aromat\u00f3w palonego drewna skomponowanego ze \u015bwie\u017co mielonym j\u0119czmieniem i akcentami wanilii i toffi. W ustach wyczuwalna d\u0119bina, przyprawy i mi\u00f3d wrzosowy, przechodz\u0105ce w owoce dzikiej r\u00f3\u017cy, s\u0142odycz j\u0119czmienia i akcenty bia\u0142ego pieprzu. W tle pojawiaj\u0105 si\u0119 subtelne nuty torfu uzupe\u0142nione \u017carem z ogniska.<\/p>\n<\/p><\/div>\n","protected":false},"featured_media":15015,"comment_status":"open","ping_status":"closed","template":"","meta":[],"product_cat":[142,154,143],"product_tag":[],"class_list":{"0":"post-15016","1":"product","2":"type-product","3":"status-publish","4":"has-post-thumbnail","6":"product_cat-alkohole-mocne","7":"product_cat-szkocja","8":"product_cat-whisky","10":"first","11":"instock","12":"shipping-taxable","13":"purchasable","14":"product-type-simple"},"_links":{"self":[{"href":"http:\/\/delikatesy.wineport.pl\/index.php?rest_route=\/wp\/v2\/product\/15016","targetHints":{"allow":["GET"]}}],"collection":[{"href":"http:\/\/delikatesy.wineport.pl\/index.php?rest_route=\/wp\/v2\/product"}],"about":[{"href":"http:\/\/delikatesy.wineport.pl\/index.php?rest_route=\/wp\/v2\/types\/product"}],"replies":[{"embeddable":true,"href":"http:\/\/delikatesy.wineport.pl\/index.php?rest_route=%2Fwp%2Fv2%2Fcomments&post=15016"}],"wp:featuredmedia":[{"embeddable":true,"href":"http:\/\/delikatesy.wineport.pl\/index.php?rest_route=\/wp\/v2\/media\/15015"}],"wp:attachment":[{"href":"http:\/\/delikatesy.wineport.pl\/index.php?rest_route=%2Fwp%2Fv2%2Fmedia&parent=15016"}],"wp:term":[{"taxonomy":"product_cat","embeddable":true,"href":"http:\/\/delikatesy.wineport.pl\/index.php?rest_route=%2Fwp%2Fv2%2Fproduct_cat&post=15016"},{"taxonomy":"product_tag","embeddable":true,"href":"http:\/\/delikatesy.wineport.pl\/index.php?rest_route=%2Fwp%2Fv2%2Fproduct_tag&post=15016"}],"curies":[{"name":"wp","href":"https:\/\/api.w.org\/{rel}","templated":true}]}}