{"id":15024,"date":"2024-03-14T14:10:57","date_gmt":"2024-03-14T13:10:57","guid":{"rendered":"http:\/\/delikatesy.wineport.pl\/?product=glenglassaugh-octaves-classic"},"modified":"2026-05-10T19:23:04","modified_gmt":"2026-05-10T17:23:04","slug":"glenglassaugh-octaves-classic","status":"publish","type":"product","link":"http:\/\/delikatesy.wineport.pl\/?product=glenglassaugh-octaves-classic","title":{"rendered":"Glenglassaugh Octaves Classic"},"content":{"rendered":"<div class=\"c-product__details c-text\" style=\"font-size: 1.4rem; font-family: Helvetica, Tahoma, sans-serif;\">\n<p><span style=\"color: #ff0000; font-size: 16px; font-family: arial, helvetica, sans-serif;\">UWAGA!!! NIE WYSY\u0141AMY ALKOHOLU W PRZYPADKU ZAM\u00d3WIE\u0143 OD OS\u00d3B PRYWATNYCH, TYLKO ODBI\u00d3R OSOBISTY NA UL. \u015aW. STANIS\u0141AWA 12 W WARSZAWIE!!! W przypadku op\u0142acenia zam\u00f3wienia alkoholu z wysy\u0142k\u0105, przy zwrocie pieni\u0119dzy zostanie potr\u0105cona prowizja\u00a0DOTPAY!<\/span><\/p>\n<p><span style=\"color: #ff0000; font-size: 16px; font-family: arial, helvetica, sans-serif;\">\u00a0<\/span><\/p>\n<p><span class=\"h-nowrap\">Kraj: Szkocja<\/span>\u00a0<span class=\"h-nowrap\">Region: Highland<\/span>\u00a0<span class=\"h-nowrap\">Producent:\u00a0<a href=\"https:\/\/wina-mp.pl\/producent\/benriach\">Benriach<\/a>\u00a0<\/span>\u00a0<span class=\"h-nowrap\">Poj.: 0.7<\/span>\u00a0<span class=\"h-nowrap\">Zaw. Alk. %: 44.0<\/span><\/p>\n<\/p><\/div>\n<div class=\"c-product__desc c-text c-text--lh\" style=\"font-size: 1.4rem; font-family: Helvetica, Tahoma, sans-serif;\">\n<p>To wyj\u0105tkowa whisky powsta\u0142a dzi\u0119ki dojrzewaniu w ma\u0142ych beczkach typu Octaves. Wi\u0119ksza interakcja alkoholu z drewnem, nada\u0142a jej zdecydowanego i intensywnego smaku w zdecydowanie kr\u00f3tszym czasie. Zabutelkowana zosta\u0142a z moc\u0105 44%, jest niefiltrowana na zimno i posiada pi\u0119kny, ca\u0142kowicie naturalny, bursztynowy kolor. Aromat przypomina sklep ze s\u0142odko\u015bciami: nuty jab\u0142kowego sorbetu, cukierk\u00f3w i cynamonu delikatnie doprawionych bia\u0142ym pieprzem. W Ustach sk\u00f3rka zielonych jab\u0142ek zr\u00f3wnowa\u017cona duszonymi, \u017c\u00f3\u0142tymi \u015bliwkami i wanili\u0105. Do d\u0142ugiego finiszu prowadz\u0105 dobrze wyczuwalna d\u0119bina i s\u0142odki j\u0119czmie\u0144, gdzie do\u0142\u0105czaj\u0105 do nich cytrusy tworz\u0105c znakomit\u0105, niezwykle ujmuj\u0105c\u0105 kompozycj\u0119.<\/p>\n<\/p><\/div>\n","protected":false},"excerpt":{"rendered":"<div class=\"c-product__details c-text\" style=\"font-size: 1.4rem; font-family: Helvetica, Tahoma, sans-serif;\">\n<p><span class=\"h-nowrap\">Kraj: Szkocja<\/span>\u00a0<span class=\"h-nowrap\">Region: Highland<\/span>\u00a0<span class=\"h-nowrap\">Producent:\u00a0<a href=\"https:\/\/wina-mp.pl\/producent\/benriach\">Benriach<\/a>\u00a0<\/span>\u00a0<span class=\"h-nowrap\">Poj.: 0.7<\/span>\u00a0<span class=\"h-nowrap\">Zaw. Alk. %: 44.0<\/span><\/p>\n<\/p><\/div>\n<div class=\"c-product__desc c-text c-text--lh\" style=\"font-size: 1.4rem; font-family: Helvetica, Tahoma, sans-serif;\">\n<p>To wyj\u0105tkowa whisky powsta\u0142a dzi\u0119ki dojrzewaniu w ma\u0142ych beczkach typu Octaves. Wi\u0119ksza interakcja alkoholu z drewnem, nada\u0142a jej zdecydowanego i intensywnego smaku w zdecydowanie kr\u00f3tszym czasie. Zabutelkowana zosta\u0142a z moc\u0105 44%, jest niefiltrowana na zimno i posiada pi\u0119kny, ca\u0142kowicie naturalny, bursztynowy kolor. Aromat przypomina sklep ze s\u0142odko\u015bciami: nuty jab\u0142kowego sorbetu, cukierk\u00f3w i cynamonu delikatnie doprawionych bia\u0142ym pieprzem. W Ustach sk\u00f3rka zielonych jab\u0142ek zr\u00f3wnowa\u017cona duszonymi, \u017c\u00f3\u0142tymi \u015bliwkami i wanili\u0105. Do d\u0142ugiego finiszu prowadz\u0105 dobrze wyczuwalna d\u0119bina i s\u0142odki j\u0119czmie\u0144, gdzie do\u0142\u0105czaj\u0105 do nich cytrusy tworz\u0105c znakomit\u0105, niezwykle ujmuj\u0105c\u0105 kompozycj\u0119.<\/p>\n<\/p><\/div>\n","protected":false},"featured_media":15023,"comment_status":"open","ping_status":"closed","template":"","meta":[],"product_cat":[142,154,143],"product_tag":[],"class_list":{"0":"post-15024","1":"product","2":"type-product","3":"status-publish","4":"has-post-thumbnail","6":"product_cat-alkohole-mocne","7":"product_cat-szkocja","8":"product_cat-whisky","10":"first","11":"instock","12":"shipping-taxable","13":"purchasable","14":"product-type-simple"},"_links":{"self":[{"href":"http:\/\/delikatesy.wineport.pl\/index.php?rest_route=\/wp\/v2\/product\/15024","targetHints":{"allow":["GET"]}}],"collection":[{"href":"http:\/\/delikatesy.wineport.pl\/index.php?rest_route=\/wp\/v2\/product"}],"about":[{"href":"http:\/\/delikatesy.wineport.pl\/index.php?rest_route=\/wp\/v2\/types\/product"}],"replies":[{"embeddable":true,"href":"http:\/\/delikatesy.wineport.pl\/index.php?rest_route=%2Fwp%2Fv2%2Fcomments&post=15024"}],"wp:featuredmedia":[{"embeddable":true,"href":"http:\/\/delikatesy.wineport.pl\/index.php?rest_route=\/wp\/v2\/media\/15023"}],"wp:attachment":[{"href":"http:\/\/delikatesy.wineport.pl\/index.php?rest_route=%2Fwp%2Fv2%2Fmedia&parent=15024"}],"wp:term":[{"taxonomy":"product_cat","embeddable":true,"href":"http:\/\/delikatesy.wineport.pl\/index.php?rest_route=%2Fwp%2Fv2%2Fproduct_cat&post=15024"},{"taxonomy":"product_tag","embeddable":true,"href":"http:\/\/delikatesy.wineport.pl\/index.php?rest_route=%2Fwp%2Fv2%2Fproduct_tag&post=15024"}],"curies":[{"name":"wp","href":"https:\/\/api.w.org\/{rel}","templated":true}]}}