{"id":15026,"date":"2024-03-14T14:10:57","date_gmt":"2024-03-14T13:10:57","guid":{"rendered":"http:\/\/delikatesy.wineport.pl\/?product=glenglassaugh-octaves-peated"},"modified":"2026-05-10T19:23:04","modified_gmt":"2026-05-10T17:23:04","slug":"glenglassaugh-octaves-peated","status":"publish","type":"product","link":"http:\/\/delikatesy.wineport.pl\/?product=glenglassaugh-octaves-peated","title":{"rendered":"Glenglassaugh Octaves Peated"},"content":{"rendered":"<div class=\"c-product__details c-text\" style=\"font-size: 1.4rem; font-family: Helvetica, Tahoma, sans-serif;\">\n<p><span style=\"color: #ff0000; font-size: 16px; font-family: arial, helvetica, sans-serif;\">UWAGA!!! NIE WYSY\u0141AMY ALKOHOLU W PRZYPADKU ZAM\u00d3WIE\u0143 OD OS\u00d3B PRYWATNYCH, TYLKO ODBI\u00d3R OSOBISTY NA UL. \u015aW. STANIS\u0141AWA 12 W WARSZAWIE!!! W przypadku op\u0142acenia zam\u00f3wienia alkoholu z wysy\u0142k\u0105, przy zwrocie pieni\u0119dzy zostanie potr\u0105cona prowizja\u00a0DOTPAY!<\/span><\/p>\n<p><span style=\"color: #ff0000; font-size: 16px; font-family: arial, helvetica, sans-serif;\">\u00a0<\/span><\/p>\n<p><span class=\"h-nowrap\">Kraj: Szkocja<\/span>\u00a0<span class=\"h-nowrap\">Region: Highland<\/span>\u00a0<span class=\"h-nowrap\">Producent:\u00a0<a href=\"https:\/\/wina-mp.pl\/producent\/benriach\">Benriach<\/a>\u00a0<\/span>\u00a0<span class=\"h-nowrap\">Poj.: 0.7<\/span>\u00a0<span class=\"h-nowrap\">Zaw. Alk. %: 44.0<\/span><\/p>\n<\/p><\/div>\n<div class=\"c-product__desc c-text c-text--lh\" style=\"font-size: 1.4rem; font-family: Helvetica, Tahoma, sans-serif;\">\n<p>Ta niezwyk\u0142a whisky powsta\u0142a dzi\u0119ki u\u017cyciu mocno torfowanego, s\u0142odowanego j\u0119czmienia i dojrzewaniu w ma\u0142ych beczkach typu Octaves. Tego typu beczka pozwoli\u0142a na wi\u0119ksz\u0105 interakcj\u0119 alkoholu z drewnem, nadaj\u0105c whisky g\u0142\u0119boki smak w kr\u00f3tszym czasie. Do zabutelkowania pierwszej edycji Glenglassaugh Octaves, Billy Walker &#8211; mistrz destylacji, wyselekcjonowa\u0142 tylko najlepsze beczki. Zabutelkowana z moc\u0105 44%, nie by\u0142a filtrowana na zimno i posiada pi\u0119kny, naturalny, ciemno z\u0142oty kolor. Zapach przywodzi na my\u015bl domowe pieczone jab\u0142ka podawanych pod ko\u0142derk\u0105 z bitej \u015bmietany. W tle odnajdujemy delikatny akcent palonego wrzosu. W smaku konfitura z moreli i dojrza\u0142e \u015bliwki Renklody z kontrastuj\u0105cym, \u015bwie\u017co mielonym, czarnym pieprzem, a wszystko to na mocno torfowej podstawie. Finisz jest delikatny i \u0142\u0105czy w sobie s\u0142odycz torfu z Highland z mocnym wp\u0142ywem beczki Octaves.<\/p>\n<\/p><\/div>\n","protected":false},"excerpt":{"rendered":"<div class=\"c-product__details c-text\" style=\"font-size: 1.4rem; font-family: Helvetica, Tahoma, sans-serif;\">\n<p><span class=\"h-nowrap\">Kraj: Szkocja<\/span>\u00a0<span class=\"h-nowrap\">Region: Highland<\/span>\u00a0<span class=\"h-nowrap\">Producent:\u00a0<a href=\"https:\/\/wina-mp.pl\/producent\/benriach\">Benriach<\/a>\u00a0<\/span>\u00a0<span class=\"h-nowrap\">Poj.: 0.7<\/span>\u00a0<span class=\"h-nowrap\">Zaw. Alk. %: 44.0<\/span><\/p>\n<\/p><\/div>\n<div class=\"c-product__desc c-text c-text--lh\" style=\"font-size: 1.4rem; font-family: Helvetica, Tahoma, sans-serif;\">\n<p>Ta niezwyk\u0142a whisky powsta\u0142a dzi\u0119ki u\u017cyciu mocno torfowanego, s\u0142odowanego j\u0119czmienia i dojrzewaniu w ma\u0142ych beczkach typu Octaves. Tego typu beczka pozwoli\u0142a na wi\u0119ksz\u0105 interakcj\u0119 alkoholu z drewnem, nadaj\u0105c whisky g\u0142\u0119boki smak w kr\u00f3tszym czasie. Do zabutelkowania pierwszej edycji Glenglassaugh Octaves, Billy Walker &#8211; mistrz destylacji, wyselekcjonowa\u0142 tylko najlepsze beczki. Zabutelkowana z moc\u0105 44%, nie by\u0142a filtrowana na zimno i posiada pi\u0119kny, naturalny, ciemno z\u0142oty kolor. Zapach przywodzi na my\u015bl domowe pieczone jab\u0142ka podawanych pod ko\u0142derk\u0105 z bitej \u015bmietany. W tle odnajdujemy delikatny akcent palonego wrzosu. W smaku konfitura z moreli i dojrza\u0142e \u015bliwki Renklody z kontrastuj\u0105cym, \u015bwie\u017co mielonym, czarnym pieprzem, a wszystko to na mocno torfowej podstawie. Finisz jest delikatny i \u0142\u0105czy w sobie s\u0142odycz torfu z Highland z mocnym wp\u0142ywem beczki Octaves.<\/p>\n<\/p><\/div>\n","protected":false},"featured_media":15025,"comment_status":"open","ping_status":"closed","template":"","meta":[],"product_cat":[142,154,143],"product_tag":[],"class_list":{"0":"post-15026","1":"product","2":"type-product","3":"status-publish","4":"has-post-thumbnail","6":"product_cat-alkohole-mocne","7":"product_cat-szkocja","8":"product_cat-whisky","10":"first","11":"instock","12":"shipping-taxable","13":"purchasable","14":"product-type-simple"},"_links":{"self":[{"href":"http:\/\/delikatesy.wineport.pl\/index.php?rest_route=\/wp\/v2\/product\/15026","targetHints":{"allow":["GET"]}}],"collection":[{"href":"http:\/\/delikatesy.wineport.pl\/index.php?rest_route=\/wp\/v2\/product"}],"about":[{"href":"http:\/\/delikatesy.wineport.pl\/index.php?rest_route=\/wp\/v2\/types\/product"}],"replies":[{"embeddable":true,"href":"http:\/\/delikatesy.wineport.pl\/index.php?rest_route=%2Fwp%2Fv2%2Fcomments&post=15026"}],"wp:featuredmedia":[{"embeddable":true,"href":"http:\/\/delikatesy.wineport.pl\/index.php?rest_route=\/wp\/v2\/media\/15025"}],"wp:attachment":[{"href":"http:\/\/delikatesy.wineport.pl\/index.php?rest_route=%2Fwp%2Fv2%2Fmedia&parent=15026"}],"wp:term":[{"taxonomy":"product_cat","embeddable":true,"href":"http:\/\/delikatesy.wineport.pl\/index.php?rest_route=%2Fwp%2Fv2%2Fproduct_cat&post=15026"},{"taxonomy":"product_tag","embeddable":true,"href":"http:\/\/delikatesy.wineport.pl\/index.php?rest_route=%2Fwp%2Fv2%2Fproduct_tag&post=15026"}],"curies":[{"name":"wp","href":"https:\/\/api.w.org\/{rel}","templated":true}]}}