{"id":15032,"date":"2024-03-14T14:10:58","date_gmt":"2024-03-14T13:10:58","guid":{"rendered":"http:\/\/delikatesy.wineport.pl\/?product=kilchoman-100-islay-11th-edition-07"},"modified":"2026-05-17T21:32:06","modified_gmt":"2026-05-17T19:32:06","slug":"kilchoman-100-islay-11th-edition-07","status":"publish","type":"product","link":"http:\/\/delikatesy.wineport.pl\/?product=kilchoman-100-islay-11th-edition-07","title":{"rendered":"Kilchoman 100% Islay 11th Edition 0,7"},"content":{"rendered":"<div class=\"c-product__details c-text\" style=\"font-size: 1.4rem; font-family: Helvetica, Tahoma, sans-serif;\">\n<p><span style=\"color: #ff0000; font-size: 16px; font-family: arial, helvetica, sans-serif;\">UWAGA!!! NIE WYSY\u0141AMY ALKOHOLU W PRZYPADKU ZAM\u00d3WIE\u0143 OD OS\u00d3B PRYWATNYCH, TYLKO ODBI\u00d3R OSOBISTY NA UL. \u015aW. STANIS\u0141AWA 12 W WARSZAWIE!!! W przypadku op\u0142acenia zam\u00f3wienia alkoholu z wysy\u0142k\u0105, przy zwrocie pieni\u0119dzy zostanie potr\u0105cona prowizja\u00a0DOTPAY!<\/span><\/p>\n<p><span style=\"color: #ff0000; font-size: 16px; font-family: arial, helvetica, sans-serif;\">\u00a0<\/span><\/p>\n<p><span class=\"h-nowrap\">: Szkocja<\/span>\u00a0<span class=\"h-nowrap\">Region: Islay<\/span>\u00a0<span class=\"h-nowrap\">Producent:\u00a0<a href=\"https:\/\/wina-mp.pl\/producent\/kilchoman\">Kilchoman<\/a>\u00a0<\/span>\u00a0<span class=\"h-nowrap\">Poj.: 0.7<\/span>\u00a0<span class=\"h-nowrap\">Zaw. Alk. %: 50.0<\/span><\/p>\n<\/p><\/div>\n<div class=\"c-product__desc c-text c-text--lh\" style=\"font-size: 1.4rem; font-family: Helvetica, Tahoma, sans-serif;\">\n<p>100% Islay to edycja, kt\u00f3ra w ca\u0142o\u015bci powstaje na wyspie Islay. Wszystkie etapy produkcji od tradycyjnego s\u0142odowania j\u0119czmienia po butelkowanie odbywa si\u0119 na terenie destylarni a whisky produkowana jest z lokalnie rosn\u0105cego j\u0119czmienia. Kilchoman jest jedyn\u0105 destylarni\u0105 na Islay kt\u00f3ra produkuje whisky z j\u0119czmienia rosn\u0105cego i s\u0142odowanego na wyspie. Stopie\u0144 zatorfienia s\u0142odu jest ni\u017cszy w por\u00f3wnaniu do pozosta\u0142ych Kilchoman\u00f3w i wynosi ok 25 ppm. Od roku 2010 cyklicznie Kilchoman wypuszcza na rynek nowe edycje 100% Isaly &#8211; obecnie jest to ju\u017c VII edycja whisky &#8211; wydestylowanej w 2010 roku i zabutelkowanej w 2017. To \u0142agodniejsza ods\u0142ona Kilchomana, w kt\u00f3rej aromaty cytrus\u00f3w, dobrze komponuj\u0105 si\u0119 z delikatnym s\u0142odkim torfowym dymem.<\/p>\n<\/p><\/div>\n","protected":false},"excerpt":{"rendered":"<div class=\"c-product__details c-text\" style=\"font-size: 1.4rem; font-family: Helvetica, Tahoma, sans-serif;\">\n<p><span class=\"h-nowrap\">Kraj: Szkocja<\/span>\u00a0<span class=\"h-nowrap\">Region: Islay<\/span>\u00a0<span class=\"h-nowrap\">Producent:\u00a0<a href=\"https:\/\/wina-mp.pl\/producent\/kilchoman\">Kilchoman<\/a>\u00a0<\/span>\u00a0<span class=\"h-nowrap\">Poj.: 0.7<\/span>\u00a0<span class=\"h-nowrap\">Zaw. Alk. %: 50.0<\/span><\/p>\n<\/p><\/div>\n<div class=\"c-product__desc c-text c-text--lh\" style=\"font-size: 1.4rem; font-family: Helvetica, Tahoma, sans-serif;\">\n<p>100% Islay to edycja, kt\u00f3ra w ca\u0142o\u015bci powstaje na wyspie Islay. Wszystkie etapy produkcji od tradycyjnego s\u0142odowania j\u0119czmienia po butelkowanie odbywa si\u0119 na terenie destylarni a whisky produkowana jest z lokalnie rosn\u0105cego j\u0119czmienia. Kilchoman jest jedyn\u0105 destylarni\u0105 na Islay kt\u00f3ra produkuje whisky z j\u0119czmienia rosn\u0105cego i s\u0142odowanego na wyspie. Stopie\u0144 zatorfienia s\u0142odu jest ni\u017cszy w por\u00f3wnaniu do pozosta\u0142ych Kilchoman\u00f3w i wynosi ok 25 ppm. Od roku 2010 cyklicznie Kilchoman wypuszcza na rynek nowe edycje 100% Isaly &#8211; obecnie jest to ju\u017c VII edycja whisky &#8211; wydestylowanej w 2010 roku i zabutelkowanej w 2017. To \u0142agodniejsza ods\u0142ona Kilchomana, w kt\u00f3rej aromaty cytrus\u00f3w, dobrze komponuj\u0105 si\u0119 z delikatnym s\u0142odkim torfowym dymem.<\/p>\n<\/p><\/div>\n","protected":false},"featured_media":15031,"comment_status":"open","ping_status":"closed","template":"","meta":[],"product_cat":[142,154,143],"product_tag":[],"class_list":{"0":"post-15032","1":"product","2":"type-product","3":"status-publish","4":"has-post-thumbnail","6":"product_cat-alkohole-mocne","7":"product_cat-szkocja","8":"product_cat-whisky","10":"first","11":"instock","12":"shipping-taxable","13":"purchasable","14":"product-type-simple"},"_links":{"self":[{"href":"http:\/\/delikatesy.wineport.pl\/index.php?rest_route=\/wp\/v2\/product\/15032","targetHints":{"allow":["GET"]}}],"collection":[{"href":"http:\/\/delikatesy.wineport.pl\/index.php?rest_route=\/wp\/v2\/product"}],"about":[{"href":"http:\/\/delikatesy.wineport.pl\/index.php?rest_route=\/wp\/v2\/types\/product"}],"replies":[{"embeddable":true,"href":"http:\/\/delikatesy.wineport.pl\/index.php?rest_route=%2Fwp%2Fv2%2Fcomments&post=15032"}],"wp:featuredmedia":[{"embeddable":true,"href":"http:\/\/delikatesy.wineport.pl\/index.php?rest_route=\/wp\/v2\/media\/15031"}],"wp:attachment":[{"href":"http:\/\/delikatesy.wineport.pl\/index.php?rest_route=%2Fwp%2Fv2%2Fmedia&parent=15032"}],"wp:term":[{"taxonomy":"product_cat","embeddable":true,"href":"http:\/\/delikatesy.wineport.pl\/index.php?rest_route=%2Fwp%2Fv2%2Fproduct_cat&post=15032"},{"taxonomy":"product_tag","embeddable":true,"href":"http:\/\/delikatesy.wineport.pl\/index.php?rest_route=%2Fwp%2Fv2%2Fproduct_tag&post=15032"}],"curies":[{"name":"wp","href":"https:\/\/api.w.org\/{rel}","templated":true}]}}