{"id":15042,"date":"2024-03-14T14:10:59","date_gmt":"2024-03-14T13:10:59","guid":{"rendered":"http:\/\/delikatesy.wineport.pl\/?product=kilchoman-single-malt-cask-strenght"},"modified":"2026-05-17T21:32:07","modified_gmt":"2026-05-17T19:32:07","slug":"kilchoman-single-malt-cask-strenght","status":"publish","type":"product","link":"http:\/\/delikatesy.wineport.pl\/?product=kilchoman-single-malt-cask-strenght","title":{"rendered":"Kilchoman Single Malt Cask Strenght"},"content":{"rendered":"<div class=\"c-product__details c-text\" style=\"font-size: 1.4rem; font-family: Helvetica, Tahoma, sans-serif;\">\n<p><span style=\"color: #ff0000; font-size: 16px; font-family: arial, helvetica, sans-serif;\">UWAGA!!! NIE WYSY\u0141AMY ALKOHOLU W PRZYPADKU ZAM\u00d3WIE\u0143 OD OS\u00d3B PRYWATNYCH, TYLKO ODBI\u00d3R OSOBISTY NA UL. \u015aW. STANIS\u0141AWA 12 W WARSZAWIE!!! W przypadku op\u0142acenia zam\u00f3wienia alkoholu z wysy\u0142k\u0105, przy zwrocie pieni\u0119dzy zostanie potr\u0105cona prowizja\u00a0DOTPAY!<\/span><\/p>\n<p><span style=\"color: #ff0000; font-size: 16px; font-family: arial, helvetica, sans-serif;\">\u00a0<\/span><\/p>\n<p><span class=\"h-nowrap\">Kraj: Szkocja<\/span>\u00a0<span class=\"h-nowrap\">Region: Islay<\/span>\u00a0<span class=\"h-nowrap\">Producent:\u00a0<a href=\"https:\/\/wina-mp.pl\/producent\/kilchoman\">Kilchoman<\/a>\u00a0<\/span>\u00a0<span class=\"h-nowrap\">Poj.: 0.7<\/span>\u00a0<span class=\"h-nowrap\">Zaw. Alk. %: 56.9<\/span><\/p>\n<\/p><\/div>\n<div class=\"c-product__desc c-text c-text--lh\" style=\"font-size: 1.4rem; font-family: Helvetica, Tahoma, sans-serif;\">\n<p>Original Cask Strength jest specjaln\u0105, limitowan\u0105 edycj\u0105 butelkowan\u0105 w naturalnej mocy i bez filtrowania na zimno. Celem by\u0142o pokazanie whisky Kilchoman w jej najczystszej postaci. Po raz pierwszy Original Cask Strength pojawi\u0142 si\u0119 we wrze\u015bniu 2014 roku (destylacja 2009) i by\u0142 kompozycj\u0105 whisky z 35 wybranych beczek po Bourbonie, drugi rozlew mia\u0142 miejsce we wrze\u015bniu 2016 (destylacja 2010) i by\u0142 kompozycj\u0105 whisky z 95 niewielkich beczek typu Quarter Cask. Whisky bardzo intensywna. W nosie wyczuwalne aromaty torfu, cytrus\u00f3w z odrobin\u0105 banana i gruszki. W ustach pocz\u0105tkowa s\u0142odycz przechodzi w torfowy dym i nuty dojrza\u0142ych owoc\u00f3w. Finisz d\u0142ugi, torfowy z aromatami owoc\u00f3w cytrusowych.<\/p>\n<\/p><\/div>\n","protected":false},"excerpt":{"rendered":"<div class=\"c-product__details c-text\" style=\"font-size: 1.4rem; font-family: Helvetica, Tahoma, sans-serif;\">\n<p><span class=\"h-nowrap\">Kraj: Szkocja<\/span>\u00a0<span class=\"h-nowrap\">Region: Islay<\/span>\u00a0<span class=\"h-nowrap\">Producent:\u00a0<a href=\"https:\/\/wina-mp.pl\/producent\/kilchoman\">Kilchoman<\/a>\u00a0<\/span>\u00a0<span class=\"h-nowrap\">Poj.: 0.7<\/span>\u00a0<span class=\"h-nowrap\">Zaw. Alk. %: 56.9<\/span><\/p>\n<\/p><\/div>\n<div class=\"c-product__desc c-text c-text--lh\" style=\"font-size: 1.4rem; font-family: Helvetica, Tahoma, sans-serif;\">\n<p>Original Cask Strength jest specjaln\u0105, limitowan\u0105 edycj\u0105 butelkowan\u0105 w naturalnej mocy i bez filtrowania na zimno. Celem by\u0142o pokazanie whisky Kilchoman w jej najczystszej postaci. Po raz pierwszy Original Cask Strength pojawi\u0142 si\u0119 we wrze\u015bniu 2014 roku (destylacja 2009) i by\u0142 kompozycj\u0105 whisky z 35 wybranych beczek po Bourbonie, drugi rozlew mia\u0142 miejsce we wrze\u015bniu 2016 (destylacja 2010) i by\u0142 kompozycj\u0105 whisky z 95 niewielkich beczek typu Quarter Cask. Whisky bardzo intensywna. W nosie wyczuwalne aromaty torfu, cytrus\u00f3w z odrobin\u0105 banana i gruszki. W ustach pocz\u0105tkowa s\u0142odycz przechodzi w torfowy dym i nuty dojrza\u0142ych owoc\u00f3w. Finisz d\u0142ugi, torfowy z aromatami owoc\u00f3w cytrusowych.<\/p>\n<\/p><\/div>\n","protected":false},"featured_media":15041,"comment_status":"open","ping_status":"closed","template":"","meta":[],"product_cat":[142,154,143],"product_tag":[],"class_list":{"0":"post-15042","1":"product","2":"type-product","3":"status-publish","4":"has-post-thumbnail","6":"product_cat-alkohole-mocne","7":"product_cat-szkocja","8":"product_cat-whisky","10":"first","11":"instock","12":"shipping-taxable","13":"purchasable","14":"product-type-simple"},"_links":{"self":[{"href":"http:\/\/delikatesy.wineport.pl\/index.php?rest_route=\/wp\/v2\/product\/15042","targetHints":{"allow":["GET"]}}],"collection":[{"href":"http:\/\/delikatesy.wineport.pl\/index.php?rest_route=\/wp\/v2\/product"}],"about":[{"href":"http:\/\/delikatesy.wineport.pl\/index.php?rest_route=\/wp\/v2\/types\/product"}],"replies":[{"embeddable":true,"href":"http:\/\/delikatesy.wineport.pl\/index.php?rest_route=%2Fwp%2Fv2%2Fcomments&post=15042"}],"wp:featuredmedia":[{"embeddable":true,"href":"http:\/\/delikatesy.wineport.pl\/index.php?rest_route=\/wp\/v2\/media\/15041"}],"wp:attachment":[{"href":"http:\/\/delikatesy.wineport.pl\/index.php?rest_route=%2Fwp%2Fv2%2Fmedia&parent=15042"}],"wp:term":[{"taxonomy":"product_cat","embeddable":true,"href":"http:\/\/delikatesy.wineport.pl\/index.php?rest_route=%2Fwp%2Fv2%2Fproduct_cat&post=15042"},{"taxonomy":"product_tag","embeddable":true,"href":"http:\/\/delikatesy.wineport.pl\/index.php?rest_route=%2Fwp%2Fv2%2Fproduct_tag&post=15042"}],"curies":[{"name":"wp","href":"https:\/\/api.w.org\/{rel}","templated":true}]}}