{"id":15046,"date":"2024-03-14T14:11:00","date_gmt":"2024-03-14T13:11:00","guid":{"rendered":"http:\/\/delikatesy.wineport.pl\/?product=inchmurrin-madeira-cask"},"modified":"2026-05-10T19:23:10","modified_gmt":"2026-05-10T17:23:10","slug":"inchmurrin-madeira-cask","status":"publish","type":"product","link":"http:\/\/delikatesy.wineport.pl\/?product=inchmurrin-madeira-cask","title":{"rendered":"Inchmurrin Madeira Cask"},"content":{"rendered":"<div class=\"c-product__details c-text\" style=\"font-size: 1.4rem; font-family: Helvetica, Tahoma, sans-serif;\">\n<p><span style=\"color: #ff0000; font-size: 16px; font-family: arial, helvetica, sans-serif;\">UWAGA!!! NIE WYSY\u0141AMY ALKOHOLU W PRZYPADKU ZAM\u00d3WIE\u0143 OD OS\u00d3B PRYWATNYCH, TYLKO ODBI\u00d3R OSOBISTY NA UL. \u015aW. STANIS\u0141AWA 12 W WARSZAWIE!!! W przypadku op\u0142acenia zam\u00f3wienia alkoholu z wysy\u0142k\u0105, przy zwrocie pieni\u0119dzy zostanie potr\u0105cona prowizja\u00a0DOTPAY!<\/span><\/p>\n<p><span style=\"color: #ff0000; font-size: 16px; font-family: arial, helvetica, sans-serif;\">\u00a0<\/span><\/p>\n<p><span class=\"h-nowrap\">Kraj: Szkocja<\/span>\u00a0<span class=\"h-nowrap\">Region: Highland<\/span>\u00a0<span class=\"h-nowrap\">Producent:\u00a0<a href=\"https:\/\/wina-mp.pl\/producent\/loch-lomond-glen-scotia\">Loch Lomond \/ Glen Scotia<\/a>\u00a0<\/span>\u00a0<span class=\"h-nowrap\">Poj.: 0.7<\/span>\u00a0<span class=\"h-nowrap\">Zaw. Alk. %: 46.0<\/span><\/p>\n<\/p><\/div>\n<div class=\"c-product__desc c-text c-text--lh\" style=\"font-size: 1.4rem; font-family: Helvetica, Tahoma, sans-serif;\">\n<p>To finiszowana whisky bez okre\u015blenia wieku z destylarnii Loch Lomond. Master Distiller Bill White wybiera destylaty z pojedynczych beczek (z ameryka\u0144skiego d\u0119bu) i \u0142\u0105czy je by nast\u0119pnie przez okres ok. 6-9 miesi\u0119cy mog\u0142y dojrzewa\u0107 w beczkach po portugalskim, wzmacnianym winie madera. Finiszowanie w tych beczkach dodaje whisky aromat\u00f3w owoc\u00f3w z sadu, g\u0142\u00f3wnie brzoskwini i gruszki, z marcepanem, pomara\u0144cz\u0105 i ga\u0142k\u0105 muszkato\u0142ow\u0105. W smaku mocno wyczuwalny akcent orzechowy i d\u0142ugi, d\u0119bowy finisz.<\/p>\n<\/p><\/div>\n","protected":false},"excerpt":{"rendered":"<div class=\"c-product__details c-text\" style=\"font-size: 1.4rem; font-family: Helvetica, Tahoma, sans-serif;\">\n<p><span class=\"h-nowrap\">Kraj: Szkocja<\/span>\u00a0<span class=\"h-nowrap\">Region: Highland<\/span>\u00a0<span class=\"h-nowrap\">Producent:\u00a0<a href=\"https:\/\/wina-mp.pl\/producent\/loch-lomond-glen-scotia\">Loch Lomond \/ Glen Scotia<\/a>\u00a0<\/span>\u00a0<span class=\"h-nowrap\">Poj.: 0.7<\/span>\u00a0<span class=\"h-nowrap\">Zaw. Alk. %: 46.0<\/span><\/p>\n<\/p><\/div>\n<div class=\"c-product__desc c-text c-text--lh\" style=\"font-size: 1.4rem; font-family: Helvetica, Tahoma, sans-serif;\">\n<p>To finiszowana whisky bez okre\u015blenia wieku z destylarnii Loch Lomond. Master Distiller Bill White wybiera destylaty z pojedynczych beczek (z ameryka\u0144skiego d\u0119bu) i \u0142\u0105czy je by nast\u0119pnie przez okres ok. 6-9 miesi\u0119cy mog\u0142y dojrzewa\u0107 w beczkach po portugalskim, wzmacnianym winie madera. Finiszowanie w tych beczkach dodaje whisky aromat\u00f3w owoc\u00f3w z sadu, g\u0142\u00f3wnie brzoskwini i gruszki, z marcepanem, pomara\u0144cz\u0105 i ga\u0142k\u0105 muszkato\u0142ow\u0105. W smaku mocno wyczuwalny akcent orzechowy i d\u0142ugi, d\u0119bowy finisz.<\/p>\n<\/p><\/div>\n","protected":false},"featured_media":15045,"comment_status":"open","ping_status":"closed","template":"","meta":[],"product_cat":[142,154,143],"product_tag":[],"class_list":{"0":"post-15046","1":"product","2":"type-product","3":"status-publish","4":"has-post-thumbnail","6":"product_cat-alkohole-mocne","7":"product_cat-szkocja","8":"product_cat-whisky","10":"first","11":"instock","12":"shipping-taxable","13":"purchasable","14":"product-type-simple"},"_links":{"self":[{"href":"http:\/\/delikatesy.wineport.pl\/index.php?rest_route=\/wp\/v2\/product\/15046","targetHints":{"allow":["GET"]}}],"collection":[{"href":"http:\/\/delikatesy.wineport.pl\/index.php?rest_route=\/wp\/v2\/product"}],"about":[{"href":"http:\/\/delikatesy.wineport.pl\/index.php?rest_route=\/wp\/v2\/types\/product"}],"replies":[{"embeddable":true,"href":"http:\/\/delikatesy.wineport.pl\/index.php?rest_route=%2Fwp%2Fv2%2Fcomments&post=15046"}],"wp:featuredmedia":[{"embeddable":true,"href":"http:\/\/delikatesy.wineport.pl\/index.php?rest_route=\/wp\/v2\/media\/15045"}],"wp:attachment":[{"href":"http:\/\/delikatesy.wineport.pl\/index.php?rest_route=%2Fwp%2Fv2%2Fmedia&parent=15046"}],"wp:term":[{"taxonomy":"product_cat","embeddable":true,"href":"http:\/\/delikatesy.wineport.pl\/index.php?rest_route=%2Fwp%2Fv2%2Fproduct_cat&post=15046"},{"taxonomy":"product_tag","embeddable":true,"href":"http:\/\/delikatesy.wineport.pl\/index.php?rest_route=%2Fwp%2Fv2%2Fproduct_tag&post=15046"}],"curies":[{"name":"wp","href":"https:\/\/api.w.org\/{rel}","templated":true}]}}