{"id":15058,"date":"2024-03-14T14:11:02","date_gmt":"2024-03-14T13:11:02","guid":{"rendered":"http:\/\/delikatesy.wineport.pl\/?product=loch-lomond-signature-blend"},"modified":"2026-05-17T21:32:54","modified_gmt":"2026-05-17T19:32:54","slug":"loch-lomond-signature-blend","status":"publish","type":"product","link":"http:\/\/delikatesy.wineport.pl\/?product=loch-lomond-signature-blend","title":{"rendered":"Loch Lomond Signature Blend"},"content":{"rendered":"<div class=\"c-product__details c-text\" style=\"font-size: 1.4rem; font-family: Helvetica, Tahoma, sans-serif;\">\n<p><span style=\"color: #ff0000; font-size: 16px; font-family: arial, helvetica, sans-serif;\">UWAGA!!! NIE WYSY\u0141AMY ALKOHOLU W PRZYPADKU ZAM\u00d3WIE\u0143 OD OS\u00d3B PRYWATNYCH, TYLKO ODBI\u00d3R OSOBISTY NA UL. \u015aW. STANIS\u0141AWA 12 W WARSZAWIE!!! W przypadku op\u0142acenia zam\u00f3wienia alkoholu z wysy\u0142k\u0105, przy zwrocie pieni\u0119dzy zostanie potr\u0105cona prowizja\u00a0DOTPAY!<\/span><\/p>\n<p><span style=\"color: #ff0000; font-size: 16px; font-family: arial, helvetica, sans-serif;\">\u00a0<\/span><\/p>\n<p><span class=\"h-nowrap\">Kraj: Szkocja<\/span>\u00a0<span class=\"h-nowrap\">Region: Highland<\/span>\u00a0<span class=\"h-nowrap\">Producent:\u00a0<a href=\"https:\/\/wina-mp.pl\/producent\/loch-lomond-glen-scotia\">Loch Lomond \/ Glen Scotia<\/a>\u00a0<\/span>\u00a0<span class=\"h-nowrap\">Poj.: 0.7<\/span>\u00a0<span class=\"h-nowrap\">Zaw. Alk. %: 40.0<\/span><\/p>\n<\/p><\/div>\n<div class=\"c-product__desc c-text c-text--lh\" style=\"font-size: 1.4rem; font-family: Helvetica, Tahoma, sans-serif;\">\n<p>To najwy\u017cszej jako\u015bci whisky blended, kt\u00f3ra po d\u0142ugim i powolnym dojrzewaniu jest mieszana i poddawana dalszej maturacji w licz\u0105cym ok 100 beczek systemie Solera. System ten sk\u0142ada si\u0119 z dw\u00f3ch typ\u00f3w beczek: po sherry oloroso i powt\u00f3rnie wypalanych. Taka kombinacja nadaje tej whisky cudownej g\u0142adko\u015bci i intensywno\u015bci. Jest bardzo aromatyczna z dobrze wyczuwalnymi nutami wzmacnianego wina. Wyczuwamy bogactwo \u015bliwek, rodzynek z delikatnie w\u0119dzonym akcentem. Na podniebieniu g\u0142adka, obfituj\u0105ca w gruszk\u0119, cynamon, imbir, cukier br\u0105zowy, przechodz\u0105ca w finiszu w suszone owoce i czarn\u0105 porzeczk\u0119 z mu\u015bni\u0119ciem tarty cytrynowej.<\/p>\n<\/p><\/div>\n","protected":false},"excerpt":{"rendered":"<div class=\"c-product__details c-text\" style=\"font-size: 1.4rem; font-family: Helvetica, Tahoma, sans-serif;\">\n<p><span class=\"h-nowrap\">Kraj: Szkocja<\/span>\u00a0<span class=\"h-nowrap\">Region: Highland<\/span>\u00a0<span class=\"h-nowrap\">Producent:\u00a0<a href=\"https:\/\/wina-mp.pl\/producent\/loch-lomond-glen-scotia\">Loch Lomond \/ Glen Scotia<\/a>\u00a0<\/span>\u00a0<span class=\"h-nowrap\">Poj.: 0.7<\/span>\u00a0<span class=\"h-nowrap\">Zaw. Alk. %: 40.0<\/span><\/p>\n<\/p><\/div>\n<div class=\"c-product__desc c-text c-text--lh\" style=\"font-size: 1.4rem; font-family: Helvetica, Tahoma, sans-serif;\">\n<p>To najwy\u017cszej jako\u015bci whisky blended, kt\u00f3ra po d\u0142ugim i powolnym dojrzewaniu jest mieszana i poddawana dalszej maturacji w licz\u0105cym ok 100 beczek systemie Solera. System ten sk\u0142ada si\u0119 z dw\u00f3ch typ\u00f3w beczek: po sherry oloroso i powt\u00f3rnie wypalanych. Taka kombinacja nadaje tej whisky cudownej g\u0142adko\u015bci i intensywno\u015bci. Jest bardzo aromatyczna z dobrze wyczuwalnymi nutami wzmacnianego wina. Wyczuwamy bogactwo \u015bliwek, rodzynek z delikatnie w\u0119dzonym akcentem. Na podniebieniu g\u0142adka, obfituj\u0105ca w gruszk\u0119, cynamon, imbir, cukier br\u0105zowy, przechodz\u0105ca w finiszu w suszone owoce i czarn\u0105 porzeczk\u0119 z mu\u015bni\u0119ciem tarty cytrynowej.<\/p>\n<\/p><\/div>\n","protected":false},"featured_media":15057,"comment_status":"open","ping_status":"closed","template":"","meta":[],"product_cat":[142,154,143],"product_tag":[],"class_list":{"0":"post-15058","1":"product","2":"type-product","3":"status-publish","4":"has-post-thumbnail","6":"product_cat-alkohole-mocne","7":"product_cat-szkocja","8":"product_cat-whisky","10":"first","11":"instock","12":"shipping-taxable","13":"purchasable","14":"product-type-simple"},"_links":{"self":[{"href":"http:\/\/delikatesy.wineport.pl\/index.php?rest_route=\/wp\/v2\/product\/15058","targetHints":{"allow":["GET"]}}],"collection":[{"href":"http:\/\/delikatesy.wineport.pl\/index.php?rest_route=\/wp\/v2\/product"}],"about":[{"href":"http:\/\/delikatesy.wineport.pl\/index.php?rest_route=\/wp\/v2\/types\/product"}],"replies":[{"embeddable":true,"href":"http:\/\/delikatesy.wineport.pl\/index.php?rest_route=%2Fwp%2Fv2%2Fcomments&post=15058"}],"wp:featuredmedia":[{"embeddable":true,"href":"http:\/\/delikatesy.wineport.pl\/index.php?rest_route=\/wp\/v2\/media\/15057"}],"wp:attachment":[{"href":"http:\/\/delikatesy.wineport.pl\/index.php?rest_route=%2Fwp%2Fv2%2Fmedia&parent=15058"}],"wp:term":[{"taxonomy":"product_cat","embeddable":true,"href":"http:\/\/delikatesy.wineport.pl\/index.php?rest_route=%2Fwp%2Fv2%2Fproduct_cat&post=15058"},{"taxonomy":"product_tag","embeddable":true,"href":"http:\/\/delikatesy.wineport.pl\/index.php?rest_route=%2Fwp%2Fv2%2Fproduct_tag&post=15058"}],"curies":[{"name":"wp","href":"https:\/\/api.w.org\/{rel}","templated":true}]}}