{"id":15062,"date":"2024-03-14T14:11:02","date_gmt":"2024-03-14T13:11:02","guid":{"rendered":"http:\/\/delikatesy.wineport.pl\/?product=hazelburn-10-yo"},"modified":"2026-05-10T19:24:00","modified_gmt":"2026-05-10T17:24:00","slug":"hazelburn-10-yo","status":"publish","type":"product","link":"http:\/\/delikatesy.wineport.pl\/?product=hazelburn-10-yo","title":{"rendered":"Hazelburn 10 YO"},"content":{"rendered":"<div class=\"c-product__details c-text\" style=\"font-size: 1.4rem; font-family: Helvetica, Tahoma, sans-serif;\">\n<p><span style=\"color: #ff0000; font-size: 16px; font-family: arial, helvetica, sans-serif;\">UWAGA!!! NIE WYSY\u0141AMY ALKOHOLU W PRZYPADKU ZAM\u00d3WIE\u0143 OD OS\u00d3B PRYWATNYCH, TYLKO ODBI\u00d3R OSOBISTY NA UL. \u015aW. STANIS\u0141AWA 12 W WARSZAWIE!!! W przypadku op\u0142acenia zam\u00f3wienia alkoholu z wysy\u0142k\u0105, przy zwrocie pieni\u0119dzy zostanie potr\u0105cona prowizja\u00a0DOTPAY!<\/span><\/p>\n<p><span style=\"color: #ff0000; font-size: 16px; font-family: arial, helvetica, sans-serif;\">\u00a0<\/span><\/p>\n<p><span class=\"h-nowrap\">Kraj: Szkocja<\/span>\u00a0<span class=\"h-nowrap\">Region: Campbeltown<\/span>\u00a0<span class=\"h-nowrap\">Producent:\u00a0<a href=\"https:\/\/wina-mp.pl\/producent\/springbank\">Springbank<\/a>\u00a0<\/span>\u00a0<span class=\"h-nowrap\">Poj.: 0.7<\/span>\u00a0<span class=\"h-nowrap\">Zaw. Alk. %: 46.0<\/span><\/p>\n<\/p><\/div>\n<div class=\"c-product__desc c-text c-text--lh\" style=\"font-size: 1.4rem; font-family: Helvetica, Tahoma, sans-serif;\">\n<p>10-letnia, trzykrotnie destylowana, nietorfowa whisky, kt\u00f3ra dojrzewa\u0142a w beczkach po bourbonie. To najdelikatniejsza, jednocze\u015bnie bogata whisky z destylarni Springbank. Swoj\u0105 nazw\u0119 zawdzi\u0119cza dzia\u0142aj\u0105cej w przesz\u0142o\u015bci w Campbeltown destylarni Hazelburn, przej\u0119tej przez rodzin\u0119 Mitchell\u00f3w. Pierwszy Hazelburn zosta\u0142 wydestylowany w roku 1997. Whisky nie jest barwiona karmelem i nie jest filtrowana na zimno. W nosie odnajdujemy aromaty duszonych gruszek, pieczonych jab\u0142ek, plastra miodu i kr\u00f3wek. W ustach przyjemna, pe\u0142na i bogata z wyczuwaln\u0105 wanili\u0105, miodem i lukrecj\u0105. Finisz kremowy z posmakiem mlecznej czekolady.<\/p>\n<\/p><\/div>\n","protected":false},"excerpt":{"rendered":"<div class=\"c-product__details c-text\" style=\"font-size: 1.4rem; font-family: Helvetica, Tahoma, sans-serif;\">\n<p><span class=\"h-nowrap\">Kraj: Szkocja<\/span>\u00a0<span class=\"h-nowrap\">Region: Campbeltown<\/span>\u00a0<span class=\"h-nowrap\">Producent:\u00a0<a href=\"https:\/\/wina-mp.pl\/producent\/springbank\">Springbank<\/a>\u00a0<\/span>\u00a0<span class=\"h-nowrap\">Poj.: 0.7<\/span>\u00a0<span class=\"h-nowrap\">Zaw. Alk. %: 46.0<\/span><\/p>\n<\/p><\/div>\n<div class=\"c-product__desc c-text c-text--lh\" style=\"font-size: 1.4rem; font-family: Helvetica, Tahoma, sans-serif;\">\n<p>10-letnia, trzykrotnie destylowana, nietorfowa whisky, kt\u00f3ra dojrzewa\u0142a w beczkach po bourbonie. To najdelikatniejsza, jednocze\u015bnie bogata whisky z destylarni Springbank. Swoj\u0105 nazw\u0119 zawdzi\u0119cza dzia\u0142aj\u0105cej w przesz\u0142o\u015bci w Campbeltown destylarni Hazelburn, przej\u0119tej przez rodzin\u0119 Mitchell\u00f3w. Pierwszy Hazelburn zosta\u0142 wydestylowany w roku 1997. Whisky nie jest barwiona karmelem i nie jest filtrowana na zimno. W nosie odnajdujemy aromaty duszonych gruszek, pieczonych jab\u0142ek, plastra miodu i kr\u00f3wek. W ustach przyjemna, pe\u0142na i bogata z wyczuwaln\u0105 wanili\u0105, miodem i lukrecj\u0105. Finisz kremowy z posmakiem mlecznej czekolady.<\/p>\n<\/p><\/div>\n","protected":false},"featured_media":15061,"comment_status":"open","ping_status":"closed","template":"","meta":[],"product_cat":[142,154,143],"product_tag":[],"class_list":{"0":"post-15062","1":"product","2":"type-product","3":"status-publish","4":"has-post-thumbnail","6":"product_cat-alkohole-mocne","7":"product_cat-szkocja","8":"product_cat-whisky","10":"first","11":"instock","12":"shipping-taxable","13":"purchasable","14":"product-type-simple"},"_links":{"self":[{"href":"http:\/\/delikatesy.wineport.pl\/index.php?rest_route=\/wp\/v2\/product\/15062","targetHints":{"allow":["GET"]}}],"collection":[{"href":"http:\/\/delikatesy.wineport.pl\/index.php?rest_route=\/wp\/v2\/product"}],"about":[{"href":"http:\/\/delikatesy.wineport.pl\/index.php?rest_route=\/wp\/v2\/types\/product"}],"replies":[{"embeddable":true,"href":"http:\/\/delikatesy.wineport.pl\/index.php?rest_route=%2Fwp%2Fv2%2Fcomments&post=15062"}],"wp:featuredmedia":[{"embeddable":true,"href":"http:\/\/delikatesy.wineport.pl\/index.php?rest_route=\/wp\/v2\/media\/15061"}],"wp:attachment":[{"href":"http:\/\/delikatesy.wineport.pl\/index.php?rest_route=%2Fwp%2Fv2%2Fmedia&parent=15062"}],"wp:term":[{"taxonomy":"product_cat","embeddable":true,"href":"http:\/\/delikatesy.wineport.pl\/index.php?rest_route=%2Fwp%2Fv2%2Fproduct_cat&post=15062"},{"taxonomy":"product_tag","embeddable":true,"href":"http:\/\/delikatesy.wineport.pl\/index.php?rest_route=%2Fwp%2Fv2%2Fproduct_tag&post=15062"}],"curies":[{"name":"wp","href":"https:\/\/api.w.org\/{rel}","templated":true}]}}