{"id":15066,"date":"2024-03-14T14:11:04","date_gmt":"2024-03-14T13:11:04","guid":{"rendered":"http:\/\/delikatesy.wineport.pl\/?product=hazelburn-8-yo-kartonik"},"modified":"2026-05-17T21:32:55","modified_gmt":"2026-05-17T19:32:55","slug":"hazelburn-8-yo-kartonik","status":"publish","type":"product","link":"http:\/\/delikatesy.wineport.pl\/?product=hazelburn-8-yo-kartonik","title":{"rendered":"Hazelburn 8 YO Kartonik"},"content":{"rendered":"<div class=\"c-product__details c-text\" style=\"font-size: 1.4rem; font-family: Helvetica, Tahoma, sans-serif;\">\n<p><span style=\"color: #ff0000; font-size: 16px; font-family: arial, helvetica, sans-serif;\">UWAGA!!! NIE WYSY\u0141AMY ALKOHOLU W PRZYPADKU ZAM\u00d3WIE\u0143 OD OS\u00d3B PRYWATNYCH, TYLKO ODBI\u00d3R OSOBISTY NA UL. \u015aW. STANIS\u0141AWA 12 W WARSZAWIE!!! W przypadku op\u0142acenia zam\u00f3wienia alkoholu z wysy\u0142k\u0105, przy zwrocie pieni\u0119dzy zostanie potr\u0105cona prowizja\u00a0DOTPAY!<\/span><\/p>\n<p><span style=\"color: #ff0000; font-size: 16px; font-family: arial, helvetica, sans-serif;\">\u00a0<\/span><\/p>\n<p><span class=\"h-nowrap\">Kraj: Szkocja<\/span>\u00a0<span class=\"h-nowrap\">Region: Campbeltown<\/span>\u00a0<span class=\"h-nowrap\">Producent:\u00a0<a href=\"https:\/\/wina-mp.pl\/producent\/springbank\">Springbank<\/a>\u00a0<\/span>\u00a0<span class=\"h-nowrap\">Poj.: 0.7<\/span>\u00a0<span class=\"h-nowrap\">Zaw. Alk. %: 46.0<\/span><\/p>\n<\/p><\/div>\n<div class=\"c-product__desc c-text c-text--lh\" style=\"font-size: 1.4rem; font-family: Helvetica, Tahoma, sans-serif;\">\n<p>Whisky typu Single Malt, kt\u00f3ra 5 lat le\u017cakowa\u0142a w beczkach po bourbonie, a nast\u0119pnie na 3 lata zosta\u0142a przelana do beczek po sherry. Intensywny kolor z\u0142ota bardzo pi\u0119knie prezentuje si\u0119 w kieliszku. W Nosie delikatna, z nutami malin i d\u0119biny. Po d\u0142u\u017cszym obcowaniu odnajdujemy aromaty fig, pra\u017conego cynamonu, marmolady i pieczonych bajgli. W Ustach s\u0142odka, z przewag\u0105 wanilii i pra\u017conych orzech\u00f3w. Dzi\u0119ki potr\u00f3jnej destylacji pr\u00f3\u017cno nam tu szuka\u0107 jakichkolwiek dymnych i torfowych nut. Finisz z delikatnie wyczuwaln\u0105 szczypt\u0105 pieprzu.<\/p>\n<\/p><\/div>\n","protected":false},"excerpt":{"rendered":"<div class=\"c-product__details c-text\" style=\"font-size: 1.4rem; font-family: Helvetica, Tahoma, sans-serif;\">\n<p><span class=\"h-nowrap\">Kraj: Szkocja<\/span>\u00a0<span class=\"h-nowrap\">Region: Campbeltown<\/span>\u00a0<span class=\"h-nowrap\">Producent:\u00a0<a href=\"https:\/\/wina-mp.pl\/producent\/springbank\">Springbank<\/a>\u00a0<\/span>\u00a0<span class=\"h-nowrap\">Poj.: 0.7<\/span>\u00a0<span class=\"h-nowrap\">Zaw. Alk. %: 46.0<\/span><\/p>\n<\/p><\/div>\n<div class=\"c-product__desc c-text c-text--lh\" style=\"font-size: 1.4rem; font-family: Helvetica, Tahoma, sans-serif;\">\n<p>Whisky typu Single Malt, kt\u00f3ra 5 lat le\u017cakowa\u0142a w beczkach po bourbonie, a nast\u0119pnie na 3 lata zosta\u0142a przelana do beczek po sherry. Intensywny kolor z\u0142ota bardzo pi\u0119knie prezentuje si\u0119 w kieliszku. W Nosie delikatna, z nutami malin i d\u0119biny. Po d\u0142u\u017cszym obcowaniu odnajdujemy aromaty fig, pra\u017conego cynamonu, marmolady i pieczonych bajgli. W Ustach s\u0142odka, z przewag\u0105 wanilii i pra\u017conych orzech\u00f3w. Dzi\u0119ki potr\u00f3jnej destylacji pr\u00f3\u017cno nam tu szuka\u0107 jakichkolwiek dymnych i torfowych nut. Finisz z delikatnie wyczuwaln\u0105 szczypt\u0105 pieprzu.<\/p>\n<\/p><\/div>\n","protected":false},"featured_media":15065,"comment_status":"open","ping_status":"closed","template":"","meta":[],"product_cat":[142,154,143],"product_tag":[],"class_list":{"0":"post-15066","1":"product","2":"type-product","3":"status-publish","4":"has-post-thumbnail","6":"product_cat-alkohole-mocne","7":"product_cat-szkocja","8":"product_cat-whisky","10":"first","11":"instock","12":"shipping-taxable","13":"purchasable","14":"product-type-simple"},"_links":{"self":[{"href":"http:\/\/delikatesy.wineport.pl\/index.php?rest_route=\/wp\/v2\/product\/15066","targetHints":{"allow":["GET"]}}],"collection":[{"href":"http:\/\/delikatesy.wineport.pl\/index.php?rest_route=\/wp\/v2\/product"}],"about":[{"href":"http:\/\/delikatesy.wineport.pl\/index.php?rest_route=\/wp\/v2\/types\/product"}],"replies":[{"embeddable":true,"href":"http:\/\/delikatesy.wineport.pl\/index.php?rest_route=%2Fwp%2Fv2%2Fcomments&post=15066"}],"wp:featuredmedia":[{"embeddable":true,"href":"http:\/\/delikatesy.wineport.pl\/index.php?rest_route=\/wp\/v2\/media\/15065"}],"wp:attachment":[{"href":"http:\/\/delikatesy.wineport.pl\/index.php?rest_route=%2Fwp%2Fv2%2Fmedia&parent=15066"}],"wp:term":[{"taxonomy":"product_cat","embeddable":true,"href":"http:\/\/delikatesy.wineport.pl\/index.php?rest_route=%2Fwp%2Fv2%2Fproduct_cat&post=15066"},{"taxonomy":"product_tag","embeddable":true,"href":"http:\/\/delikatesy.wineport.pl\/index.php?rest_route=%2Fwp%2Fv2%2Fproduct_tag&post=15066"}],"curies":[{"name":"wp","href":"https:\/\/api.w.org\/{rel}","templated":true}]}}