{"id":15068,"date":"2024-03-14T14:11:05","date_gmt":"2024-03-14T13:11:05","guid":{"rendered":"http:\/\/delikatesy.wineport.pl\/?product=ron-barcelo-anejo-07l"},"modified":"2026-05-17T21:32:55","modified_gmt":"2026-05-17T19:32:55","slug":"ron-barcelo-anejo-07l","status":"publish","type":"product","link":"http:\/\/delikatesy.wineport.pl\/?product=ron-barcelo-anejo-07l","title":{"rendered":"Ron Barcelo Anejo 0,7L"},"content":{"rendered":"<p>\u00a0<\/p>\n<p><span style=\"color: #ff0000; font-size: 16px; font-family: arial, helvetica, sans-serif;\">UWAGA!!! NIE WYSY\u0141AMY ALKOHOLU W PRZYPADKU ZAM\u00d3WIE\u0143 OD OS\u00d3B PRYWATNYCH, TYLKO ODBI\u00d3R OSOBISTY NA UL. \u015aW. STANIS\u0141AWA 12 W WARSZAWIE!!! W przypadku op\u0142acenia zam\u00f3wienia alkoholu z wysy\u0142k\u0105, przy zwrocie pieni\u0119dzy zostanie potr\u0105cona prowizja\u00a0DOTPAY!<\/span><\/p>\n<p>\u00a0<\/p>\n<p><span style=\"color: #ff0000; font-size: 16px; font-family: arial, helvetica, sans-serif;\">\u00a0<\/span><\/p>\n<p><span style=\"font-family: Helvetica, Tahoma, sans-serif;\">Wyj\u0105tkowa kompozycja rum\u00f3w najlepszej jako\u015bci, cierpliwie le\u017cakowana w d\u0119bowych beczkach aby uzyska\u0107 g\u0142\u0119bi\u0119 smaku i pi\u0119kn\u0105, z\u0142oto-bursztynow\u0105 barw\u0119. Wyczuwalne aromaty wanilii i toffi z odrobin\u0105 d\u0119biny. W Ustach pikantny atak ust\u0119puje po chwili nieco \u0142agodniejszym nutom wi\u015bni, karmelu, palonego drewna i bia\u0142ego pieprzu. Nast\u0119pnie pojawia si\u0119 ciekawy i zaskakuj\u0105cy mineralny posmak. Finisz ponownie dosy\u0107 ostry, ze s\u0142odkim toffi i bia\u0142ym pieprzem pozostaj\u0105cym w tle. Destylat znakomitej jako\u015bci odzwierciedlaj\u0105cy najlepsze tradycje Dominikany. Najlepiej smakuje degustowany samodzielnie, a koktajlom nadaje wyj\u0105tkowej klasy i wyrafinowania.<\/span><\/p>\n","protected":false},"excerpt":{"rendered":"<p><span style=\"font-family: Helvetica, Tahoma, sans-serif;\">Wyj\u0105tkowa kompozycja rum\u00f3w najlepszej jako\u015bci, cierpliwie le\u017cakowana w d\u0119bowych beczkach aby uzyska\u0107 g\u0142\u0119bi\u0119 smaku i pi\u0119kn\u0105, z\u0142oto-bursztynow\u0105 barw\u0119. Wyczuwalne aromaty wanilii i toffi z odrobin\u0105 d\u0119biny. W Ustach pikantny atak ust\u0119puje po chwili nieco \u0142agodniejszym nutom wi\u015bni, karmelu, palonego drewna i bia\u0142ego pieprzu. Nast\u0119pnie pojawia si\u0119 ciekawy i zaskakuj\u0105cy mineralny posmak. Finisz ponownie dosy\u0107 ostry, ze s\u0142odkim toffi i bia\u0142ym pieprzem pozostaj\u0105cym w tle. Destylat znakomitej jako\u015bci odzwierciedlaj\u0105cy najlepsze tradycje Dominikany. Najlepiej smakuje degustowany samodzielnie, a koktajlom nadaje wyj\u0105tkowej klasy i wyrafinowania.<\/span><\/p>\n","protected":false},"featured_media":15067,"comment_status":"open","ping_status":"closed","template":"","meta":[],"product_cat":[142,200],"product_tag":[],"class_list":{"0":"post-15068","1":"product","2":"type-product","3":"status-publish","4":"has-post-thumbnail","6":"product_cat-alkohole-mocne","7":"product_cat-rum","9":"first","10":"instock","11":"shipping-taxable","12":"purchasable","13":"product-type-simple"},"_links":{"self":[{"href":"http:\/\/delikatesy.wineport.pl\/index.php?rest_route=\/wp\/v2\/product\/15068","targetHints":{"allow":["GET"]}}],"collection":[{"href":"http:\/\/delikatesy.wineport.pl\/index.php?rest_route=\/wp\/v2\/product"}],"about":[{"href":"http:\/\/delikatesy.wineport.pl\/index.php?rest_route=\/wp\/v2\/types\/product"}],"replies":[{"embeddable":true,"href":"http:\/\/delikatesy.wineport.pl\/index.php?rest_route=%2Fwp%2Fv2%2Fcomments&post=15068"}],"wp:featuredmedia":[{"embeddable":true,"href":"http:\/\/delikatesy.wineport.pl\/index.php?rest_route=\/wp\/v2\/media\/15067"}],"wp:attachment":[{"href":"http:\/\/delikatesy.wineport.pl\/index.php?rest_route=%2Fwp%2Fv2%2Fmedia&parent=15068"}],"wp:term":[{"taxonomy":"product_cat","embeddable":true,"href":"http:\/\/delikatesy.wineport.pl\/index.php?rest_route=%2Fwp%2Fv2%2Fproduct_cat&post=15068"},{"taxonomy":"product_tag","embeddable":true,"href":"http:\/\/delikatesy.wineport.pl\/index.php?rest_route=%2Fwp%2Fv2%2Fproduct_tag&post=15068"}],"curies":[{"name":"wp","href":"https:\/\/api.w.org\/{rel}","templated":true}]}}