{"id":15070,"date":"2024-03-14T14:11:05","date_gmt":"2024-03-14T13:11:05","guid":{"rendered":"http:\/\/delikatesy.wineport.pl\/?product=ron-barcelo-blanco-07l"},"modified":"2026-05-10T19:24:01","modified_gmt":"2026-05-10T17:24:01","slug":"ron-barcelo-blanco-07l","status":"publish","type":"product","link":"http:\/\/delikatesy.wineport.pl\/?product=ron-barcelo-blanco-07l","title":{"rendered":"Ron Barcelo Blanco 0,7L"},"content":{"rendered":"<div class=\"c-product__details c-text\" style=\"font-size: 1.4rem; font-family: Helvetica, Tahoma, sans-serif;\">\n<p><span style=\"color: #ff0000; font-size: 16px; font-family: arial, helvetica, sans-serif;\">UWAGA!!! NIE WYSY\u0141AMY ALKOHOLU W PRZYPADKU ZAM\u00d3WIE\u0143 OD OS\u00d3B PRYWATNYCH, TYLKO ODBI\u00d3R OSOBISTY NA UL. \u015aW. STANIS\u0141AWA 12 W WARSZAWIE!!! W przypadku op\u0142acenia zam\u00f3wienia alkoholu z wysy\u0142k\u0105, przy zwrocie pieni\u0119dzy zostanie potr\u0105cona prowizja\u00a0DOTPAY!<\/span><\/p>\n<p><span style=\"color: #ff0000; font-size: 16px; font-family: arial, helvetica, sans-serif;\">\u00a0<\/span><\/p>\n<p><span class=\"h-nowrap\">Kraj: Dominikana<\/span>\u00a0<span class=\"h-nowrap\">Producent:\u00a0<a href=\"https:\/\/wina-mp.pl\/producent\/ron-barcelo\">Ron Barcelo<\/a>\u00a0<\/span>\u00a0<span class=\"h-nowrap\">Poj.: 0.7<\/span>\u00a0<span class=\"h-nowrap\">Zaw. Alk. %: 37.5<\/span><\/p>\n<\/p><\/div>\n<div class=\"c-product__desc c-text c-text--lh\" style=\"font-size: 1.4rem; font-family: Helvetica, Tahoma, sans-serif;\">\n<p>\u015awie\u017cy i krystalicznie czysty rum, le\u017cakowany kr\u00f3tko w beczkach z ameryka\u0144skiego d\u0119bu dla wzbogacenia aromat\u00f3w, nast\u0119pnie filtrowany przez filtry w\u0119glowe aby zachowa\u0107 przejrzyst\u0105 barw\u0119. Podczas degustacji wyczuwalne aromaty zielonych banan\u00f3w i bia\u0142ego pieprzu. W Ustach mi\u0119kki i g\u0142adki na pocz\u0105tku, przechodzi w wytrawny, dobrze zbudowany trunek z nutami s\u0142odyczy banana, lekkim posmakiem cynamonu i r\u00f3\u017cowego pieprzu. Finisz d\u0142ugi i zbalansowany, wytrawny. Ron Barcelo Blanco to idealny sk\u0142adnik wy\u015bmienitych koktajli np. Mojito, Daiquiri czy Pina Colada.<\/p>\n<\/p><\/div>\n<div id=\"js-product\" style=\"font-size: 10px; font-family: Helvetica, Tahoma, sans-serif;\">\u00a0<\/div>\n","protected":false},"excerpt":{"rendered":"<div class=\"c-product__details c-text\" style=\"font-size: 1.4rem; font-family: Helvetica, Tahoma, sans-serif;\">\n<p><span class=\"h-nowrap\">Kraj: Dominikana<\/span>\u00a0<span class=\"h-nowrap\">Producent:\u00a0<a href=\"https:\/\/wina-mp.pl\/producent\/ron-barcelo\">Ron Barcelo<\/a>\u00a0<\/span>\u00a0<span class=\"h-nowrap\">Poj.: 0.7<\/span>\u00a0<span class=\"h-nowrap\">Zaw. Alk. %: 37.5<\/span><\/p>\n<\/p><\/div>\n<div class=\"c-product__desc c-text c-text--lh\" style=\"font-size: 1.4rem; font-family: Helvetica, Tahoma, sans-serif;\">\n<p>\u015awie\u017cy i krystalicznie czysty rum, le\u017cakowany kr\u00f3tko w beczkach z ameryka\u0144skiego d\u0119bu dla wzbogacenia aromat\u00f3w, nast\u0119pnie filtrowany przez filtry w\u0119glowe aby zachowa\u0107 przejrzyst\u0105 barw\u0119. Podczas degustacji wyczuwalne aromaty zielonych banan\u00f3w i bia\u0142ego pieprzu. W Ustach mi\u0119kki i g\u0142adki na pocz\u0105tku, przechodzi w wytrawny, dobrze zbudowany trunek z nutami s\u0142odyczy banana, lekkim posmakiem cynamonu i r\u00f3\u017cowego pieprzu. Finisz d\u0142ugi i zbalansowany, wytrawny. Ron Barcelo Blanco to idealny sk\u0142adnik wy\u015bmienitych koktajli np. Mojito, Daiquiri czy Pina Colada.<\/p>\n<\/p><\/div>\n<div id=\"js-product\" style=\"font-size: 10px; font-family: Helvetica, Tahoma, sans-serif;\">\u00a0<\/div>\n","protected":false},"featured_media":15069,"comment_status":"open","ping_status":"closed","template":"","meta":[],"product_cat":[142,200],"product_tag":[],"class_list":{"0":"post-15070","1":"product","2":"type-product","3":"status-publish","4":"has-post-thumbnail","6":"product_cat-alkohole-mocne","7":"product_cat-rum","9":"first","10":"instock","11":"shipping-taxable","12":"purchasable","13":"product-type-simple"},"_links":{"self":[{"href":"http:\/\/delikatesy.wineport.pl\/index.php?rest_route=\/wp\/v2\/product\/15070","targetHints":{"allow":["GET"]}}],"collection":[{"href":"http:\/\/delikatesy.wineport.pl\/index.php?rest_route=\/wp\/v2\/product"}],"about":[{"href":"http:\/\/delikatesy.wineport.pl\/index.php?rest_route=\/wp\/v2\/types\/product"}],"replies":[{"embeddable":true,"href":"http:\/\/delikatesy.wineport.pl\/index.php?rest_route=%2Fwp%2Fv2%2Fcomments&post=15070"}],"wp:featuredmedia":[{"embeddable":true,"href":"http:\/\/delikatesy.wineport.pl\/index.php?rest_route=\/wp\/v2\/media\/15069"}],"wp:attachment":[{"href":"http:\/\/delikatesy.wineport.pl\/index.php?rest_route=%2Fwp%2Fv2%2Fmedia&parent=15070"}],"wp:term":[{"taxonomy":"product_cat","embeddable":true,"href":"http:\/\/delikatesy.wineport.pl\/index.php?rest_route=%2Fwp%2Fv2%2Fproduct_cat&post=15070"},{"taxonomy":"product_tag","embeddable":true,"href":"http:\/\/delikatesy.wineport.pl\/index.php?rest_route=%2Fwp%2Fv2%2Fproduct_tag&post=15070"}],"curies":[{"name":"wp","href":"https:\/\/api.w.org\/{rel}","templated":true}]}}