{"id":15076,"date":"2024-03-14T14:11:07","date_gmt":"2024-03-14T13:11:07","guid":{"rendered":"http:\/\/delikatesy.wineport.pl\/?product=ron-barcelo-gran-platinum-375-07"},"modified":"2026-05-10T19:24:02","modified_gmt":"2026-05-10T17:24:02","slug":"ron-barcelo-gran-platinum-375-07","status":"publish","type":"product","link":"http:\/\/delikatesy.wineport.pl\/?product=ron-barcelo-gran-platinum-375-07","title":{"rendered":"Ron Barcelo Gran Platinum 37,5% 0,7"},"content":{"rendered":"<div class=\"c-product__details c-text\" style=\"font-size: 1.4rem; font-family: Helvetica, Tahoma, sans-serif;\">\n<p><span style=\"color: #ff0000; font-size: 16px; font-family: arial, helvetica, sans-serif;\">UWAGA!!! NIE WYSY\u0141AMY ALKOHOLU W PRZYPADKU ZAM\u00d3WIE\u0143 OD OS\u00d3B PRYWATNYCH, TYLKO ODBI\u00d3R OSOBISTY NA UL. \u015aW. STANIS\u0141AWA 12 W WARSZAWIE!!! W przypadku op\u0142acenia zam\u00f3wienia alkoholu z wysy\u0142k\u0105, przy zwrocie pieni\u0119dzy zostanie potr\u0105cona prowizja\u00a0DOTPAY!<\/span><\/p>\n<p><span style=\"color: #ff0000; font-size: 16px; font-family: arial, helvetica, sans-serif;\">\u00a0<\/span><\/p>\n<p><span class=\"h-nowrap\">Kraj: Dominikana<\/span>\u00a0<span class=\"h-nowrap\">Producent:\u00a0<a href=\"https:\/\/wina-mp.pl\/producent\/ron-barcelo\">Ron Barcelo<\/a>\u00a0<\/span>\u00a0<span class=\"h-nowrap\">Poj.: 0.7<\/span>\u00a0<span class=\"h-nowrap\">Zaw. Alk. %: 37.5<\/span><\/p>\n<\/p><\/div>\n<div class=\"c-product__desc c-text c-text--lh\" style=\"font-size: 1.4rem; font-family: Helvetica, Tahoma, sans-serif;\">\n<p>Wyj\u0105tkowa kompozycja najlepszych rum\u00f3w z Dominikany, cierpliwie starzona w d\u0119bowych beczkach, a nast\u0119pnie dok\u0142adnie filtrowana aby uzyska\u0107 krystaliczn\u0105 przejrzysto\u015b\u0107 trunku. Rum o bardzo ciekawych aromatach zielonych jab\u0142ek i eukaliptusa, \u015bwie\u017cy, a jednocze\u015bnie bardzo z\u0142o\u017cony. W finiszu posmak r\u00f3\u017cowego pieprzu i eukaliptusa wzmocniony nutami owoc\u00f3w cytrusowych. Znakomicie smakuje sam i niezwykle wzbogaca smak koktajli. Serwowany w najlepszych barach \u015bwiata.<\/p>\n<\/p><\/div>\n","protected":false},"excerpt":{"rendered":"<div class=\"c-product__details c-text\" style=\"font-size: 1.4rem; font-family: Helvetica, Tahoma, sans-serif;\">\n<p><span class=\"h-nowrap\">Kraj: Dominikana<\/span>\u00a0<span class=\"h-nowrap\">Producent:\u00a0<a href=\"https:\/\/wina-mp.pl\/producent\/ron-barcelo\">Ron Barcelo<\/a>\u00a0<\/span>\u00a0<span class=\"h-nowrap\">Poj.: 0.7<\/span>\u00a0<span class=\"h-nowrap\">Zaw. Alk. %: 37.5<\/span><\/p>\n<\/p><\/div>\n<div class=\"c-product__desc c-text c-text--lh\" style=\"font-size: 1.4rem; font-family: Helvetica, Tahoma, sans-serif;\">\n<p>Wyj\u0105tkowa kompozycja najlepszych rum\u00f3w z Dominikany, cierpliwie starzona w d\u0119bowych beczkach, a nast\u0119pnie dok\u0142adnie filtrowana aby uzyska\u0107 krystaliczn\u0105 przejrzysto\u015b\u0107 trunku. Rum o bardzo ciekawych aromatach zielonych jab\u0142ek i eukaliptusa, \u015bwie\u017cy, a jednocze\u015bnie bardzo z\u0142o\u017cony. W finiszu posmak r\u00f3\u017cowego pieprzu i eukaliptusa wzmocniony nutami owoc\u00f3w cytrusowych. Znakomicie smakuje sam i niezwykle wzbogaca smak koktajli. Serwowany w najlepszych barach \u015bwiata.<\/p>\n<\/p><\/div>\n","protected":false},"featured_media":15075,"comment_status":"open","ping_status":"closed","template":"","meta":[],"product_cat":[142,200],"product_tag":[],"class_list":{"0":"post-15076","1":"product","2":"type-product","3":"status-publish","4":"has-post-thumbnail","6":"product_cat-alkohole-mocne","7":"product_cat-rum","9":"first","10":"instock","11":"shipping-taxable","12":"purchasable","13":"product-type-simple"},"_links":{"self":[{"href":"http:\/\/delikatesy.wineport.pl\/index.php?rest_route=\/wp\/v2\/product\/15076","targetHints":{"allow":["GET"]}}],"collection":[{"href":"http:\/\/delikatesy.wineport.pl\/index.php?rest_route=\/wp\/v2\/product"}],"about":[{"href":"http:\/\/delikatesy.wineport.pl\/index.php?rest_route=\/wp\/v2\/types\/product"}],"replies":[{"embeddable":true,"href":"http:\/\/delikatesy.wineport.pl\/index.php?rest_route=%2Fwp%2Fv2%2Fcomments&post=15076"}],"wp:featuredmedia":[{"embeddable":true,"href":"http:\/\/delikatesy.wineport.pl\/index.php?rest_route=\/wp\/v2\/media\/15075"}],"wp:attachment":[{"href":"http:\/\/delikatesy.wineport.pl\/index.php?rest_route=%2Fwp%2Fv2%2Fmedia&parent=15076"}],"wp:term":[{"taxonomy":"product_cat","embeddable":true,"href":"http:\/\/delikatesy.wineport.pl\/index.php?rest_route=%2Fwp%2Fv2%2Fproduct_cat&post=15076"},{"taxonomy":"product_tag","embeddable":true,"href":"http:\/\/delikatesy.wineport.pl\/index.php?rest_route=%2Fwp%2Fv2%2Fproduct_tag&post=15076"}],"curies":[{"name":"wp","href":"https:\/\/api.w.org\/{rel}","templated":true}]}}