{"id":15078,"date":"2024-03-14T14:11:07","date_gmt":"2024-03-14T13:11:07","guid":{"rendered":"http:\/\/delikatesy.wineport.pl\/?product=ron-barcelo-imperial-07l"},"modified":"2026-05-10T19:24:03","modified_gmt":"2026-05-10T17:24:03","slug":"ron-barcelo-imperial-07l","status":"publish","type":"product","link":"http:\/\/delikatesy.wineport.pl\/?product=ron-barcelo-imperial-07l","title":{"rendered":"Ron Barcelo Imperial 0,7L"},"content":{"rendered":"<div class=\"c-product__details c-text\" style=\"font-size: 1.4rem; font-family: Helvetica, Tahoma, sans-serif;\">\n<p><span style=\"color: #ff0000; font-size: 16px; font-family: arial, helvetica, sans-serif;\">UWAGA!!! NIE WYSY\u0141AMY ALKOHOLU W PRZYPADKU ZAM\u00d3WIE\u0143 OD OS\u00d3B PRYWATNYCH, TYLKO ODBI\u00d3R OSOBISTY NA UL. \u015aW. STANIS\u0141AWA 12 W WARSZAWIE!!! W przypadku op\u0142acenia zam\u00f3wienia alkoholu z wysy\u0142k\u0105, przy zwrocie pieni\u0119dzy zostanie potr\u0105cona prowizja\u00a0DOTPAY!<\/span><\/p>\n<p><span style=\"color: #ff0000; font-size: 16px; font-family: arial, helvetica, sans-serif;\">\u00a0<\/span><\/p>\n<p><span class=\"h-nowrap\">Kraj: Dominikana<\/span>\u00a0<span class=\"h-nowrap\">Producent:\u00a0<a href=\"https:\/\/wina-mp.pl\/producent\/ron-barcelo\">Ron Barcelo<\/a>\u00a0<\/span>\u00a0<span class=\"h-nowrap\">Poj.: 0.7<\/span>\u00a0<span class=\"h-nowrap\">Zaw. Alk. %: 38.0<\/span><\/p>\n<\/p><\/div>\n<div class=\"c-product__desc c-text c-text--lh\" style=\"font-size: 1.4rem; font-family: Helvetica, Tahoma, sans-serif;\">\n<p>Rezultat najlepszej selekcji karaibskiej trzciny cukrowej. Naj\u015bwietniejsze zasoby rumu wybrane z tego co najszlachetniejsze. Trunek koloru miedzi, o pi\u0119knym po\u0142ysku, pe\u0142en bujnych aromat\u00f3w mas\u0142a, toffi, kwiat\u00f3w i suszonych owoc\u00f3w. W Ustach \u015bwie\u017cy i aromatyczny, ze s\u0142odkimi nutami karmelu, suszonych jab\u0142ek, gruszek i korzennych przypraw. Finisz d\u0142ugi, owocowy, lekko ma\u015blany, dotkni\u0119ty odrobin\u0105 li\u015bci tytoniu i pieprzu. Znakomity i doskonale zr\u00f3wnowa\u017cony rum, o delikatnej teksturze i eleganckim, bogatym smaku. Idealnie smakuje sam, ewentualnie na lodzie.<\/p>\n<\/p><\/div>\n","protected":false},"excerpt":{"rendered":"<div class=\"c-product__details c-text\" style=\"font-size: 1.4rem; font-family: Helvetica, Tahoma, sans-serif;\">\n<p><span class=\"h-nowrap\">Kraj: Dominikana<\/span>\u00a0<span class=\"h-nowrap\">Producent:\u00a0<a href=\"https:\/\/wina-mp.pl\/producent\/ron-barcelo\">Ron Barcelo<\/a>\u00a0<\/span>\u00a0<span class=\"h-nowrap\">Poj.: 0.7<\/span>\u00a0<span class=\"h-nowrap\">Zaw. Alk. %: 38.0<\/span><\/p>\n<\/p><\/div>\n<div class=\"c-product__desc c-text c-text--lh\" style=\"font-size: 1.4rem; font-family: Helvetica, Tahoma, sans-serif;\">\n<p>Rezultat najlepszej selekcji karaibskiej trzciny cukrowej. Naj\u015bwietniejsze zasoby rumu wybrane z tego co najszlachetniejsze. Trunek koloru miedzi, o pi\u0119knym po\u0142ysku, pe\u0142en bujnych aromat\u00f3w mas\u0142a, toffi, kwiat\u00f3w i suszonych owoc\u00f3w. W Ustach \u015bwie\u017cy i aromatyczny, ze s\u0142odkimi nutami karmelu, suszonych jab\u0142ek, gruszek i korzennych przypraw. Finisz d\u0142ugi, owocowy, lekko ma\u015blany, dotkni\u0119ty odrobin\u0105 li\u015bci tytoniu i pieprzu. Znakomity i doskonale zr\u00f3wnowa\u017cony rum, o delikatnej teksturze i eleganckim, bogatym smaku. Idealnie smakuje sam, ewentualnie na lodzie.<\/p>\n<\/p><\/div>\n","protected":false},"featured_media":15077,"comment_status":"open","ping_status":"closed","template":"","meta":[],"product_cat":[142,200],"product_tag":[],"class_list":{"0":"post-15078","1":"product","2":"type-product","3":"status-publish","4":"has-post-thumbnail","6":"product_cat-alkohole-mocne","7":"product_cat-rum","9":"first","10":"instock","11":"shipping-taxable","12":"purchasable","13":"product-type-simple"},"_links":{"self":[{"href":"http:\/\/delikatesy.wineport.pl\/index.php?rest_route=\/wp\/v2\/product\/15078","targetHints":{"allow":["GET"]}}],"collection":[{"href":"http:\/\/delikatesy.wineport.pl\/index.php?rest_route=\/wp\/v2\/product"}],"about":[{"href":"http:\/\/delikatesy.wineport.pl\/index.php?rest_route=\/wp\/v2\/types\/product"}],"replies":[{"embeddable":true,"href":"http:\/\/delikatesy.wineport.pl\/index.php?rest_route=%2Fwp%2Fv2%2Fcomments&post=15078"}],"wp:featuredmedia":[{"embeddable":true,"href":"http:\/\/delikatesy.wineport.pl\/index.php?rest_route=\/wp\/v2\/media\/15077"}],"wp:attachment":[{"href":"http:\/\/delikatesy.wineport.pl\/index.php?rest_route=%2Fwp%2Fv2%2Fmedia&parent=15078"}],"wp:term":[{"taxonomy":"product_cat","embeddable":true,"href":"http:\/\/delikatesy.wineport.pl\/index.php?rest_route=%2Fwp%2Fv2%2Fproduct_cat&post=15078"},{"taxonomy":"product_tag","embeddable":true,"href":"http:\/\/delikatesy.wineport.pl\/index.php?rest_route=%2Fwp%2Fv2%2Fproduct_tag&post=15078"}],"curies":[{"name":"wp","href":"https:\/\/api.w.org\/{rel}","templated":true}]}}