{"id":15080,"date":"2024-03-14T14:11:07","date_gmt":"2024-03-14T13:11:07","guid":{"rendered":"http:\/\/delikatesy.wineport.pl\/?product=ron-barcelo-premium-blend-07l"},"modified":"2026-05-10T19:24:03","modified_gmt":"2026-05-10T17:24:03","slug":"ron-barcelo-premium-blend-07l","status":"publish","type":"product","link":"http:\/\/delikatesy.wineport.pl\/?product=ron-barcelo-premium-blend-07l","title":{"rendered":"Ron Barcelo Premium Blend 0,7L"},"content":{"rendered":"<div class=\"c-product__details c-text\" style=\"font-size: 1.4rem; font-family: Helvetica, Tahoma, sans-serif;\">\n<p><span style=\"color: #ff0000; font-size: 16px; font-family: arial, helvetica, sans-serif;\">UWAGA!!! NIE WYSY\u0141AMY ALKOHOLU W PRZYPADKU ZAM\u00d3WIE\u0143 OD OS\u00d3B PRYWATNYCH, TYLKO ODBI\u00d3R OSOBISTY NA UL. \u015aW. STANIS\u0141AWA 12 W WARSZAWIE!!! W przypadku op\u0142acenia zam\u00f3wienia alkoholu z wysy\u0142k\u0105, przy zwrocie pieni\u0119dzy zostanie potr\u0105cona prowizja\u00a0DOTPAY!<\/span><\/p>\n<p><span style=\"color: #ff0000; font-size: 16px; font-family: arial, helvetica, sans-serif;\">\u00a0<\/span><\/p>\n<p><span class=\"h-nowrap\">Kraj: Dominikana<\/span>\u00a0<span class=\"h-nowrap\">Producent:\u00a0<a href=\"https:\/\/wina-mp.pl\/producent\/ron-barcelo\">Ron Barcelo<\/a>\u00a0<\/span>\u00a0<span class=\"h-nowrap\">Poj.: 0.7<\/span>\u00a0<span class=\"h-nowrap\">Zaw. Alk. %: 43.0<\/span><\/p>\n<\/p><\/div>\n<div class=\"c-product__desc c-text c-text--lh\" style=\"font-size: 1.4rem; font-family: Helvetica, Tahoma, sans-serif;\">\n<p>Wyj\u0105tkowy rum, stworzony z okazji trzydziestej rocznicy Ron Barcelo Imperial, wyprodukowany w limitowanej ilo\u015bci 7000 butelek z najlepszych zasob\u00f3w Rumu Imperial, le\u017cakowanego w beczkach przez 10 lat. Do starzenia u\u017cyto dw\u00f3ch rodzaj\u00f3w beczek. Pocz\u0105tkowo rum dojrzewa w beczka z d\u0119bu ameryka\u0144skiego, a nast\u0119pnie z francuskiego d\u0119bu. Beczki s\u0105 w r\u00f3\u017cnym stopniu wypalane. Dzi\u0119ki temu trunek w Ustach jest wyj\u0105tkowo g\u0142adki i doskonale zr\u00f3wnowa\u017cony, z nutami wanilii i karmelu. D\u0142ugi i harmonijny finisz pozostawia w Ustach bogaty i aromatyczny posmak. Produkt nagrodzony Platynowym Medalem przez Chicago Bevereage Institute w najbardziej presti\u017cowej dla Rumu kategorii.<\/p>\n<\/p><\/div>\n","protected":false},"excerpt":{"rendered":"<div class=\"c-product__details c-text\" style=\"font-size: 1.4rem; font-family: Helvetica, Tahoma, sans-serif;\">\n<p><span class=\"h-nowrap\">Kraj: Dominikana<\/span>\u00a0<span class=\"h-nowrap\">Producent:\u00a0<a href=\"https:\/\/wina-mp.pl\/producent\/ron-barcelo\">Ron Barcelo<\/a>\u00a0<\/span>\u00a0<span class=\"h-nowrap\">Poj.: 0.7<\/span>\u00a0<span class=\"h-nowrap\">Zaw. Alk. %: 43.0<\/span><\/p>\n<\/p><\/div>\n<div class=\"c-product__desc c-text c-text--lh\" style=\"font-size: 1.4rem; font-family: Helvetica, Tahoma, sans-serif;\">\n<p>Wyj\u0105tkowy rum, stworzony z okazji trzydziestej rocznicy Ron Barcelo Imperial, wyprodukowany w limitowanej ilo\u015bci 7000 butelek z najlepszych zasob\u00f3w Rumu Imperial, le\u017cakowanego w beczkach przez 10 lat. Do starzenia u\u017cyto dw\u00f3ch rodzaj\u00f3w beczek. Pocz\u0105tkowo rum dojrzewa w beczka z d\u0119bu ameryka\u0144skiego, a nast\u0119pnie z francuskiego d\u0119bu. Beczki s\u0105 w r\u00f3\u017cnym stopniu wypalane. Dzi\u0119ki temu trunek w Ustach jest wyj\u0105tkowo g\u0142adki i doskonale zr\u00f3wnowa\u017cony, z nutami wanilii i karmelu. D\u0142ugi i harmonijny finisz pozostawia w Ustach bogaty i aromatyczny posmak. Produkt nagrodzony Platynowym Medalem przez Chicago Bevereage Institute w najbardziej presti\u017cowej dla Rumu kategorii.<\/p>\n<\/p><\/div>\n","protected":false},"featured_media":15079,"comment_status":"open","ping_status":"closed","template":"","meta":[],"product_cat":[142,200],"product_tag":[],"class_list":{"0":"post-15080","1":"product","2":"type-product","3":"status-publish","4":"has-post-thumbnail","6":"product_cat-alkohole-mocne","7":"product_cat-rum","9":"first","10":"instock","11":"shipping-taxable","12":"purchasable","13":"product-type-simple"},"_links":{"self":[{"href":"http:\/\/delikatesy.wineport.pl\/index.php?rest_route=\/wp\/v2\/product\/15080","targetHints":{"allow":["GET"]}}],"collection":[{"href":"http:\/\/delikatesy.wineport.pl\/index.php?rest_route=\/wp\/v2\/product"}],"about":[{"href":"http:\/\/delikatesy.wineport.pl\/index.php?rest_route=\/wp\/v2\/types\/product"}],"replies":[{"embeddable":true,"href":"http:\/\/delikatesy.wineport.pl\/index.php?rest_route=%2Fwp%2Fv2%2Fcomments&post=15080"}],"wp:featuredmedia":[{"embeddable":true,"href":"http:\/\/delikatesy.wineport.pl\/index.php?rest_route=\/wp\/v2\/media\/15079"}],"wp:attachment":[{"href":"http:\/\/delikatesy.wineport.pl\/index.php?rest_route=%2Fwp%2Fv2%2Fmedia&parent=15080"}],"wp:term":[{"taxonomy":"product_cat","embeddable":true,"href":"http:\/\/delikatesy.wineport.pl\/index.php?rest_route=%2Fwp%2Fv2%2Fproduct_cat&post=15080"},{"taxonomy":"product_tag","embeddable":true,"href":"http:\/\/delikatesy.wineport.pl\/index.php?rest_route=%2Fwp%2Fv2%2Fproduct_tag&post=15080"}],"curies":[{"name":"wp","href":"https:\/\/api.w.org\/{rel}","templated":true}]}}