{"id":15090,"date":"2024-03-14T14:11:09","date_gmt":"2024-03-14T13:11:09","guid":{"rendered":"http:\/\/delikatesy.wineport.pl\/?product=karukera-rhum-vieux-res-speciale-kartonik-2-szklanki"},"modified":"2026-05-10T19:51:06","modified_gmt":"2026-05-10T17:51:06","slug":"karukera-rhum-vieux-res-speciale-kartonik-2-szklanki","status":"publish","type":"product","link":"http:\/\/delikatesy.wineport.pl\/?product=karukera-rhum-vieux-res-speciale-kartonik-2-szklanki","title":{"rendered":"Karukera Rhum Vieux Res Speciale Kartonik + 2 Szklanki"},"content":{"rendered":"<div class=\"c-product__details c-text\" style=\"font-size: 1.4rem; font-family: Helvetica, Tahoma, sans-serif;\">\n<p><span class=\"h-ws-nw\">Kraj: Gwadelupa<\/span>\u00a0<span class=\"h-ws-nw\">Producent:\u00a0<a href=\"https:\/\/wina-mp.pl\/producent\/karukera\">Karukera<\/a>\u00a0<\/span>\u00a0<span class=\"h-ws-nw\">Poj.: 0.7<\/span>\u00a0<span class=\"h-ws-nw\">Zaw. Alk. %: 42.0<\/span><\/p>\n<\/p><\/div>\n<div class=\"c-product__desc c-text c-text--lh\" style=\"font-size: 1.4rem; font-family: Helvetica, Tahoma, sans-serif;\">\n<p>Znakomity rum dojrzewaj\u0105cy minimum 5 lat w beczkach po bourbonie i koniaku. Aromat jest g\u0142\u0119boki, pikantny z mocno wyczuwalnymi go\u017adzikami i pieprzem na pocz\u0105tku, nast\u0119pnie ewoluuje w stron\u0119 owoc\u00f3w, ze szczeg\u00f3lnym wskazaniem na banany. W smaku mamy powt\u00f3rk\u0119 aromat\u00f3w- przyprawy, owoce, du\u017ca oleisto\u015b\u0107 i bardzo d\u0142ugi finisz.<\/p>\n<\/p><\/div>\n","protected":false},"excerpt":{"rendered":"<div class=\"c-product__details c-text\" style=\"font-size: 1.4rem; font-family: Helvetica, Tahoma, sans-serif;\">\n<p><span class=\"h-ws-nw\">Kraj: Gwadelupa<\/span>\u00a0<span class=\"h-ws-nw\">Producent:\u00a0<a href=\"https:\/\/wina-mp.pl\/producent\/karukera\">Karukera<\/a>\u00a0<\/span>\u00a0<span class=\"h-ws-nw\">Poj.: 0.7<\/span>\u00a0<span class=\"h-ws-nw\">Zaw. Alk. %: 42.0<\/span><\/p>\n<\/p><\/div>\n<div class=\"c-product__desc c-text c-text--lh\" style=\"font-size: 1.4rem; font-family: Helvetica, Tahoma, sans-serif;\">\n<p>Znakomity rum dojrzewaj\u0105cy minimum 5 lat w beczkach po bourbonie i koniaku. Aromat jest g\u0142\u0119boki, pikantny z mocno wyczuwalnymi go\u017adzikami i pieprzem na pocz\u0105tku, nast\u0119pnie ewoluuje w stron\u0119 owoc\u00f3w, ze szczeg\u00f3lnym wskazaniem na banany. W smaku mamy powt\u00f3rk\u0119 aromat\u00f3w- przyprawy, owoce, du\u017ca oleisto\u015b\u0107 i bardzo d\u0142ugi finisz.<\/p>\n<\/p><\/div>\n","protected":false},"featured_media":16715,"comment_status":"open","ping_status":"closed","template":"","meta":[],"product_cat":[142,194],"product_tag":[],"class_list":{"0":"post-15090","1":"product","2":"type-product","3":"status-publish","4":"has-post-thumbnail","6":"product_cat-alkohole-mocne","7":"product_cat-gin","9":"first","10":"instock","11":"shipping-taxable","12":"purchasable","13":"product-type-simple"},"_links":{"self":[{"href":"http:\/\/delikatesy.wineport.pl\/index.php?rest_route=\/wp\/v2\/product\/15090","targetHints":{"allow":["GET"]}}],"collection":[{"href":"http:\/\/delikatesy.wineport.pl\/index.php?rest_route=\/wp\/v2\/product"}],"about":[{"href":"http:\/\/delikatesy.wineport.pl\/index.php?rest_route=\/wp\/v2\/types\/product"}],"replies":[{"embeddable":true,"href":"http:\/\/delikatesy.wineport.pl\/index.php?rest_route=%2Fwp%2Fv2%2Fcomments&post=15090"}],"wp:featuredmedia":[{"embeddable":true,"href":"http:\/\/delikatesy.wineport.pl\/index.php?rest_route=\/wp\/v2\/media\/16715"}],"wp:attachment":[{"href":"http:\/\/delikatesy.wineport.pl\/index.php?rest_route=%2Fwp%2Fv2%2Fmedia&parent=15090"}],"wp:term":[{"taxonomy":"product_cat","embeddable":true,"href":"http:\/\/delikatesy.wineport.pl\/index.php?rest_route=%2Fwp%2Fv2%2Fproduct_cat&post=15090"},{"taxonomy":"product_tag","embeddable":true,"href":"http:\/\/delikatesy.wineport.pl\/index.php?rest_route=%2Fwp%2Fv2%2Fproduct_tag&post=15090"}],"curies":[{"name":"wp","href":"https:\/\/api.w.org\/{rel}","templated":true}]}}