{"id":15092,"date":"2024-03-14T14:11:09","date_gmt":"2024-03-14T13:11:09","guid":{"rendered":"http:\/\/delikatesy.wineport.pl\/?product=wild-tiger-special-reserve-rum"},"modified":"2026-05-10T19:24:05","modified_gmt":"2026-05-10T17:24:05","slug":"wild-tiger-special-reserve-rum","status":"publish","type":"product","link":"http:\/\/delikatesy.wineport.pl\/?product=wild-tiger-special-reserve-rum","title":{"rendered":"Wild Tiger Special Reserve Rum"},"content":{"rendered":"<div class=\"c-product__details c-text\" style=\"font-size: 1.4rem; font-family: Helvetica, Tahoma, sans-serif;\">\n<p><span style=\"color: #ff0000; font-size: 16px; font-family: arial, helvetica, sans-serif;\">UWAGA!!! NIE WYSY\u0141AMY ALKOHOLU W PRZYPADKU ZAM\u00d3WIE\u0143 OD OS\u00d3B PRYWATNYCH, TYLKO ODBI\u00d3R OSOBISTY NA UL. \u015aW. STANIS\u0141AWA 12 W WARSZAWIE!!! W przypadku op\u0142acenia zam\u00f3wienia alkoholu z wysy\u0142k\u0105, przy zwrocie pieni\u0119dzy zostanie potr\u0105cona prowizja\u00a0DOTPAY!<\/span><\/p>\n<p><span style=\"color: #ff0000; font-size: 16px; font-family: arial, helvetica, sans-serif;\">\u00a0<\/span><\/p>\n<p><span class=\"h-nowrap\">Kraj: Indie<\/span>\u00a0<span class=\"h-nowrap\">Producent:\u00a0<a href=\"https:\/\/wina-mp.pl\/producent\/wild-tiger\">Wild Tiger<\/a>\u00a0<\/span>\u00a0<span class=\"h-nowrap\">Poj.: 0.7<\/span>\u00a0<span class=\"h-nowrap\">Zaw. Alk. %: 40.0<\/span><\/p>\n<\/p><\/div>\n<div class=\"c-product__desc c-text c-text--lh\" style=\"font-size: 1.4rem; font-family: Helvetica, Tahoma, sans-serif;\">\n<p>Rum Wild Tiger jest pierwszym, indyjskim rumem kategorii Super Premium o wyj\u0105tkowym smaku i intryguj\u0105cym opakowaniu. Zdobywa uznanie mi\u0142o\u015bnik\u00f3w rumu na ca\u0142ym \u015bwiecie i jest wyr\u00f3\u017cniany na mi\u0119dzynarodowych wystawach i konkursach. Destylat dojrzewa\u0142 w do\u015b\u0107 mocno wypalanych beczkach z ameryka\u0144skiego d\u0119bu, a nast\u0119pnie zosta\u0142 zmieszany z porcj\u0105 \u015bwie\u017cego spirytusu z trzciny cukrowej, co nada\u0142o mu unikalny aromat i wy\u015bmienity smak. Barwa jest \u015bwietli\u015bcie bursztynowa, aromat wanilii, karmelu i palonego drewna. W smaku jest g\u0142adki z akcentami melasy, migda\u0142\u00f3w i delikatnej d\u0119biny. Bardzo przyjemy, harmonijnie zbudowany z d\u0142ugim finiszem. Wild Tiger zadebiutowa\u0142 w pa\u017adzierniku 2015 roku na Festiwalu Rum\u00f3w w Londynie i od tego czasu sukcesywnie podbija kolejne rynki.<\/p>\n<\/p><\/div>\n<div id=\"js-product\" style=\"font-size: 10px; font-family: Helvetica, Tahoma, sans-serif;\">\u00a0<\/div>\n","protected":false},"excerpt":{"rendered":"<div class=\"c-product__details c-text\" style=\"font-size: 1.4rem; font-family: Helvetica, Tahoma, sans-serif;\">\n<p><span class=\"h-nowrap\">Kraj: Indie<\/span>\u00a0<span class=\"h-nowrap\">Producent:\u00a0<a href=\"https:\/\/wina-mp.pl\/producent\/wild-tiger\">Wild Tiger<\/a>\u00a0<\/span>\u00a0<span class=\"h-nowrap\">Poj.: 0.7<\/span>\u00a0<span class=\"h-nowrap\">Zaw. Alk. %: 40.0<\/span><\/p>\n<\/p><\/div>\n<div class=\"c-product__desc c-text c-text--lh\" style=\"font-size: 1.4rem; font-family: Helvetica, Tahoma, sans-serif;\">\n<p>Rum Wild Tiger jest pierwszym, indyjskim rumem kategorii Super Premium o wyj\u0105tkowym smaku i intryguj\u0105cym opakowaniu. Zdobywa uznanie mi\u0142o\u015bnik\u00f3w rumu na ca\u0142ym \u015bwiecie i jest wyr\u00f3\u017cniany na mi\u0119dzynarodowych wystawach i konkursach. Destylat dojrzewa\u0142 w do\u015b\u0107 mocno wypalanych beczkach z ameryka\u0144skiego d\u0119bu, a nast\u0119pnie zosta\u0142 zmieszany z porcj\u0105 \u015bwie\u017cego spirytusu z trzciny cukrowej, co nada\u0142o mu unikalny aromat i wy\u015bmienity smak. Barwa jest \u015bwietli\u015bcie bursztynowa, aromat wanilii, karmelu i palonego drewna. W smaku jest g\u0142adki z akcentami melasy, migda\u0142\u00f3w i delikatnej d\u0119biny. Bardzo przyjemy, harmonijnie zbudowany z d\u0142ugim finiszem. Wild Tiger zadebiutowa\u0142 w pa\u017adzierniku 2015 roku na Festiwalu Rum\u00f3w w Londynie i od tego czasu sukcesywnie podbija kolejne rynki.<\/p>\n<\/p><\/div>\n<div id=\"js-product\" style=\"font-size: 10px; font-family: Helvetica, Tahoma, sans-serif;\">\u00a0<\/div>\n","protected":false},"featured_media":15091,"comment_status":"open","ping_status":"closed","template":"","meta":[],"product_cat":[142,200],"product_tag":[],"class_list":{"0":"post-15092","1":"product","2":"type-product","3":"status-publish","4":"has-post-thumbnail","6":"product_cat-alkohole-mocne","7":"product_cat-rum","9":"first","10":"instock","11":"shipping-taxable","12":"purchasable","13":"product-type-simple"},"_links":{"self":[{"href":"http:\/\/delikatesy.wineport.pl\/index.php?rest_route=\/wp\/v2\/product\/15092","targetHints":{"allow":["GET"]}}],"collection":[{"href":"http:\/\/delikatesy.wineport.pl\/index.php?rest_route=\/wp\/v2\/product"}],"about":[{"href":"http:\/\/delikatesy.wineport.pl\/index.php?rest_route=\/wp\/v2\/types\/product"}],"replies":[{"embeddable":true,"href":"http:\/\/delikatesy.wineport.pl\/index.php?rest_route=%2Fwp%2Fv2%2Fcomments&post=15092"}],"wp:featuredmedia":[{"embeddable":true,"href":"http:\/\/delikatesy.wineport.pl\/index.php?rest_route=\/wp\/v2\/media\/15091"}],"wp:attachment":[{"href":"http:\/\/delikatesy.wineport.pl\/index.php?rest_route=%2Fwp%2Fv2%2Fmedia&parent=15092"}],"wp:term":[{"taxonomy":"product_cat","embeddable":true,"href":"http:\/\/delikatesy.wineport.pl\/index.php?rest_route=%2Fwp%2Fv2%2Fproduct_cat&post=15092"},{"taxonomy":"product_tag","embeddable":true,"href":"http:\/\/delikatesy.wineport.pl\/index.php?rest_route=%2Fwp%2Fv2%2Fproduct_tag&post=15092"}],"curies":[{"name":"wp","href":"https:\/\/api.w.org\/{rel}","templated":true}]}}