{"id":15114,"date":"2024-03-14T14:11:14","date_gmt":"2024-03-14T13:11:14","guid":{"rendered":"http:\/\/delikatesy.wineport.pl\/?product=armorik-classic"},"modified":"2026-05-10T19:24:56","modified_gmt":"2026-05-10T17:24:56","slug":"armorik-classic","status":"publish","type":"product","link":"http:\/\/delikatesy.wineport.pl\/?product=armorik-classic","title":{"rendered":"Armorik Classic"},"content":{"rendered":"<div class=\"c-product__details c-text\" style=\"font-size: 1.4rem; font-family: Helvetica, Tahoma, sans-serif;\">\n<p><span style=\"color: #ff0000; font-size: 16px; font-family: arial, helvetica, sans-serif;\">UWAGA!!! NIE WYSY\u0141AMY ALKOHOLU W PRZYPADKU ZAM\u00d3WIE\u0143 OD OS\u00d3B PRYWATNYCH, TYLKO ODBI\u00d3R OSOBISTY NA UL. \u015aW. STANIS\u0141AWA 12 W WARSZAWIE!!! W przypadku op\u0142acenia zam\u00f3wienia alkoholu z wysy\u0142k\u0105, przy zwrocie pieni\u0119dzy zostanie potr\u0105cona prowizja\u00a0DOTPAY!<\/span><\/p>\n<p><span style=\"color: #ff0000; font-size: 16px; font-family: arial, helvetica, sans-serif;\">\u00a0<\/span><\/p>\n<p><span class=\"h-nowrap\">Kraj: Francja<\/span>\u00a0<span class=\"h-nowrap\">Producent:\u00a0<a href=\"https:\/\/wina-mp.pl\/producent\/armorik-warenghem\">Armorik Warenghem<\/a>\u00a0<\/span>\u00a0<span class=\"h-nowrap\">Poj.: 0.7<\/span>\u00a0<span class=\"h-nowrap\">Zaw. Alk. %: 46.0<\/span><\/p>\n<\/p><\/div>\n<div class=\"c-product__desc c-text c-text--lh\" style=\"font-size: 1.4rem; font-family: Helvetica, Tahoma, sans-serif;\">\n<p>Klasyczny single malt bez okre\u015blenia wieku dojrzewaj\u0105cy w \u015bwie\u017cych beczkach po bourbonie by zyska\u0142 s\u0142odycz i po sherry Oloroso dla nadania owocowo\u015bci i z\u0142o\u017cono\u015bci. Aromat jest elegancki, z nutami suszonych owoc\u00f3w, orzech\u00f3w i tostowanego pieczywa. W ustach pocz\u0105tek jest mocno owocowy, a nast\u0119pnie przechodzi stopniowo w z\u0142o\u017cone nuty suszonych owoc\u00f3w, zb\u00f3\u017c i przypraw. Finisz jest pikantny, z zaskakuj\u0105cym morskim akcentem.<\/p>\n<\/p><\/div>\n","protected":false},"excerpt":{"rendered":"<div class=\"c-product__details c-text\" style=\"font-size: 1.4rem; font-family: Helvetica, Tahoma, sans-serif;\">\n<p><span class=\"h-nowrap\">Kraj: Francja<\/span>\u00a0<span class=\"h-nowrap\">Producent:\u00a0<a href=\"https:\/\/wina-mp.pl\/producent\/armorik-warenghem\">Armorik Warenghem<\/a>\u00a0<\/span>\u00a0<span class=\"h-nowrap\">Poj.: 0.7<\/span>\u00a0<span class=\"h-nowrap\">Zaw. Alk. %: 46.0<\/span><\/p>\n<\/p><\/div>\n<div class=\"c-product__desc c-text c-text--lh\" style=\"font-size: 1.4rem; font-family: Helvetica, Tahoma, sans-serif;\">\n<p>Klasyczny single malt bez okre\u015blenia wieku dojrzewaj\u0105cy w \u015bwie\u017cych beczkach po bourbonie by zyska\u0142 s\u0142odycz i po sherry Oloroso dla nadania owocowo\u015bci i z\u0142o\u017cono\u015bci. Aromat jest elegancki, z nutami suszonych owoc\u00f3w, orzech\u00f3w i tostowanego pieczywa. W ustach pocz\u0105tek jest mocno owocowy, a nast\u0119pnie przechodzi stopniowo w z\u0142o\u017cone nuty suszonych owoc\u00f3w, zb\u00f3\u017c i przypraw. Finisz jest pikantny, z zaskakuj\u0105cym morskim akcentem.<\/p>\n<\/p><\/div>\n","protected":false},"featured_media":15113,"comment_status":"open","ping_status":"closed","template":"","meta":[],"product_cat":[142,245,143],"product_tag":[],"class_list":{"0":"post-15114","1":"product","2":"type-product","3":"status-publish","4":"has-post-thumbnail","6":"product_cat-alkohole-mocne","7":"product_cat-francja-whisky","8":"product_cat-whisky","10":"first","11":"instock","12":"shipping-taxable","13":"purchasable","14":"product-type-simple"},"_links":{"self":[{"href":"http:\/\/delikatesy.wineport.pl\/index.php?rest_route=\/wp\/v2\/product\/15114","targetHints":{"allow":["GET"]}}],"collection":[{"href":"http:\/\/delikatesy.wineport.pl\/index.php?rest_route=\/wp\/v2\/product"}],"about":[{"href":"http:\/\/delikatesy.wineport.pl\/index.php?rest_route=\/wp\/v2\/types\/product"}],"replies":[{"embeddable":true,"href":"http:\/\/delikatesy.wineport.pl\/index.php?rest_route=%2Fwp%2Fv2%2Fcomments&post=15114"}],"wp:featuredmedia":[{"embeddable":true,"href":"http:\/\/delikatesy.wineport.pl\/index.php?rest_route=\/wp\/v2\/media\/15113"}],"wp:attachment":[{"href":"http:\/\/delikatesy.wineport.pl\/index.php?rest_route=%2Fwp%2Fv2%2Fmedia&parent=15114"}],"wp:term":[{"taxonomy":"product_cat","embeddable":true,"href":"http:\/\/delikatesy.wineport.pl\/index.php?rest_route=%2Fwp%2Fv2%2Fproduct_cat&post=15114"},{"taxonomy":"product_tag","embeddable":true,"href":"http:\/\/delikatesy.wineport.pl\/index.php?rest_route=%2Fwp%2Fv2%2Fproduct_tag&post=15114"}],"curies":[{"name":"wp","href":"https:\/\/api.w.org\/{rel}","templated":true}]}}