{"id":15116,"date":"2024-03-14T14:11:14","date_gmt":"2024-03-14T13:11:14","guid":{"rendered":"http:\/\/delikatesy.wineport.pl\/?product=armorik-dervenn"},"modified":"2026-05-10T19:24:56","modified_gmt":"2026-05-10T17:24:56","slug":"armorik-dervenn","status":"publish","type":"product","link":"http:\/\/delikatesy.wineport.pl\/?product=armorik-dervenn","title":{"rendered":"Armorik Dervenn"},"content":{"rendered":"<div class=\"c-product__details c-text\" style=\"font-size: 1.4rem; font-family: Helvetica, Tahoma, sans-serif;\">\n<p><span style=\"color: #ff0000; font-size: 16px; font-family: arial, helvetica, sans-serif;\">UWAGA!!! NIE WYSY\u0141AMY ALKOHOLU W PRZYPADKU ZAM\u00d3WIE\u0143 OD OS\u00d3B PRYWATNYCH, TYLKO ODBI\u00d3R OSOBISTY NA UL. \u015aW. STANIS\u0141AWA 12 W WARSZAWIE!!! W przypadku op\u0142acenia zam\u00f3wienia alkoholu z wysy\u0142k\u0105, przy zwrocie pieni\u0119dzy zostanie potr\u0105cona prowizja\u00a0DOTPAY!<\/span><\/p>\n<p><span style=\"color: #ff0000; font-size: 16px; font-family: arial, helvetica, sans-serif;\">\u00a0<\/span><\/p>\n<p><span class=\"h-nowrap\">Kraj: Francja<\/span>\u00a0<span class=\"h-nowrap\">Producent:\u00a0<a href=\"https:\/\/wina-mp.pl\/producent\/armorik-warenghem\">Armorik Warenghem<\/a>\u00a0<\/span>\u00a0<span class=\"h-nowrap\">Poj.: 0.7<\/span>\u00a0<span class=\"h-nowrap\">Zaw. Alk. %: 46.0<\/span><\/p>\n<\/p><\/div>\n<div class=\"c-product__desc c-text c-text--lh\" style=\"font-size: 1.4rem; font-family: Helvetica, Tahoma, sans-serif;\">\n<p>To jedna z najnowszych ods\u0142on destylarni Armorik. Dervenn to w breto\u0144skim dialekcie \u201ed\u0105b\u201d i ta whisky dojrzewa\u0142a 5 lata w beczkach w\u0142a\u015bnie z d\u0119bu breto\u0144skiego. To wersja bardzo limitowana, o zdecydowanie owocowym charakterze. Aromat to w\u0142a\u015bnie bogactwo dojrza\u0142ych owoc\u00f3w, z delikatnym dotkni\u0119ciem d\u0119biny, orzech\u00f3w i migda\u0142\u00f3w. W smaku bogata i intensywnie przyprawowa \u2013 mocno wyczuwalny cynamon i ga\u0142ka muszkato\u0142owa. Finisz d\u0142ugi i g\u0142adki.<\/p>\n<\/p><\/div>\n","protected":false},"excerpt":{"rendered":"<div class=\"c-product__details c-text\" style=\"font-size: 1.4rem; font-family: Helvetica, Tahoma, sans-serif;\">\n<p><span class=\"h-nowrap\">Kraj: Francja<\/span>\u00a0<span class=\"h-nowrap\">Producent:\u00a0<a href=\"https:\/\/wina-mp.pl\/producent\/armorik-warenghem\">Armorik Warenghem<\/a>\u00a0<\/span>\u00a0<span class=\"h-nowrap\">Poj.: 0.7<\/span>\u00a0<span class=\"h-nowrap\">Zaw. Alk. %: 46.0<\/span><\/p>\n<\/p><\/div>\n<div class=\"c-product__desc c-text c-text--lh\" style=\"font-size: 1.4rem; font-family: Helvetica, Tahoma, sans-serif;\">\n<p>To jedna z najnowszych ods\u0142on destylarni Armorik. Dervenn to w breto\u0144skim dialekcie \u201ed\u0105b\u201d i ta whisky dojrzewa\u0142a 5 lata w beczkach w\u0142a\u015bnie z d\u0119bu breto\u0144skiego. To wersja bardzo limitowana, o zdecydowanie owocowym charakterze. Aromat to w\u0142a\u015bnie bogactwo dojrza\u0142ych owoc\u00f3w, z delikatnym dotkni\u0119ciem d\u0119biny, orzech\u00f3w i migda\u0142\u00f3w. W smaku bogata i intensywnie przyprawowa \u2013 mocno wyczuwalny cynamon i ga\u0142ka muszkato\u0142owa. Finisz d\u0142ugi i g\u0142adki.<\/p>\n<\/p><\/div>\n","protected":false},"featured_media":15115,"comment_status":"open","ping_status":"closed","template":"","meta":[],"product_cat":[142,245,143],"product_tag":[],"class_list":{"0":"post-15116","1":"product","2":"type-product","3":"status-publish","4":"has-post-thumbnail","6":"product_cat-alkohole-mocne","7":"product_cat-francja-whisky","8":"product_cat-whisky","10":"first","11":"instock","12":"shipping-taxable","13":"purchasable","14":"product-type-simple"},"_links":{"self":[{"href":"http:\/\/delikatesy.wineport.pl\/index.php?rest_route=\/wp\/v2\/product\/15116","targetHints":{"allow":["GET"]}}],"collection":[{"href":"http:\/\/delikatesy.wineport.pl\/index.php?rest_route=\/wp\/v2\/product"}],"about":[{"href":"http:\/\/delikatesy.wineport.pl\/index.php?rest_route=\/wp\/v2\/types\/product"}],"replies":[{"embeddable":true,"href":"http:\/\/delikatesy.wineport.pl\/index.php?rest_route=%2Fwp%2Fv2%2Fcomments&post=15116"}],"wp:featuredmedia":[{"embeddable":true,"href":"http:\/\/delikatesy.wineport.pl\/index.php?rest_route=\/wp\/v2\/media\/15115"}],"wp:attachment":[{"href":"http:\/\/delikatesy.wineport.pl\/index.php?rest_route=%2Fwp%2Fv2%2Fmedia&parent=15116"}],"wp:term":[{"taxonomy":"product_cat","embeddable":true,"href":"http:\/\/delikatesy.wineport.pl\/index.php?rest_route=%2Fwp%2Fv2%2Fproduct_cat&post=15116"},{"taxonomy":"product_tag","embeddable":true,"href":"http:\/\/delikatesy.wineport.pl\/index.php?rest_route=%2Fwp%2Fv2%2Fproduct_tag&post=15116"}],"curies":[{"name":"wp","href":"https:\/\/api.w.org\/{rel}","templated":true}]}}