{"id":15126,"date":"2024-03-14T14:11:18","date_gmt":"2024-03-14T13:11:18","guid":{"rendered":"http:\/\/delikatesy.wineport.pl\/?product=blantons-gold-edition-07l"},"modified":"2026-05-10T19:24:57","modified_gmt":"2026-05-10T17:24:57","slug":"blantons-gold-edition-07l","status":"publish","type":"product","link":"http:\/\/delikatesy.wineport.pl\/?product=blantons-gold-edition-07l","title":{"rendered":"Blanton&#8217;S Gold Edition 0,7L"},"content":{"rendered":"<div class=\"c-product__details c-text\" style=\"font-size: 1.4rem; font-family: Helvetica, Tahoma, sans-serif;\">\n<p><span style=\"color: #ff0000; font-size: 16px; font-family: arial, helvetica, sans-serif;\">UWAGA!!! <\/span><\/p>\n<p><span style=\"color: #ff0000; font-size: 16px; font-family: arial, helvetica, sans-serif;\"><span>Produkt sprzedawany na zapisy. Zainteresowanych prosimy o kontakt telefoniczny:\u00a0+48 22 2925937<\/span><\/span><\/p>\n<p><span style=\"color: #ff0000; font-size: 16px; font-family: arial, helvetica, sans-serif;\">NIE WYSY\u0141AMY ALKOHOLU W PRZYPADKU ZAM\u00d3WIE\u0143 OD OS\u00d3B PRYWATNYCH, TYLKO ODBI\u00d3R OSOBISTY NA UL. \u015aW. STANIS\u0141AWA 12 W WARSZAWIE!!! W przypadku op\u0142acenia zam\u00f3wienia alkoholu z wysy\u0142k\u0105, przy zwrocie pieni\u0119dzy zostanie potr\u0105cona prowizja\u00a0DOTPAY!<\/span><\/p>\n<p><span style=\"color: #ff0000; font-size: 16px; font-family: arial, helvetica, sans-serif;\">\u00a0<\/span><\/p>\n<p><span class=\"h-nowrap\">Kraj: USA<\/span>\u00a0<span class=\"h-nowrap\">Region: Kentucky<\/span>\u00a0<span class=\"h-nowrap\">Producent:\u00a0<a href=\"https:\/\/wina-mp.pl\/producent\/blantons\">Blanton&#8217;s<\/a>\u00a0<\/span>\u00a0<span class=\"h-nowrap\">Poj.: 0.7<\/span>\u00a0<span class=\"h-nowrap\">Zaw. Alk. %: 51.5<\/span><\/p>\n<\/p><\/div>\n<div class=\"c-product__desc c-text c-text--lh\" style=\"font-size: 1.4rem; font-family: Helvetica, Tahoma, sans-serif;\">\n<p>Wersja Gold tego Single Barrel Bourbon zosta\u0142a stworzona z my\u015bl\u0105 o wymagaj\u0105cych koneserach, kt\u00f3rzy nad wyraz ceni\u0105 sobie g\u0142adko\u015b\u0107 i harmoni\u0119. Butelkowany z moc\u0105 51,5% alkoholu urzeka aromatami czekolady, \u015bmietany i rodzynek z odrobin\u0105 tytoniu. W smaku pe\u0142ny, s\u0142odki i oleisty z nutami karmelu, rodzynek w czekoladzie i go\u017adzik\u00f3w, uzupe\u0142nione pieprzem, kaw\u0105 i orzechami. Cudowny, s\u0142odko-gorzki, kakaowy finisz. Polecamy serwowa\u0107 solo, ale mo\u017ce by\u0107 u\u017cyty r\u00f3wnie\u017c do przygotowania znakomitego \u201eMint Julep\u201d &#8211; jego czekoladowe aromaty doskonale komponuj\u0105 si\u0119 z tym mi\u0119towym drinkiem.<\/p>\n<p>\u00a0<\/p>\n<p>UWAGA PRODUKTY BLANTONS S\u0104 REGLAMENTOWANE I POJAWIAJ\u0104 SIE RAZ NA KILKA MIESIECY PROSIMY NIE ZAMAWIA\u0106 BEZ WCZESNIEJSZEGO KONTAKTU TELEFONICZNEGO. PROCES ZAMAWIANIA WYGLADA TAK \u017bE OSOBY CHETNE ZAPISUJ\u0104 SIE PODAJA ILOSCI A MY POTEM TO REALIZUJEMY JAK SI\u0118 POJAWI, ILO\u015a\u0106I S\u0104 OGRANICZONE!<\/p>\n<\/p><\/div>\n","protected":false},"excerpt":{"rendered":"<div class=\"c-product__details c-text\" style=\"font-size: 1.4rem; font-family: Helvetica, Tahoma, sans-serif;\">\n<p><span class=\"h-nowrap\">Kraj: USA<\/span>\u00a0<span class=\"h-nowrap\">Region: Kentucky<\/span>\u00a0<span class=\"h-nowrap\">Producent:\u00a0<a href=\"https:\/\/wina-mp.pl\/producent\/blantons\">Blanton&#8217;s<\/a>\u00a0<\/span>\u00a0<span class=\"h-nowrap\">Poj.: 0.7<\/span>\u00a0<span class=\"h-nowrap\">Zaw. Alk. %: 51.5<\/span><\/p>\n<\/p><\/div>\n<div class=\"c-product__desc c-text c-text--lh\" style=\"font-size: 1.4rem; font-family: Helvetica, Tahoma, sans-serif;\">\n<p>Wersja Gold tego Single Barrel Bourbon zosta\u0142a stworzona z my\u015bl\u0105 o wymagaj\u0105cych koneserach, kt\u00f3rzy nad wyraz ceni\u0105 sobie g\u0142adko\u015b\u0107 i harmoni\u0119. Butelkowany z moc\u0105 51,5% alkoholu urzeka aromatami czekolady, \u015bmietany i rodzynek z odrobin\u0105 tytoniu. W smaku pe\u0142ny, s\u0142odki i oleisty z nutami karmelu, rodzynek w czekoladzie i go\u017adzik\u00f3w, uzupe\u0142nione pieprzem, kaw\u0105 i orzechami. Cudowny, s\u0142odko-gorzki, kakaowy finisz. Polecamy serwowa\u0107 solo, ale mo\u017ce by\u0107 u\u017cyty r\u00f3wnie\u017c do przygotowania znakomitego \u201eMint Julep\u201d &#8211; jego czekoladowe aromaty doskonale komponuj\u0105 si\u0119 z tym mi\u0119towym drinkiem.<\/p>\n<\/p><\/div>\n","protected":false},"featured_media":15125,"comment_status":"open","ping_status":"closed","template":"","meta":[],"product_cat":[142,144,143],"product_tag":[],"class_list":{"0":"post-15126","1":"product","2":"type-product","3":"status-publish","4":"has-post-thumbnail","6":"product_cat-alkohole-mocne","7":"product_cat-usa","8":"product_cat-whisky","10":"first","11":"instock","12":"shipping-taxable","13":"purchasable","14":"product-type-simple"},"_links":{"self":[{"href":"http:\/\/delikatesy.wineport.pl\/index.php?rest_route=\/wp\/v2\/product\/15126","targetHints":{"allow":["GET"]}}],"collection":[{"href":"http:\/\/delikatesy.wineport.pl\/index.php?rest_route=\/wp\/v2\/product"}],"about":[{"href":"http:\/\/delikatesy.wineport.pl\/index.php?rest_route=\/wp\/v2\/types\/product"}],"replies":[{"embeddable":true,"href":"http:\/\/delikatesy.wineport.pl\/index.php?rest_route=%2Fwp%2Fv2%2Fcomments&post=15126"}],"wp:featuredmedia":[{"embeddable":true,"href":"http:\/\/delikatesy.wineport.pl\/index.php?rest_route=\/wp\/v2\/media\/15125"}],"wp:attachment":[{"href":"http:\/\/delikatesy.wineport.pl\/index.php?rest_route=%2Fwp%2Fv2%2Fmedia&parent=15126"}],"wp:term":[{"taxonomy":"product_cat","embeddable":true,"href":"http:\/\/delikatesy.wineport.pl\/index.php?rest_route=%2Fwp%2Fv2%2Fproduct_cat&post=15126"},{"taxonomy":"product_tag","embeddable":true,"href":"http:\/\/delikatesy.wineport.pl\/index.php?rest_route=%2Fwp%2Fv2%2Fproduct_tag&post=15126"}],"curies":[{"name":"wp","href":"https:\/\/api.w.org\/{rel}","templated":true}]}}