{"id":15128,"date":"2024-03-14T14:11:18","date_gmt":"2024-03-14T13:11:18","guid":{"rendered":"http:\/\/delikatesy.wineport.pl\/?product=blantons-special-reserve-07l"},"modified":"2026-05-10T19:24:57","modified_gmt":"2026-05-10T17:24:57","slug":"blantons-special-reserve-07l","status":"publish","type":"product","link":"http:\/\/delikatesy.wineport.pl\/?product=blantons-special-reserve-07l","title":{"rendered":"Blanton&#8217;S Special Reserve 0,7L"},"content":{"rendered":"<div class=\"c-product__details c-text\" style=\"font-size: 1.4rem; font-family: Helvetica, Tahoma, sans-serif;\">\n<p><span style=\"color: #ff0000; font-size: 16px; font-family: arial, helvetica, sans-serif;\">UWAGA!!! NIE WYSY\u0141AMY ALKOHOLU W PRZYPADKU ZAM\u00d3WIE\u0143 OD OS\u00d3B PRYWATNYCH, TYLKO ODBI\u00d3R OSOBISTY NA UL. \u015aW. STANIS\u0141AWA 12 W WARSZAWIE!!! W przypadku op\u0142acenia zam\u00f3wienia alkoholu z wysy\u0142k\u0105, przy zwrocie pieni\u0119dzy zostanie potr\u0105cona prowizja\u00a0DOTPAY!<\/span><\/p>\n<p><span style=\"color: #ff0000; font-size: 16px; font-family: arial, helvetica, sans-serif;\">\u00a0<\/span><\/p>\n<p><span class=\"h-nowrap\">Kraj: USA<\/span>\u00a0<span class=\"h-nowrap\">Region: Kentucky<\/span>\u00a0<span class=\"h-nowrap\">Producent:\u00a0<a href=\"https:\/\/wina-mp.pl\/producent\/blantons\">Blanton&#8217;s<\/a>\u00a0<\/span>\u00a0<span class=\"h-nowrap\">Poj.: 0.7<\/span>\u00a0<span class=\"h-nowrap\">Zaw. Alk. %: 40.0<\/span><\/p>\n<\/p><\/div>\n<div class=\"c-product__desc c-text c-text--lh\" style=\"font-size: 1.4rem; font-family: Helvetica, Tahoma, sans-serif;\">\n<p>Podstawowa linia bourbonu Blanton\u2019s idealna dla wszystkich, kt\u00f3rzy dopiero zaczynaj\u0105 swoj\u0105 przygod\u0119 z Single Barrel Bourbon. Le\u017cakuje \u015brednio ok. 6 lat i jest butelkowany z jednej wybranej beczki z moc\u0105 40%. Whisky z ka\u017cdej beczki jest pr\u00f3bowana przez grup\u0119 ekspert\u00f3w i tylko najlepsze s\u0105 przeznaczane do zabutelkowania. Ka\u017cda butelka jest r\u0119cznie nape\u0142niana, lakowana i opisywana. Trunek o barwie jasnego bursztynu i bogatym aromacie z przewag\u0105 nut kwiatowych z odrobin\u0105 wanilii, moreli i przypraw. W smaku akcenty palonego cukru, cynamonu, wanilii, orzech\u00f3w i owoc\u00f3w cytrusowych ze s\u0142odkim, rodzynkowym finiszem. Sugerowany spos\u00f3b podawania: na lodzie lub w drinkach z likierami na bazie owoc\u00f3w.<\/p>\n<\/p><\/div>\n","protected":false},"excerpt":{"rendered":"<div class=\"c-product__details c-text\" style=\"font-size: 1.4rem; font-family: Helvetica, Tahoma, sans-serif;\">\n<p><span class=\"h-nowrap\">Kraj: USA<\/span>\u00a0<span class=\"h-nowrap\">Region: Kentucky<\/span>\u00a0<span class=\"h-nowrap\">Producent:\u00a0<a href=\"https:\/\/wina-mp.pl\/producent\/blantons\">Blanton&#8217;s<\/a>\u00a0<\/span>\u00a0<span class=\"h-nowrap\">Poj.: 0.7<\/span>\u00a0<span class=\"h-nowrap\">Zaw. Alk. %: 40.0<\/span><\/p>\n<\/p><\/div>\n<div class=\"c-product__desc c-text c-text--lh\" style=\"font-size: 1.4rem; font-family: Helvetica, Tahoma, sans-serif;\">\n<p>Podstawowa linia bourbonu Blanton\u2019s idealna dla wszystkich, kt\u00f3rzy dopiero zaczynaj\u0105 swoj\u0105 przygod\u0119 z Single Barrel Bourbon. Le\u017cakuje \u015brednio ok. 6 lat i jest butelkowany z jednej wybranej beczki z moc\u0105 40%. Whisky z ka\u017cdej beczki jest pr\u00f3bowana przez grup\u0119 ekspert\u00f3w i tylko najlepsze s\u0105 przeznaczane do zabutelkowania. Ka\u017cda butelka jest r\u0119cznie nape\u0142niana, lakowana i opisywana. Trunek o barwie jasnego bursztynu i bogatym aromacie z przewag\u0105 nut kwiatowych z odrobin\u0105 wanilii, moreli i przypraw. W smaku akcenty palonego cukru, cynamonu, wanilii, orzech\u00f3w i owoc\u00f3w cytrusowych ze s\u0142odkim, rodzynkowym finiszem. Sugerowany spos\u00f3b podawania: na lodzie lub w drinkach z likierami na bazie owoc\u00f3w.<\/p>\n<\/p><\/div>\n","protected":false},"featured_media":15127,"comment_status":"open","ping_status":"closed","template":"","meta":[],"product_cat":[142,144,143],"product_tag":[],"class_list":{"0":"post-15128","1":"product","2":"type-product","3":"status-publish","4":"has-post-thumbnail","6":"product_cat-alkohole-mocne","7":"product_cat-usa","8":"product_cat-whisky","10":"first","11":"instock","12":"shipping-taxable","13":"purchasable","14":"product-type-simple"},"_links":{"self":[{"href":"http:\/\/delikatesy.wineport.pl\/index.php?rest_route=\/wp\/v2\/product\/15128","targetHints":{"allow":["GET"]}}],"collection":[{"href":"http:\/\/delikatesy.wineport.pl\/index.php?rest_route=\/wp\/v2\/product"}],"about":[{"href":"http:\/\/delikatesy.wineport.pl\/index.php?rest_route=\/wp\/v2\/types\/product"}],"replies":[{"embeddable":true,"href":"http:\/\/delikatesy.wineport.pl\/index.php?rest_route=%2Fwp%2Fv2%2Fcomments&post=15128"}],"wp:featuredmedia":[{"embeddable":true,"href":"http:\/\/delikatesy.wineport.pl\/index.php?rest_route=\/wp\/v2\/media\/15127"}],"wp:attachment":[{"href":"http:\/\/delikatesy.wineport.pl\/index.php?rest_route=%2Fwp%2Fv2%2Fmedia&parent=15128"}],"wp:term":[{"taxonomy":"product_cat","embeddable":true,"href":"http:\/\/delikatesy.wineport.pl\/index.php?rest_route=%2Fwp%2Fv2%2Fproduct_cat&post=15128"},{"taxonomy":"product_tag","embeddable":true,"href":"http:\/\/delikatesy.wineport.pl\/index.php?rest_route=%2Fwp%2Fv2%2Fproduct_tag&post=15128"}],"curies":[{"name":"wp","href":"https:\/\/api.w.org\/{rel}","templated":true}]}}