{"id":15134,"date":"2024-03-14T14:11:19","date_gmt":"2024-03-14T13:11:19","guid":{"rendered":"http:\/\/delikatesy.wineport.pl\/?product=alma-azteca-blanco-tequila-075l"},"modified":"2026-05-10T19:24:57","modified_gmt":"2026-05-10T17:24:57","slug":"alma-azteca-blanco-tequila-075l","status":"publish","type":"product","link":"http:\/\/delikatesy.wineport.pl\/?product=alma-azteca-blanco-tequila-075l","title":{"rendered":"Alma Azteca Blanco Tequila 0,75L"},"content":{"rendered":"<div class=\"c-product__details c-text\" style=\"font-size: 1.4rem; font-family: Helvetica, Tahoma, sans-serif;\">\n<p><span style=\"color: #ff0000; font-size: 16px; font-family: arial, helvetica, sans-serif;\">UWAGA!!! NIE WYSY\u0141AMY ALKOHOLU W PRZYPADKU ZAM\u00d3WIE\u0143 OD OS\u00d3B PRYWATNYCH, TYLKO ODBI\u00d3R OSOBISTY NA UL. \u015aW. STANIS\u0141AWA 12 W WARSZAWIE!!! W przypadku op\u0142acenia zam\u00f3wienia alkoholu z wysy\u0142k\u0105, przy zwrocie pieni\u0119dzy zostanie potr\u0105cona prowizja\u00a0DOTPAY!<\/span><\/p>\n<p><span style=\"color: #ff0000; font-size: 16px; font-family: arial, helvetica, sans-serif;\">\u00a0<\/span><\/p>\n<p>Apelacja: Consejo Regulador\u00a0<span class=\"h-nowrap\">Kraj: Meksyk<\/span>\u00a0<span class=\"h-nowrap\">Producent:\u00a0<a href=\"https:\/\/wina-mp.pl\/producent\/tequilera-el-triangulo\">Tequilera El Triangulo<\/a>\u00a0<\/span>\u00a0<span class=\"h-nowrap\">Poj.: 0.75<\/span>\u00a0<span class=\"h-nowrap\">Zaw. Alk. %: 35.0<\/span><\/p>\n<\/p><\/div>\n<div class=\"c-product__desc c-text c-text--lh\" style=\"font-size: 1.4rem; font-family: Helvetica, Tahoma, sans-serif;\">\n<p>Tequila z destylarni TEQUILERA EL TRIANGULO powstaje z wyselekcjonowanych, dojrza\u0142ych (minimum 6 lat) ro\u015blin najlepszej &#8211; najs\u0142odszej odmiany AGAVA WEBER. Tequila Alma Blanco jest trunkiem niebeczkowanym i powsta\u0142a z agawy (80%) i trzciny cukrowej (20%).<\/p>\n<\/p><\/div>\n","protected":false},"excerpt":{"rendered":"<div class=\"c-product__details c-text\" style=\"font-size: 1.4rem; font-family: Helvetica, Tahoma, sans-serif;\">\n<p>Apelacja: Consejo Regulador\u00a0<span class=\"h-nowrap\">Kraj: Meksyk<\/span>\u00a0<span class=\"h-nowrap\">Producent:\u00a0<a href=\"https:\/\/wina-mp.pl\/producent\/tequilera-el-triangulo\">Tequilera El Triangulo<\/a>\u00a0<\/span>\u00a0<span class=\"h-nowrap\">Poj.: 0.75<\/span>\u00a0<span class=\"h-nowrap\">Zaw. Alk. %: 35.0<\/span><\/p>\n<\/p><\/div>\n<div class=\"c-product__desc c-text c-text--lh\" style=\"font-size: 1.4rem; font-family: Helvetica, Tahoma, sans-serif;\">\n<p>Tequila z destylarni TEQUILERA EL TRIANGULO powstaje z wyselekcjonowanych, dojrza\u0142ych (minimum 6 lat) ro\u015blin najlepszej &#8211; najs\u0142odszej odmiany AGAVA WEBER. Tequila Alma Blanco jest trunkiem niebeczkowanym i powsta\u0142a z agawy (80%) i trzciny cukrowej (20%).<\/p>\n<\/p><\/div>\n","protected":false},"featured_media":15133,"comment_status":"open","ping_status":"closed","template":"","meta":[],"product_cat":[142,195],"product_tag":[],"class_list":{"0":"post-15134","1":"product","2":"type-product","3":"status-publish","4":"has-post-thumbnail","6":"product_cat-alkohole-mocne","7":"product_cat-tequila","9":"first","10":"instock","11":"shipping-taxable","12":"purchasable","13":"product-type-simple"},"_links":{"self":[{"href":"http:\/\/delikatesy.wineport.pl\/index.php?rest_route=\/wp\/v2\/product\/15134","targetHints":{"allow":["GET"]}}],"collection":[{"href":"http:\/\/delikatesy.wineport.pl\/index.php?rest_route=\/wp\/v2\/product"}],"about":[{"href":"http:\/\/delikatesy.wineport.pl\/index.php?rest_route=\/wp\/v2\/types\/product"}],"replies":[{"embeddable":true,"href":"http:\/\/delikatesy.wineport.pl\/index.php?rest_route=%2Fwp%2Fv2%2Fcomments&post=15134"}],"wp:featuredmedia":[{"embeddable":true,"href":"http:\/\/delikatesy.wineport.pl\/index.php?rest_route=\/wp\/v2\/media\/15133"}],"wp:attachment":[{"href":"http:\/\/delikatesy.wineport.pl\/index.php?rest_route=%2Fwp%2Fv2%2Fmedia&parent=15134"}],"wp:term":[{"taxonomy":"product_cat","embeddable":true,"href":"http:\/\/delikatesy.wineport.pl\/index.php?rest_route=%2Fwp%2Fv2%2Fproduct_cat&post=15134"},{"taxonomy":"product_tag","embeddable":true,"href":"http:\/\/delikatesy.wineport.pl\/index.php?rest_route=%2Fwp%2Fv2%2Fproduct_tag&post=15134"}],"curies":[{"name":"wp","href":"https:\/\/api.w.org\/{rel}","templated":true}]}}