{"id":15140,"date":"2024-03-14T14:11:20","date_gmt":"2024-03-14T13:11:20","guid":{"rendered":"http:\/\/delikatesy.wineport.pl\/?product=amatitlan-azteca-anejo"},"modified":"2026-05-10T19:24:58","modified_gmt":"2026-05-10T17:24:58","slug":"amatitlan-azteca-anejo","status":"publish","type":"product","link":"http:\/\/delikatesy.wineport.pl\/?product=amatitlan-azteca-anejo","title":{"rendered":"Amatitlan Azteca Anejo"},"content":{"rendered":"<div class=\"c-product__details c-text\" style=\"font-size: 1.4rem; font-family: Helvetica, Tahoma, sans-serif;\">\n<p><span style=\"color: #ff0000; font-size: 16px; font-family: arial, helvetica, sans-serif;\">UWAGA!!! NIE WYSY\u0141AMY ALKOHOLU W PRZYPADKU ZAM\u00d3WIE\u0143 OD OS\u00d3B PRYWATNYCH, TYLKO ODBI\u00d3R OSOBISTY NA UL. \u015aW. STANIS\u0141AWA 12 W WARSZAWIE!!! W przypadku op\u0142acenia zam\u00f3wienia alkoholu z wysy\u0142k\u0105, przy zwrocie pieni\u0119dzy zostanie potr\u0105cona prowizja\u00a0DOTPAY!<\/span><\/p>\n<p><span style=\"color: #ff0000; font-size: 16px; font-family: arial, helvetica, sans-serif;\">\u00a0<\/span><\/p>\n<p>Apelacja: Consejo Regulador\u00a0<span class=\"h-nowrap\">Kraj: Meksyk<\/span>\u00a0<span class=\"h-nowrap\">Producent:\u00a0<a href=\"https:\/\/wina-mp.pl\/producent\/tequilera-el-triangulo\">Tequilera El Triangulo<\/a>\u00a0<\/span>\u00a0<span class=\"h-nowrap\">Poj.: 0.75<\/span>\u00a0<span class=\"h-nowrap\">Zaw. Alk. %: 40.0<\/span><\/p>\n<\/p><\/div>\n<div class=\"c-product__desc c-text c-text--lh\" style=\"font-size: 1.4rem; font-family: Helvetica, Tahoma, sans-serif;\">\n<p>D\u0142ugo (18 miesi\u0119cy) starzona tequila w pi\u0119knym i intensywnym z\u0142otym kolorze. Harmonijne aromaty tworz\u0105 bardzo \u0142agodn\u0105, s\u0142odkaw\u0105, a jednocze\u015bnie \u015bwie\u017c\u0105 kompozycj\u0119, kt\u00f3r\u0105 dope\u0142niaj\u0105 aromaty pochodz\u0105ce z d\u0119biny, takie jak wanilia i orzechy laskowe. W smaku bardzo intensywna, z lekkimi akcentami cytrus\u00f3w i szkockiego mas\u0142a. Mocny, unikalny finisz.<\/p>\n<\/p><\/div>\n","protected":false},"excerpt":{"rendered":"<div class=\"c-product__details c-text\" style=\"font-size: 1.4rem; font-family: Helvetica, Tahoma, sans-serif;\">\n<p>Apelacja: Consejo Regulador\u00a0<span class=\"h-nowrap\">Kraj: Meksyk<\/span>\u00a0<span class=\"h-nowrap\">Producent:\u00a0<a href=\"https:\/\/wina-mp.pl\/producent\/tequilera-el-triangulo\">Tequilera El Triangulo<\/a>\u00a0<\/span>\u00a0<span class=\"h-nowrap\">Poj.: 0.75<\/span>\u00a0<span class=\"h-nowrap\">Zaw. Alk. %: 40.0<\/span><\/p>\n<\/p><\/div>\n<div class=\"c-product__desc c-text c-text--lh\" style=\"font-size: 1.4rem; font-family: Helvetica, Tahoma, sans-serif;\">\n<p>D\u0142ugo (18 miesi\u0119cy) starzona tequila w pi\u0119knym i intensywnym z\u0142otym kolorze. Harmonijne aromaty tworz\u0105 bardzo \u0142agodn\u0105, s\u0142odkaw\u0105, a jednocze\u015bnie \u015bwie\u017c\u0105 kompozycj\u0119, kt\u00f3r\u0105 dope\u0142niaj\u0105 aromaty pochodz\u0105ce z d\u0119biny, takie jak wanilia i orzechy laskowe. W smaku bardzo intensywna, z lekkimi akcentami cytrus\u00f3w i szkockiego mas\u0142a. Mocny, unikalny finisz.<\/p>\n<\/p><\/div>\n","protected":false},"featured_media":15139,"comment_status":"open","ping_status":"closed","template":"","meta":[],"product_cat":[142,195],"product_tag":[],"class_list":{"0":"post-15140","1":"product","2":"type-product","3":"status-publish","4":"has-post-thumbnail","6":"product_cat-alkohole-mocne","7":"product_cat-tequila","9":"first","10":"instock","11":"shipping-taxable","12":"purchasable","13":"product-type-simple"},"_links":{"self":[{"href":"http:\/\/delikatesy.wineport.pl\/index.php?rest_route=\/wp\/v2\/product\/15140","targetHints":{"allow":["GET"]}}],"collection":[{"href":"http:\/\/delikatesy.wineport.pl\/index.php?rest_route=\/wp\/v2\/product"}],"about":[{"href":"http:\/\/delikatesy.wineport.pl\/index.php?rest_route=\/wp\/v2\/types\/product"}],"replies":[{"embeddable":true,"href":"http:\/\/delikatesy.wineport.pl\/index.php?rest_route=%2Fwp%2Fv2%2Fcomments&post=15140"}],"wp:featuredmedia":[{"embeddable":true,"href":"http:\/\/delikatesy.wineport.pl\/index.php?rest_route=\/wp\/v2\/media\/15139"}],"wp:attachment":[{"href":"http:\/\/delikatesy.wineport.pl\/index.php?rest_route=%2Fwp%2Fv2%2Fmedia&parent=15140"}],"wp:term":[{"taxonomy":"product_cat","embeddable":true,"href":"http:\/\/delikatesy.wineport.pl\/index.php?rest_route=%2Fwp%2Fv2%2Fproduct_cat&post=15140"},{"taxonomy":"product_tag","embeddable":true,"href":"http:\/\/delikatesy.wineport.pl\/index.php?rest_route=%2Fwp%2Fv2%2Fproduct_tag&post=15140"}],"curies":[{"name":"wp","href":"https:\/\/api.w.org\/{rel}","templated":true}]}}